{"id":28168,"date":"2018-09-04T23:55:53","date_gmt":"2018-09-04T21:55:53","guid":{"rendered":"https:\/\/serviclean.be\/produit\/wc-buerstengarnitur-aus-edelstahl-zur-wandmontage\/"},"modified":"2018-09-04T23:55:53","modified_gmt":"2018-09-04T21:55:53","slug":"wc-buerstengarnitur-aus-edelstahl-zur-wandmontage","status":"publish","type":"product","link":"https:\/\/serviclean.be\/de\/produit\/wc-buerstengarnitur-aus-edelstahl-zur-wandmontage\/","title":{"rendered":"WC-B\u00fcrstengarnitur aus Edelstahl zur Wandmontage"},"content":{"rendered":"<p>Der B\u00fcrstenhalter ist mit einer Anti-Rutsch-Beschichtung versehen, damit er stabil steht, falls eine Wandmontage nicht m\u00f6glich ist.<\/p>\n","protected":false},"excerpt":{"rendered":"<p>WC-B\u00fcrstengarnitur aus hochwertigem Edelstahl. Ausgestattet mit einer speziellen Halterung zur einfachen Wandmontage. <\/p>\n<p><strong><span style=\"color: #008000;\">Ref: 0380<\/span><\/strong><\/p>\n","protected":false},"featured_media":28169,"template":"","meta":[],"product_brand":[],"product_cat":[614],"product_tag":[],"class_list":{"0":"post-28168","1":"product","2":"type-product","3":"status-publish","4":"has-post-thumbnail","6":"product_cat-sanitarprodukte","8":"first","9":"instock","10":"taxable","11":"shipping-taxable","12":"purchasable","13":"product-type-simple"},"acf":[],"_links":{"self":[{"href":"https:\/\/serviclean.be\/de\/wp-json\/wp\/v2\/product\/28168","targetHints":{"allow":["GET"]}}],"collection":[{"href":"https:\/\/serviclean.be\/de\/wp-json\/wp\/v2\/product"}],"about":[{"href":"https:\/\/serviclean.be\/de\/wp-json\/wp\/v2\/types\/product"}],"wp:featuredmedia":[{"embeddable":true,"href":"https:\/\/serviclean.be\/de\/wp-json\/wp\/v2\/media\/28169"}],"wp:attachment":[{"href":"https:\/\/serviclean.be\/de\/wp-json\/wp\/v2\/media?parent=28168"}],"wp:term":[{"taxonomy":"product_brand","embeddable":true,"href":"https:\/\/serviclean.be\/de\/wp-json\/wp\/v2\/product_brand?post=28168"},{"taxonomy":"product_cat","embeddable":true,"href":"https:\/\/serviclean.be\/de\/wp-json\/wp\/v2\/product_cat?post=28168"},{"taxonomy":"product_tag","embeddable":true,"href":"https:\/\/serviclean.be\/de\/wp-json\/wp\/v2\/product_tag?post=28168"}],"curies":[{"name":"wp","href":"https:\/\/api.w.org\/{rel}","templated":true}]}}