{"id":28147,"date":"2018-09-04T23:55:44","date_gmt":"2018-09-04T21:55:44","guid":{"rendered":"https:\/\/serviclean.be\/produit\/rote-cocktailservietten-25x25-cm\/"},"modified":"2018-09-04T23:55:44","modified_gmt":"2018-09-04T21:55:44","slug":"rote-cocktailservietten-25x25-cm","status":"publish","type":"product","link":"https:\/\/serviclean.be\/de\/produit\/rote-cocktailservietten-25x25-cm\/","title":{"rendered":"Rote Cocktailservietten, 25&#215;25 cm"},"content":{"rendered":"<p>Diese Servietten sind in einer breiten Farbpalette erh\u00e4ltlich, passend zu unseren weiteren farbigen Produktreihen. Leicht zu falten und in zwei Gr\u00f6\u00dfen verf\u00fcgbar, passen sie zu all Ihren Mahlzeiten, Cocktails, Kaffeepausen oder Brunches. <\/p>\n<h4><strong>FORMAT(E)<\/strong><\/h4>\n<ul class=\"items-list\">\n<li>25&#215;25 cm<\/li>\n<li>38&#215;38 cm<\/li>\n<\/ul>\n<p><strong>St\u00e4rke:<\/strong><\/p>\n<p>2-lagig.<\/p>\n<p><strong>Materialien: <\/strong><\/p>\n<p>Reine mikrogepr\u00e4gte Zellstoffwatte \u2013 FSC-zertifiziert<\/p>\n","protected":false},"excerpt":{"rendered":"<p>Rote Cocktailservietten aus mikrogepr\u00e4gter Zellstoffwatte. 1\/4-Falz (25&#215;25 cm) <\/p>\n<p>Verkauf in einem Karton mit 18&#215;50 St\u00fcck.<\/p>\n<p><strong><span style=\"color: #008000;\">Art.-Nr.: 5507<\/span><\/strong><\/p>\n","protected":false},"featured_media":28150,"template":"","meta":[],"product_brand":[],"product_cat":[601],"product_tag":[],"class_list":{"0":"post-28147","1":"product","2":"type-product","3":"status-publish","4":"has-post-thumbnail","6":"product_cat-tischservietten","8":"first","9":"instock","10":"taxable","11":"shipping-taxable","12":"purchasable","13":"product-type-simple"},"acf":[],"_links":{"self":[{"href":"https:\/\/serviclean.be\/de\/wp-json\/wp\/v2\/product\/28147","targetHints":{"allow":["GET"]}}],"collection":[{"href":"https:\/\/serviclean.be\/de\/wp-json\/wp\/v2\/product"}],"about":[{"href":"https:\/\/serviclean.be\/de\/wp-json\/wp\/v2\/types\/product"}],"wp:featuredmedia":[{"embeddable":true,"href":"https:\/\/serviclean.be\/de\/wp-json\/wp\/v2\/media\/28150"}],"wp:attachment":[{"href":"https:\/\/serviclean.be\/de\/wp-json\/wp\/v2\/media?parent=28147"}],"wp:term":[{"taxonomy":"product_brand","embeddable":true,"href":"https:\/\/serviclean.be\/de\/wp-json\/wp\/v2\/product_brand?post=28147"},{"taxonomy":"product_cat","embeddable":true,"href":"https:\/\/serviclean.be\/de\/wp-json\/wp\/v2\/product_cat?post=28147"},{"taxonomy":"product_tag","embeddable":true,"href":"https:\/\/serviclean.be\/de\/wp-json\/wp\/v2\/product_tag?post=28147"}],"curies":[{"name":"wp","href":"https:\/\/api.w.org\/{rel}","templated":true}]}}