{"id":28131,"date":"2018-09-04T23:55:51","date_gmt":"2018-09-04T21:55:51","guid":{"rendered":"https:\/\/serviclean.be\/produit\/clean-lav-5-l-10-l-20-l-fluessiges-geschirrspuelmittel\/"},"modified":"2018-09-04T23:55:51","modified_gmt":"2018-09-04T21:55:51","slug":"clean-lav-5-l-10-l-20-l-fluessiges-geschirrspuelmittel","status":"publish","type":"product","link":"https:\/\/serviclean.be\/de\/produit\/clean-lav-5-l-10-l-20-l-fluessiges-geschirrspuelmittel\/","title":{"rendered":"Clean Lav 5 L\/10 L\/20 L Fl\u00fcssiges Geschirrsp\u00fclmittel"},"content":{"rendered":"<p>Clean Lav wurde speziell entwickelt, um den strengsten Anforderungen von Fachleuten im Bereich der Lebensmittelhygiene gerecht zu werden, und ersetzt alle sch\u00e4dlichen und oft ineffektiven Pulver.<br \/>\nEs ist wirksam und garantiert die perfekte Sauberkeit des gesamten Geschirrs in der Maschine. Sein sehr hoher Gehalt an Wirkstoffen erm\u00f6glicht es, alle Fette, \u00d6le, Kaffee-, Tee- und Lippenstiftspuren sowie andere Verschmutzungen von Tellern, Gl\u00e4sern, Tassen, Besteck und Geschirr sofort aufzul\u00f6sen. <\/p>\n<p>Sicher in der Anwendung, tr\u00e4gt es dank seiner entkalkenden Eigenschaften zur Langlebigkeit des Geschirrsp\u00fclers bei, indem es die Bildung von Kalk und Ablagerungen verhindert.<\/p>\n<h3>Anwendungsbereich<\/h3>\n<p>Kompatibel mit alkalibest\u00e4ndigem Geschirr (Porzellan, Kunststoff, Glas, Edelstahl, \u2026) kann es in jeder Industriemaschine und bei jeder Wasserh\u00e4rte eingesetzt werden. Nicht auf Leichtmetallen wie Aluminium verwenden. <\/p>\n<h3>Zusammensetzung<\/h3>\n<p>Aussehen: Fl\u00fcssig<br \/>\nPH-Wert: 13,3<br \/>\nDichte (20\u00b0C): 1,4300 kg\/l<br \/>\nDampfdruck \/20\u00b0C: 2332 Pa<\/p>\n","protected":false},"excerpt":{"rendered":"<p>Clean Lav ist ein hochleistungsf\u00e4higes fl\u00fcssiges Reinigungsmittel, das speziell f\u00fcr Geschirrsp\u00fcler entwickelt wurde und in den Formaten 5 L, 10 L und 20 L erh\u00e4ltlich ist. Dieses Geschirrsp\u00fclmittel enth\u00e4lt weder Chlor noch Phosphate und gew\u00e4hrleistet so eine effektive Reinigung bei gleichzeitiger Schonung der Umwelt. Ideal f\u00fcr die Verwendung mit weichem bis mittelhartem Wasser, sorgt dieses fl\u00fcssige Geschirrsp\u00fclmittel f\u00fcr strahlenden Glanz Ihres Geschirrs. Seine konzentrierte Formel erm\u00f6glicht eine sparsame Anwendung bei maximalen Waschergebnissen.   <\/p>\n<p><strong><span style=\"color: #008000;\">Art.-Nr. : 0565, 0563, 0564<\/span><\/strong><\/p>\n<h3 class=\"kor-tabset-content-contents long-description\" data-dynamic-block-name=\"ProductTabs-Description\" data-dynamic-block-id=\"PRODUCTTABS-DESCRIPTION\"><\/h3>\n","protected":false},"featured_media":28134,"template":"","meta":[],"product_brand":[],"product_cat":[642,573],"product_tag":[582],"class_list":{"0":"post-28131","1":"product","2":"type-product","3":"status-publish","4":"has-post-thumbnail","6":"product_cat-geschirrspulmaschinen-professionell","7":"product_cat-kuchenhygiene","8":"product_tag-servi-clean","10":"first","11":"instock","12":"taxable","13":"shipping-taxable","14":"purchasable","15":"product-type-variable"},"acf":[],"_links":{"self":[{"href":"https:\/\/serviclean.be\/de\/wp-json\/wp\/v2\/product\/28131","targetHints":{"allow":["GET"]}}],"collection":[{"href":"https:\/\/serviclean.be\/de\/wp-json\/wp\/v2\/product"}],"about":[{"href":"https:\/\/serviclean.be\/de\/wp-json\/wp\/v2\/types\/product"}],"wp:featuredmedia":[{"embeddable":true,"href":"https:\/\/serviclean.be\/de\/wp-json\/wp\/v2\/media\/28134"}],"wp:attachment":[{"href":"https:\/\/serviclean.be\/de\/wp-json\/wp\/v2\/media?parent=28131"}],"wp:term":[{"taxonomy":"product_brand","embeddable":true,"href":"https:\/\/serviclean.be\/de\/wp-json\/wp\/v2\/product_brand?post=28131"},{"taxonomy":"product_cat","embeddable":true,"href":"https:\/\/serviclean.be\/de\/wp-json\/wp\/v2\/product_cat?post=28131"},{"taxonomy":"product_tag","embeddable":true,"href":"https:\/\/serviclean.be\/de\/wp-json\/wp\/v2\/product_tag?post=28131"}],"curies":[{"name":"wp","href":"https:\/\/api.w.org\/{rel}","templated":true}]}}