{"id":28067,"date":"2022-10-02T15:11:25","date_gmt":"2022-10-02T13:11:25","guid":{"rendered":"https:\/\/serviclean.be\/produit\/poltech-power-spray-ultrastarker-multi-zweck-reiniger-fleckenentferner-750-ml\/"},"modified":"2022-10-02T15:11:25","modified_gmt":"2022-10-02T13:11:25","slug":"poltech-power-spray-ultrastarker-multi-zweck-reiniger-fleckenentferner-750-ml","status":"publish","type":"product","link":"https:\/\/serviclean.be\/de\/produit\/poltech-power-spray-ultrastarker-multi-zweck-reiniger-fleckenentferner-750-ml\/","title":{"rendered":"POLTECH POWER SPRAY \u2013 ULTRASTARKER MULTI-ZWECK-REINIGER  FLECKENENTFERNER 750 ml"},"content":{"rendered":"<p>Gebrauchsfertig. Auf die zu reinigenden Oberfl\u00e4chen spr\u00fchen. Bei Bedarf die Oberfl\u00e4chen mit einem Schwamm scheuern. Bei hartn\u00e4ckigen Flecken einige Minuten einwirken lassen. Mit einem Mikrofasertuch abwischen.   <\/p>\n","protected":false},"excerpt":{"rendered":"<p>Entfernt schnell und ohne Reiben selbst hartn\u00e4ckigste Flecken von abwaschbaren Oberfl\u00e4chen, ohne Spuren zu hinterlassen.<br \/>\nEntfernt Filzstift, Graffiti-Filzstift, Kleber, Haftmittel, Nikotin, Lippenstift, Absatzspuren sowie mineralische<br \/>\nund pflanzliche Fette. Einsetzbar im Dienstleistungssektor, in \u00f6ffentlichen Einrichtungen und in der Industrie. Produkt f\u00fcr den Lebensmittelkontakt geeignet.<br \/>\n<span style=\"color: #008000;\"><strong>Ref.: 0005<\/strong><\/span><\/p>\n","protected":false},"featured_media":28073,"template":"","meta":[],"product_brand":[],"product_cat":[578,650],"product_tag":[674],"class_list":{"0":"post-28067","1":"product","2":"type-product","3":"status-publish","4":"has-post-thumbnail","6":"product_cat-pflegeprodukte","7":"product_cat-fleckenentferner","8":"product_tag-pollet","10":"first","11":"instock","12":"taxable","13":"shipping-taxable","14":"purchasable","15":"product-type-simple"},"acf":[],"_links":{"self":[{"href":"https:\/\/serviclean.be\/de\/wp-json\/wp\/v2\/product\/28067","targetHints":{"allow":["GET"]}}],"collection":[{"href":"https:\/\/serviclean.be\/de\/wp-json\/wp\/v2\/product"}],"about":[{"href":"https:\/\/serviclean.be\/de\/wp-json\/wp\/v2\/types\/product"}],"wp:featuredmedia":[{"embeddable":true,"href":"https:\/\/serviclean.be\/de\/wp-json\/wp\/v2\/media\/28073"}],"wp:attachment":[{"href":"https:\/\/serviclean.be\/de\/wp-json\/wp\/v2\/media?parent=28067"}],"wp:term":[{"taxonomy":"product_brand","embeddable":true,"href":"https:\/\/serviclean.be\/de\/wp-json\/wp\/v2\/product_brand?post=28067"},{"taxonomy":"product_cat","embeddable":true,"href":"https:\/\/serviclean.be\/de\/wp-json\/wp\/v2\/product_cat?post=28067"},{"taxonomy":"product_tag","embeddable":true,"href":"https:\/\/serviclean.be\/de\/wp-json\/wp\/v2\/product_tag?post=28067"}],"curies":[{"name":"wp","href":"https:\/\/api.w.org\/{rel}","templated":true}]}}