{"id":28058,"date":"2022-09-29T18:59:19","date_gmt":"2022-09-29T16:59:19","guid":{"rendered":"https:\/\/serviclean.be\/produit\/ergotec-ninja-starterkit-2-in-1-35-cm\/"},"modified":"2022-09-29T18:59:19","modified_gmt":"2022-09-29T16:59:19","slug":"ergotec-ninja-starterkit-2-in-1-35-cm","status":"publish","type":"product","link":"https:\/\/serviclean.be\/de\/produit\/ergotec-ninja-starterkit-2-in-1-35-cm\/","title":{"rendered":"ErgoTec NINJA Starterkit 2-in-1 \u2013 35 cm"},"content":{"rendered":"<p data-start=\"345\" data-end=\"691\">Das <strong data-start=\"348\" data-end=\"390\">ErgoTec Ninja Premium 2-in-1 Kit \u2013 35 cm<\/strong> von UNGER wurde speziell entwickelt, um die Anforderungen der professionellen Fensterreinigung zu erf\u00fcllen. Dieses innovative System kombiniert einen Hochleistungsabzieher und einen Einwascher in einem einzigen Werkzeug und erm\u00f6glicht es, Glasfl\u00e4chen in einem Arbeitsgang zu reinigen und zu trocknen \u2013 f\u00fcr eine erhebliche Zeitersparnis. <\/p>\n<p data-start=\"693\" data-end=\"1016\">Das ergonomische Design sorgt f\u00fcr einen komfortablen Griff und hohe Wendigkeit, auch bei l\u00e4ngerer Nutzung. Der Abzieher ist mit einem hochwertigen Gummi ausgestattet, der ein streifenfreies Ergebnis garantiert, w\u00e4hrend der Einwascher eine hervorragende Saugf\u00e4higkeit f\u00fcr eine gr\u00fcndliche Reinigung bietet. <\/p>\n<p data-start=\"1018\" data-end=\"1188\">Robust und zuverl\u00e4ssig ist dieses Kit ideal f\u00fcr Reinigungsprofis, die Effizienz, Schnelligkeit und eine hochwertige Endqualit\u00e4t auf allen Arten von Glasfl\u00e4chen verbinden m\u00f6chten.<\/p>\n","protected":false},"excerpt":{"rendered":"<p>Das ErgoTec Ninja Premium Kit von UNGER f\u00fcr die Glasreinigung ist ein leistungsstarkes Produkt f\u00fcr die professionelle Fensterreinigung.<\/p>\n<p><span style=\"color: #008000;\"><strong>Ref.: 5668<\/strong><\/span><\/p>\n","protected":false},"featured_media":28063,"template":"","meta":[],"product_brand":[],"product_cat":[576],"product_tag":[577],"class_list":{"0":"post-28058","1":"product","2":"type-product","3":"status-publish","4":"has-post-thumbnail","6":"product_cat-fensterreinigungszubehor","7":"product_tag-unger","9":"first","10":"instock","11":"taxable","12":"shipping-taxable","13":"purchasable","14":"product-type-simple"},"acf":[],"_links":{"self":[{"href":"https:\/\/serviclean.be\/de\/wp-json\/wp\/v2\/product\/28058","targetHints":{"allow":["GET"]}}],"collection":[{"href":"https:\/\/serviclean.be\/de\/wp-json\/wp\/v2\/product"}],"about":[{"href":"https:\/\/serviclean.be\/de\/wp-json\/wp\/v2\/types\/product"}],"wp:featuredmedia":[{"embeddable":true,"href":"https:\/\/serviclean.be\/de\/wp-json\/wp\/v2\/media\/28063"}],"wp:attachment":[{"href":"https:\/\/serviclean.be\/de\/wp-json\/wp\/v2\/media?parent=28058"}],"wp:term":[{"taxonomy":"product_brand","embeddable":true,"href":"https:\/\/serviclean.be\/de\/wp-json\/wp\/v2\/product_brand?post=28058"},{"taxonomy":"product_cat","embeddable":true,"href":"https:\/\/serviclean.be\/de\/wp-json\/wp\/v2\/product_cat?post=28058"},{"taxonomy":"product_tag","embeddable":true,"href":"https:\/\/serviclean.be\/de\/wp-json\/wp\/v2\/product_tag?post=28058"}],"curies":[{"name":"wp","href":"https:\/\/api.w.org\/{rel}","templated":true}]}}