{"id":28048,"date":"2022-10-24T21:37:39","date_gmt":"2022-10-24T19:37:39","guid":{"rendered":"https:\/\/serviclean.be\/produit\/liquidator-3-0-schiene-fuer-moerman-fensterwischer-25-35-45-55-cm\/"},"modified":"2022-10-24T21:37:39","modified_gmt":"2022-10-24T19:37:39","slug":"liquidator-3-0-schiene-fuer-moerman-fensterwischer-25-35-45-55-cm","status":"publish","type":"product","link":"https:\/\/serviclean.be\/de\/produit\/liquidator-3-0-schiene-fuer-moerman-fensterwischer-25-35-45-55-cm\/","title":{"rendered":"LIQUIDATOR 3.0 Schiene f\u00fcr Moerman Fensterwischer 25\/35\/45\/55 cm"},"content":{"rendered":"<h2>Die LIQUIDATOR 3.0 Schiene ist Standardausr\u00fcstung f\u00fcr professionelle Fensterreiniger<\/h2>\n<div class=\"row pl-8 pr-8\">\n<div class=\"col-12\">\n<div class=\"product\">\n<div class=\"wysi\">\n<p>Es handelt sich um eine einzigartige Schiene mit abgeschr\u00e4gter Kante \u2013 jetzt noch pr\u00e4ziser als je zuvor. Entwickelt mit Glasreinigern f\u00fcr Fensterreiniger. Die Endclips des <strong>Liquidator 3.0<\/strong> sind so konzipiert, dass sie eine Scheibe deutlich effizienter abziehen, ohne die R\u00e4nder nacharbeiten zu m\u00fcssen.  <\/p>\n<p>Der <strong>Liquidator 3.0<\/strong> funktioniert perfekt auf allen Fenstertypen: dicke oder d\u00fcnne Gummidichtungen, alte oder neue Stahlkanten, alle Arten von Rahmen \u2026 und sorgt f\u00fcr ein gleichm\u00e4\u00dfiges, leichtes Arbeiten ohne \u00fcberm\u00e4\u00dfige Belastung von Armen und Schultern \u2013 selbst nach Stunden intensiver Glasreinigung.<\/p>\n<ul>\n<li class=\"bullet-checkmark\">Geliefert mit Liquidator NXT-R Gummi<\/li>\n<li class=\"bullet-checkmark\">Die festen Endclips sind mit dem Rahmen kompatibel<\/li>\n<li class=\"bullet-checkmark\">Leichtes Aluminiummaterial<\/li>\n<li class=\"bullet-checkmark\">Besseres Klemmen des Gummis<\/li>\n<li class=\"bullet-checkmark\">Ausrichtungspunkte verwalten<\/li>\n<li class=\"bullet-checkmark\">Passt auf alle Griffe<\/li>\n<\/ul>\n<\/div>\n<\/div>\n<\/div>\n<\/div>\n<div class=\"row mt-20 pl-8\">\n<div class=\"col-lg-6\">\n<div class=\"chars\">\n<div class=\"tab\"><\/div>\n<\/div>\n<\/div>\n<\/div>\n<p>&nbsp;<\/p>\n","protected":false},"excerpt":{"rendered":"<p><strong>Sind Sie es leid, die Fensterr\u00e4nder nacharbeiten zu m\u00fcssen? M\u00f6chten Sie diese l\u00e4stigen Wassertropfen loswerden, die in den Ecken bleiben? Der Liquidator 3.0 ist die L\u00f6sung!<br \/>\n<span style=\"color: #008000;\">Ref.: 5704, 5705, 5706, 5708<\/span><\/strong><\/p>\n","protected":false},"featured_media":28051,"template":"","meta":[],"product_brand":[],"product_cat":[576],"product_tag":[608],"class_list":{"0":"post-28048","1":"product","2":"type-product","3":"status-publish","4":"has-post-thumbnail","6":"product_cat-fensterreinigungszubehor","7":"product_tag-moerman","9":"first","10":"instock","11":"taxable","12":"shipping-taxable","13":"purchasable","14":"product-type-variable"},"acf":[],"_links":{"self":[{"href":"https:\/\/serviclean.be\/de\/wp-json\/wp\/v2\/product\/28048","targetHints":{"allow":["GET"]}}],"collection":[{"href":"https:\/\/serviclean.be\/de\/wp-json\/wp\/v2\/product"}],"about":[{"href":"https:\/\/serviclean.be\/de\/wp-json\/wp\/v2\/types\/product"}],"wp:featuredmedia":[{"embeddable":true,"href":"https:\/\/serviclean.be\/de\/wp-json\/wp\/v2\/media\/28051"}],"wp:attachment":[{"href":"https:\/\/serviclean.be\/de\/wp-json\/wp\/v2\/media?parent=28048"}],"wp:term":[{"taxonomy":"product_brand","embeddable":true,"href":"https:\/\/serviclean.be\/de\/wp-json\/wp\/v2\/product_brand?post=28048"},{"taxonomy":"product_cat","embeddable":true,"href":"https:\/\/serviclean.be\/de\/wp-json\/wp\/v2\/product_cat?post=28048"},{"taxonomy":"product_tag","embeddable":true,"href":"https:\/\/serviclean.be\/de\/wp-json\/wp\/v2\/product_tag?post=28048"}],"curies":[{"name":"wp","href":"https:\/\/api.w.org\/{rel}","templated":true}]}}