{"id":28029,"date":"2022-10-25T18:40:23","date_gmt":"2022-10-25T16:40:23","guid":{"rendered":"https:\/\/serviclean.be\/produit\/blauer-sack-70x110-cm-hdpe-t25\/"},"modified":"2022-10-25T18:40:23","modified_gmt":"2022-10-25T16:40:23","slug":"blauer-sack-70x110-cm-hdpe-t25","status":"publish","type":"product","link":"https:\/\/serviclean.be\/de\/produit\/blauer-sack-70x110-cm-hdpe-t25\/","title":{"rendered":"Blauer Sack 70&#215;110 cm, HDPE T25"},"content":{"rendered":"<p>Blauer M\u00fcllsack 70&#215;110 cm \u2013 110 L \u2013 HDPE Typ 25<\/p>\n<p>Halten Sie Ihre R\u00e4ume sauber und organisiert mit diesen hochfesten blauen M\u00fclls\u00e4cken.<br \/>\nHergestellt aus hochdichtem Polyethylen (HDPE Typ 25), bieten sie eine ausgezeichnete Festigkeit und bleiben dabei leicht und einfach zu handhaben. Ihr gro\u00dfes Fassungsverm\u00f6gen von \u00b1110 Litern macht sie perfekt f\u00fcr die M\u00fclltrennung und Abfallentsorgung in B\u00fcros, Werkst\u00e4tten, \u00f6ffentlichen Einrichtungen oder zu Hause. <\/p>\n<p>Eigenschaften:<\/p>\n<ul>\n<li>Farbe: Blau<\/li>\n<li>Abmessungen: 70 x 110 cm<\/li>\n<li>Fassungsverm\u00f6gen: \u00b1 110 L<\/li>\n<li>Material: Kunststoff HDPE Typ 25<\/li>\n<li>Verpackung: Karton mit 500 S\u00e4cken (25 Rollen \u00e0 20 S\u00e4cke)<\/li>\n<\/ul>\n","protected":false},"excerpt":{"rendered":"<p>Blauer M\u00fcllsack 70&#215;110 cm \u00b1110 L \u2013 HDPE Typ 25<br data-start=\"149\" data-end=\"152\">Robuste M\u00fclls\u00e4cke aus Kunststoff HDPE Typ 25, perfekt f\u00fcr die M\u00fclltrennung und Abfallsammlung.<\/p>\n<p><span style=\"color: #008000;\"><strong>Ref: 10592, 2343<\/strong><\/span><\/p>\n","protected":false},"featured_media":28034,"template":"","meta":[],"product_brand":[],"product_cat":[652,591],"product_tag":[],"class_list":{"0":"post-28029","1":"product","2":"type-product","3":"status-publish","4":"has-post-thumbnail","6":"product_cat-mullsacke","7":"product_cat-material-zubehor","9":"first","10":"instock","11":"taxable","12":"shipping-taxable","13":"purchasable","14":"product-type-variable"},"acf":[],"_links":{"self":[{"href":"https:\/\/serviclean.be\/de\/wp-json\/wp\/v2\/product\/28029","targetHints":{"allow":["GET"]}}],"collection":[{"href":"https:\/\/serviclean.be\/de\/wp-json\/wp\/v2\/product"}],"about":[{"href":"https:\/\/serviclean.be\/de\/wp-json\/wp\/v2\/types\/product"}],"wp:featuredmedia":[{"embeddable":true,"href":"https:\/\/serviclean.be\/de\/wp-json\/wp\/v2\/media\/28034"}],"wp:attachment":[{"href":"https:\/\/serviclean.be\/de\/wp-json\/wp\/v2\/media?parent=28029"}],"wp:term":[{"taxonomy":"product_brand","embeddable":true,"href":"https:\/\/serviclean.be\/de\/wp-json\/wp\/v2\/product_brand?post=28029"},{"taxonomy":"product_cat","embeddable":true,"href":"https:\/\/serviclean.be\/de\/wp-json\/wp\/v2\/product_cat?post=28029"},{"taxonomy":"product_tag","embeddable":true,"href":"https:\/\/serviclean.be\/de\/wp-json\/wp\/v2\/product_tag?post=28029"}],"curies":[{"name":"wp","href":"https:\/\/api.w.org\/{rel}","templated":true}]}}