{"id":28023,"date":"2023-05-28T17:59:24","date_gmt":"2023-05-28T15:59:24","guid":{"rendered":"https:\/\/serviclean.be\/produit\/toilettenpapier-3-lagig-56-rollen-weich-und-reissfest\/"},"modified":"2023-05-28T17:59:24","modified_gmt":"2023-05-28T15:59:24","slug":"toilettenpapier-3-lagig-56-rollen-weich-und-reissfest","status":"publish","type":"product","link":"https:\/\/serviclean.be\/de\/produit\/toilettenpapier-3-lagig-56-rollen-weich-und-reissfest\/","title":{"rendered":"Toilettenpapier 3-lagig \u2013 56 Rollen, weich und rei\u00dffest"},"content":{"rendered":"<p>Entscheiden Sie sich f\u00fcr Komfort und Langlebigkeit mit dem 3-lagigen Ola&#8217;la Toilettenpapier. Dieses gro\u00dfz\u00fcgige Paket mit 56 Rollen garantiert Ihnen eine zuverl\u00e4ssige Versorgung f\u00fcr lange Zeit, sodass Sie allen Herausforderungen des Alltags sorgenfrei begegnen k\u00f6nnen. Entwickelt, um zugleich Weichheit, Rei\u00dffestigkeit und Hygiene zu bieten, ist dieses Toilettenpapier f\u00fcr seine \u00f6kologische Verantwortung zertifiziert \u2013 so schonen Sie den Planeten und k\u00fcmmern sich gleichzeitig um Ihren Komfort.  <\/p>\n<p><strong>Technische Daten:<\/strong><\/p>\n<ul>\n<li>Zusammensetzung: 100 % Zellulose<\/li>\n<li>Anzahl der Lagen: 3<\/li>\n<li>Grammatur: 15,5 g\/m\u00b2<\/li>\n<li>Rollenbreite: 9,3 cm<\/li>\n<li>Blattl\u00e4nge: 11 cm<\/li>\n<li>Anzahl der Bl\u00e4tter pro Rolle: 200<\/li>\n<li>Innendurchmesser der H\u00fclse: 46 mm<\/li>\n<li>Rollendurchmesser: 12,3 cm<\/li>\n<li>Pr\u00e4gung: dekorativ, laminiert<\/li>\n<li>Anzahl der Rollen pro Packung: 8<\/li>\n<li>Anzahl der Packungen pro Beutel: 7<\/li>\n<\/ul>\n","protected":false},"excerpt":{"rendered":"<p>Das 3-lagige Ola&#8217;la Toilettenpapier mit seinen 56 Rollen bietet ein unvergleichliches Komforterlebnis und schont dabei unseren Planeten. Seine ultraweiche Textur und seine Rei\u00dffestigkeit sorgen f\u00fcr optimale Hygiene f\u00fcr die ganze Familie. Als nachhaltig zertifiziert vereint dieses Toilettenpapier Funktionalit\u00e4t und Umweltfreundlichkeit \u2013 jede Nutzung wird so zu einer umweltbewussten Geste. Entscheiden Sie sich f\u00fcr ein Produkt, das Komfort und \u00d6kologie vereint: 3-lagiges Toilettenpapier.   <\/p>\n<p><strong><span style=\"color: #008000;\">Ref.: 1980<\/span><\/strong><\/p>\n","protected":false},"featured_media":28027,"template":"","meta":[],"product_brand":[],"product_cat":[588],"product_tag":[],"class_list":{"0":"post-28023","1":"product","2":"type-product","3":"status-publish","4":"has-post-thumbnail","6":"product_cat-spender-und-toilettenpapier","8":"first","9":"outofstock","10":"taxable","11":"shipping-taxable","12":"purchasable","13":"product-type-simple"},"acf":[],"_links":{"self":[{"href":"https:\/\/serviclean.be\/de\/wp-json\/wp\/v2\/product\/28023","targetHints":{"allow":["GET"]}}],"collection":[{"href":"https:\/\/serviclean.be\/de\/wp-json\/wp\/v2\/product"}],"about":[{"href":"https:\/\/serviclean.be\/de\/wp-json\/wp\/v2\/types\/product"}],"wp:featuredmedia":[{"embeddable":true,"href":"https:\/\/serviclean.be\/de\/wp-json\/wp\/v2\/media\/28027"}],"wp:attachment":[{"href":"https:\/\/serviclean.be\/de\/wp-json\/wp\/v2\/media?parent=28023"}],"wp:term":[{"taxonomy":"product_brand","embeddable":true,"href":"https:\/\/serviclean.be\/de\/wp-json\/wp\/v2\/product_brand?post=28023"},{"taxonomy":"product_cat","embeddable":true,"href":"https:\/\/serviclean.be\/de\/wp-json\/wp\/v2\/product_cat?post=28023"},{"taxonomy":"product_tag","embeddable":true,"href":"https:\/\/serviclean.be\/de\/wp-json\/wp\/v2\/product_tag?post=28023"}],"curies":[{"name":"wp","href":"https:\/\/api.w.org\/{rel}","templated":true}]}}