{"id":28021,"date":"2023-09-15T14:21:12","date_gmt":"2023-09-15T12:21:12","guid":{"rendered":"https:\/\/serviclean.be\/produit\/eimer-mit-zwei-behaeltern-a-8-und-6-l\/"},"modified":"2023-09-15T14:21:12","modified_gmt":"2023-09-15T12:21:12","slug":"eimer-mit-zwei-behaeltern-a-8-und-6-l","status":"publish","type":"product","link":"https:\/\/serviclean.be\/de\/produit\/eimer-mit-zwei-behaeltern-a-8-und-6-l\/","title":{"rendered":"Eimer mit zwei Beh\u00e4ltern \u00e0 8 und 6 l"},"content":{"rendered":"","protected":false},"excerpt":{"rendered":"<p>Eimer mit zwei Beh\u00e4ltern f\u00fcr Mopppresse. Ideal f\u00fcr den semiprofessionellen Einsatz. <\/p>\n<p><strong><span style=\"color: #008000;\">REF: 2508<\/span><\/strong><\/p>\n","protected":false},"featured_media":28024,"template":"","meta":[],"product_brand":[],"product_cat":[653],"product_tag":[],"class_list":{"0":"post-28021","1":"product","2":"type-product","3":"status-publish","4":"has-post-thumbnail","6":"product_cat-eimer","8":"first","9":"instock","10":"taxable","11":"shipping-taxable","12":"purchasable","13":"product-type-simple"},"acf":[],"_links":{"self":[{"href":"https:\/\/serviclean.be\/de\/wp-json\/wp\/v2\/product\/28021","targetHints":{"allow":["GET"]}}],"collection":[{"href":"https:\/\/serviclean.be\/de\/wp-json\/wp\/v2\/product"}],"about":[{"href":"https:\/\/serviclean.be\/de\/wp-json\/wp\/v2\/types\/product"}],"wp:featuredmedia":[{"embeddable":true,"href":"https:\/\/serviclean.be\/de\/wp-json\/wp\/v2\/media\/28024"}],"wp:attachment":[{"href":"https:\/\/serviclean.be\/de\/wp-json\/wp\/v2\/media?parent=28021"}],"wp:term":[{"taxonomy":"product_brand","embeddable":true,"href":"https:\/\/serviclean.be\/de\/wp-json\/wp\/v2\/product_brand?post=28021"},{"taxonomy":"product_cat","embeddable":true,"href":"https:\/\/serviclean.be\/de\/wp-json\/wp\/v2\/product_cat?post=28021"},{"taxonomy":"product_tag","embeddable":true,"href":"https:\/\/serviclean.be\/de\/wp-json\/wp\/v2\/product_tag?post=28021"}],"curies":[{"name":"wp","href":"https:\/\/api.w.org\/{rel}","templated":true}]}}