{"id":28017,"date":"2023-08-29T15:20:57","date_gmt":"2023-08-29T13:20:57","guid":{"rendered":"https:\/\/serviclean.be\/produit\/clean-calc-super-entkalker-5-l\/"},"modified":"2023-08-29T15:20:57","modified_gmt":"2023-08-29T13:20:57","slug":"clean-calc-super-entkalker-5-l","status":"publish","type":"product","link":"https:\/\/serviclean.be\/de\/produit\/clean-calc-super-entkalker-5-l\/","title":{"rendered":"Clean Calc \u2013 Super-Entkalker \u2013 5 L"},"content":{"rendered":"<p>Clean Calc \u2013 Super-Entkalker \u2013 5 L ist ein Entkalker auf S\u00e4urebasis, der speziell f\u00fcr die effektive Entfernung von Kalkablagerungen in allen Arten von Espressomaschinen und Pad-Kaffeemaschinen entwickelt wurde. Dieser Entkalker wirkt sicher, schnell und geruchlos. <\/p>\n<p>Er entkalkt zudem Rohre, Spiralen, Warmwasserbereiter, Heizkessel, Geschirrsp\u00fcler sowie weitere industrielle und professionelle Anlagen.<\/p>\n<p>Dieses professionelle Produkt eignet sich auch f\u00fcr Sanit\u00e4ranlagen, Armaturen und Fliesen. Es erleichtert die regelm\u00e4\u00dfige Pflege und Wartung Ihrer Installationen, indem es hartn\u00e4ckigen Kalk und Ablagerungen schnell aufl\u00f6st.<\/p>\n","protected":false},"excerpt":{"rendered":"<p>Professioneller saurer Entkalker 5 L, ideal f\u00fcr Espressomaschinen, Kaffeemaschinen, Rohre, Heizkessel und diverse Anlagen. Entfernt Kalk schnell und geruchlos. <\/p>\n<p><span style=\"color: #008000;\"><strong>Ref.: 0554<\/strong><\/span><\/p>\n","protected":false},"featured_media":28022,"template":"","meta":[],"product_brand":[],"product_cat":[573,678,642],"product_tag":[582],"class_list":{"0":"post-28017","1":"product","2":"type-product","3":"status-publish","4":"has-post-thumbnail","6":"product_cat-kuchenhygiene","7":"product_cat-entkalkungsprodukte","8":"product_cat-geschirrspulmaschinen-professionell","9":"product_tag-servi-clean","11":"first","12":"instock","13":"taxable","14":"shipping-taxable","15":"purchasable","16":"product-type-simple"},"acf":[],"_links":{"self":[{"href":"https:\/\/serviclean.be\/de\/wp-json\/wp\/v2\/product\/28017","targetHints":{"allow":["GET"]}}],"collection":[{"href":"https:\/\/serviclean.be\/de\/wp-json\/wp\/v2\/product"}],"about":[{"href":"https:\/\/serviclean.be\/de\/wp-json\/wp\/v2\/types\/product"}],"wp:featuredmedia":[{"embeddable":true,"href":"https:\/\/serviclean.be\/de\/wp-json\/wp\/v2\/media\/28022"}],"wp:attachment":[{"href":"https:\/\/serviclean.be\/de\/wp-json\/wp\/v2\/media?parent=28017"}],"wp:term":[{"taxonomy":"product_brand","embeddable":true,"href":"https:\/\/serviclean.be\/de\/wp-json\/wp\/v2\/product_brand?post=28017"},{"taxonomy":"product_cat","embeddable":true,"href":"https:\/\/serviclean.be\/de\/wp-json\/wp\/v2\/product_cat?post=28017"},{"taxonomy":"product_tag","embeddable":true,"href":"https:\/\/serviclean.be\/de\/wp-json\/wp\/v2\/product_tag?post=28017"}],"curies":[{"name":"wp","href":"https:\/\/api.w.org\/{rel}","templated":true}]}}