{"id":28004,"date":"2021-05-01T20:34:43","date_gmt":"2021-05-01T18:34:43","guid":{"rendered":"https:\/\/serviclean.be\/produit\/schrubbbuerste-23-cm-tampico-naturfasern\/"},"modified":"2021-05-01T20:34:43","modified_gmt":"2021-05-01T18:34:43","slug":"schrubbbuerste-23-cm-tampico-naturfasern","status":"publish","type":"product","link":"https:\/\/serviclean.be\/de\/produit\/schrubbbuerste-23-cm-tampico-naturfasern\/","title":{"rendered":"Schrubbb\u00fcrste 23 cm \u2013 Tampico-Naturfasern"},"content":{"rendered":"<p>G\u00f6nnen Sie sich eine professionelle Reinigung mit der 23 cm Schrubbb\u00fcrste aus Tampicofasern. F\u00fcr den intensiven Gebrauch konzipiert, vereint sie Effizienz, Robustheit und Oberfl\u00e4chenschonung.<br \/>\nIhre nat\u00fcrlichen Tampicofasern, gewonnen aus der Agave, sind bekannt f\u00fcr ihre hohe Verschlei\u00dffestigkeit und ihre F\u00e4higkeit, hartn\u00e4ckigsten Schmutz kratzfrei zu entfernen.<br \/>\nDank des ergonomischen Griffs liegt sie auch bei l\u00e4ngerem Gebrauch komfortabel in der Hand. Ideal f\u00fcr K\u00fcche, Werkst\u00e4tten oder die Industrie passt sie sich all Ihren anspruchsvollen Reinigungsbed\u00fcrfnissen an.<br \/>\nEin zuverl\u00e4ssiges, langlebiges und umweltfreundliches Werkzeug.  <\/p>\n<p><strong>Technische Daten:<\/strong><\/p>\n<ul>\n<li>Produktname: Schrubbb\u00fcrste 23 cm \u2013 Tampicofasern<\/li>\n<li>L\u00e4nge: 23 cm<\/li>\n<li>Fasertyp: Nat\u00fcrliche Tampico (pflanzlichen Ursprungs)<\/li>\n<li>Verwendung: Intensive Reinigung \u2013 empfindliche Oberfl\u00e4chen, K\u00fcche, Werkstatt, Industrie<\/li>\n<li>Griff: Ergonomisch f\u00fcr besseren Halt<\/li>\n<li>Haltbarkeit: Hohe Verschlei\u00dffestigkeit<\/li>\n<li>\u00d6kologie: 100 % Naturfasern und biologisch abbaubar<\/li>\n<\/ul>\n<p><strong>Gebrauchsanweisung:<\/strong><\/p>\n<ul>\n<li>B\u00fcrste nach Bedarf anfeuchten (Wasser oder Reinigungsmittel).<\/li>\n<li>Die zu reinigende Oberfl\u00e4che mit kreisenden Bewegungen b\u00fcrsten.<\/li>\n<li>B\u00fcrste nach jedem Gebrauch absp\u00fclen.<\/li>\n<li>An der Luft trocknen lassen, Borsten nach unten.<\/li>\n<\/ul>\n","protected":false},"excerpt":{"rendered":"<p>Schrubbb\u00fcrste 23 cm mit nat\u00fcrlichen Tampicofasern. Perfekt f\u00fcr eine intensive Reinigung, ohne Oberfl\u00e4chen zu besch\u00e4digen. Widerstandsf\u00e4hig, ergonomisch und umweltfreundlich.  <\/p>\n","protected":false},"featured_media":28009,"template":"","meta":[],"product_brand":[],"product_cat":[594],"product_tag":[],"class_list":{"0":"post-28004","1":"product","2":"type-product","3":"status-publish","4":"has-post-thumbnail","6":"product_cat-bursten-und-abzieher","8":"first","9":"instock","10":"taxable","11":"shipping-taxable","12":"purchasable","13":"product-type-simple"},"acf":[],"_links":{"self":[{"href":"https:\/\/serviclean.be\/de\/wp-json\/wp\/v2\/product\/28004","targetHints":{"allow":["GET"]}}],"collection":[{"href":"https:\/\/serviclean.be\/de\/wp-json\/wp\/v2\/product"}],"about":[{"href":"https:\/\/serviclean.be\/de\/wp-json\/wp\/v2\/types\/product"}],"wp:featuredmedia":[{"embeddable":true,"href":"https:\/\/serviclean.be\/de\/wp-json\/wp\/v2\/media\/28009"}],"wp:attachment":[{"href":"https:\/\/serviclean.be\/de\/wp-json\/wp\/v2\/media?parent=28004"}],"wp:term":[{"taxonomy":"product_brand","embeddable":true,"href":"https:\/\/serviclean.be\/de\/wp-json\/wp\/v2\/product_brand?post=28004"},{"taxonomy":"product_cat","embeddable":true,"href":"https:\/\/serviclean.be\/de\/wp-json\/wp\/v2\/product_cat?post=28004"},{"taxonomy":"product_tag","embeddable":true,"href":"https:\/\/serviclean.be\/de\/wp-json\/wp\/v2\/product_tag?post=28004"}],"curies":[{"name":"wp","href":"https:\/\/api.w.org\/{rel}","templated":true}]}}