{"id":28000,"date":"2023-11-25T19:07:49","date_gmt":"2023-11-25T18:07:49","guid":{"rendered":"https:\/\/serviclean.be\/produit\/vileda-schwammtuch-25x36-cm-9-stk-super-saugfaehig\/"},"modified":"2023-11-25T19:07:49","modified_gmt":"2023-11-25T18:07:49","slug":"vileda-schwammtuch-25x36-cm-9-stk-super-saugfaehig","status":"publish","type":"product","link":"https:\/\/serviclean.be\/de\/produit\/vileda-schwammtuch-25x36-cm-9-stk-super-saugfaehig\/","title":{"rendered":"VILEDA SCHWAMMTUCH 25&#215;36 cm 9 Stk. &#8211; SUPER SAUGF\u00c4HIG"},"content":{"rendered":"<ul>\n<li>Kann mit verd\u00fcnntem Bleichmittel verwendet werden<\/li>\n<li>Maschinenwaschbar bis 60 \u00b0C<\/li>\n<li>1 Schwammtuch saugt bis zum 15-fachen seines Trockengewichts auf und ist biologisch abbaubar<\/li>\n<li>Strapazierf\u00e4hige und homogene Oberfl\u00e4che, die nach h\u00e4ufigem Gebrauch nicht ausfranst<\/li>\n<li>Ultra glatt und sehr einfach zu handhaben<\/li>\n<li>100 % biologisch abbaubar, kompostierbar<\/li>\n<\/ul>\n","protected":false},"excerpt":{"rendered":"<p>Das Vileda Spongidou Schwammtuch ist ultra-saugf\u00e4hig und reinigt alle Ihre Oberfl\u00e4chen im Handumdrehen. Zudem ist es sehr flexibel und handlich. <\/p>\n<p><strong><span style=\"color: #008000;\">Ref: 5893<\/span><\/strong><\/p>\n","protected":false},"featured_media":28005,"template":"","meta":[],"product_brand":[],"product_cat":[616],"product_tag":[],"class_list":{"0":"post-28000","1":"product","2":"type-product","3":"status-publish","4":"has-post-thumbnail","6":"product_cat-tucher-und-geschirrtucher","8":"first","9":"instock","10":"taxable","11":"shipping-taxable","12":"purchasable","13":"product-type-simple"},"acf":[],"_links":{"self":[{"href":"https:\/\/serviclean.be\/de\/wp-json\/wp\/v2\/product\/28000","targetHints":{"allow":["GET"]}}],"collection":[{"href":"https:\/\/serviclean.be\/de\/wp-json\/wp\/v2\/product"}],"about":[{"href":"https:\/\/serviclean.be\/de\/wp-json\/wp\/v2\/types\/product"}],"wp:featuredmedia":[{"embeddable":true,"href":"https:\/\/serviclean.be\/de\/wp-json\/wp\/v2\/media\/28005"}],"wp:attachment":[{"href":"https:\/\/serviclean.be\/de\/wp-json\/wp\/v2\/media?parent=28000"}],"wp:term":[{"taxonomy":"product_brand","embeddable":true,"href":"https:\/\/serviclean.be\/de\/wp-json\/wp\/v2\/product_brand?post=28000"},{"taxonomy":"product_cat","embeddable":true,"href":"https:\/\/serviclean.be\/de\/wp-json\/wp\/v2\/product_cat?post=28000"},{"taxonomy":"product_tag","embeddable":true,"href":"https:\/\/serviclean.be\/de\/wp-json\/wp\/v2\/product_tag?post=28000"}],"curies":[{"name":"wp","href":"https:\/\/api.w.org\/{rel}","templated":true}]}}