{"id":27993,"date":"2018-09-04T23:55:50","date_gmt":"2018-09-04T21:55:50","guid":{"rendered":"https:\/\/serviclean.be\/produit\/suma-bac-d10\/"},"modified":"2018-09-04T23:55:50","modified_gmt":"2018-09-04T21:55:50","slug":"suma-bac-d10","status":"publish","type":"product","link":"https:\/\/serviclean.be\/de\/produit\/suma-bac-d10\/","title":{"rendered":"Suma bac d10"},"content":{"rendered":"<p>Suma Bac D10 ist ein konzentriertes Produkt f\u00fcr die kombinierte Reinigung und Desinfektion aller Oberfl\u00e4chen in Bereichen, in denen Lebensmittel verarbeitet werden, wie Gro\u00dfk\u00fcchen und der Lebensmittelindustrie. Dieses leistungsstarke alkalische Reinigungsmittel ist speziell f\u00fcr die Reinigung von Beh\u00e4ltern, Tabletts und Ger\u00e4ten konzipiert. Seine wirksame Formel entfernt schnell Lebensmittelr\u00fcckst\u00e4nde, Fette und hartn\u00e4ckige Verschmutzungen und schont dabei die Oberfl\u00e4chen.  <\/p>\n<p>Geeignet f\u00fcr manuelle Anwendung oder Maschineneinsatz, gew\u00e4hrleistet Suma Bac D10 perfekte Hygiene und erleichtert die Einhaltung strenger Hygienestandards in professionellen K\u00fcchen, der Lebensmittelindustrie und Gemeinschaftseinrichtungen.<\/p>\n","protected":false},"excerpt":{"rendered":"<p>Suma Bac D10 ist ein konzentriertes Produkt f\u00fcr kombinierte Reinigung und Desinfektion. Leistungsstarkes alkalisches Reinigungsmittel f\u00fcr Beh\u00e4lter und Lebensmittelger\u00e4te. Manuelle Anwendung oder Maschineneinsatz.  <\/p>\n<p><strong><span style=\"color: #008000;\">Art.-Nr.: 2727<\/span><\/strong><\/p>\n","protected":false},"featured_media":27995,"template":"","meta":[],"product_brand":[],"product_cat":[605],"product_tag":[],"class_list":{"0":"post-27993","1":"product","2":"type-product","3":"status-publish","4":"has-post-thumbnail","6":"product_cat-entfettungsprodukte","8":"first","9":"instock","10":"taxable","11":"shipping-taxable","12":"purchasable","13":"product-type-simple"},"acf":[],"_links":{"self":[{"href":"https:\/\/serviclean.be\/de\/wp-json\/wp\/v2\/product\/27993","targetHints":{"allow":["GET"]}}],"collection":[{"href":"https:\/\/serviclean.be\/de\/wp-json\/wp\/v2\/product"}],"about":[{"href":"https:\/\/serviclean.be\/de\/wp-json\/wp\/v2\/types\/product"}],"wp:featuredmedia":[{"embeddable":true,"href":"https:\/\/serviclean.be\/de\/wp-json\/wp\/v2\/media\/27995"}],"wp:attachment":[{"href":"https:\/\/serviclean.be\/de\/wp-json\/wp\/v2\/media?parent=27993"}],"wp:term":[{"taxonomy":"product_brand","embeddable":true,"href":"https:\/\/serviclean.be\/de\/wp-json\/wp\/v2\/product_brand?post=27993"},{"taxonomy":"product_cat","embeddable":true,"href":"https:\/\/serviclean.be\/de\/wp-json\/wp\/v2\/product_cat?post=27993"},{"taxonomy":"product_tag","embeddable":true,"href":"https:\/\/serviclean.be\/de\/wp-json\/wp\/v2\/product_tag?post=27993"}],"curies":[{"name":"wp","href":"https:\/\/api.w.org\/{rel}","templated":true}]}}