{"id":27957,"date":"2022-09-10T16:21:38","date_gmt":"2022-09-10T14:21:38","guid":{"rendered":"https:\/\/serviclean.be\/produit\/dreumex-alu-cleaner-5-l\/"},"modified":"2022-09-10T16:21:38","modified_gmt":"2022-09-10T14:21:38","slug":"dreumex-alu-cleaner-5-l","status":"publish","type":"product","link":"https:\/\/serviclean.be\/de\/produit\/dreumex-alu-cleaner-5-l\/","title":{"rendered":"Dreumex Alu Cleaner, 5 l"},"content":{"rendered":"<p><strong>Dreumex Alu Cleaner<\/strong> ist ein speziell entwickelter Reiniger zur Entfernung von Korrosion und Kalkablagerungen auf Aluminium, ohne andere Metalle oder Lackschichten anzugreifen. Dreumex Alu Cleaner wird von Hand und von unten nach oben aufgetragen. Nach der Anwendung mit sauberem Wasser absp\u00fclen. Achtung: Alu Cleaner nicht auf eloxiertem Aluminium verwenden, z. B. Felgen.   <\/p>\n<p><strong>Gebrauchsanweisung:<\/strong><\/p>\n<p>Verd\u00fcnnung: 1 Teil Dreumex Alu Cleaner auf 3 bis 10 Teile Wasser (je nach Art und Grad der Verschmutzung). Die L\u00f6sung von unten nach oben auftragen. Je nach Verschmutzungsgrad 5 bis 20 Minuten einwirken lassen (nicht antrocknen lassen). Anschlie\u00dfend gr\u00fcndlich mit klarem Wasser absp\u00fclen. Tragen Sie w\u00e4hrend der Anwendung Gummihandschuhe und eine Schutzbrille.    <\/p>\n","protected":false},"excerpt":{"rendered":"<p>Ideal zur Entfernung von Korrosion und Kleberesten. Greift weder Metalle noch Lack an. Kraftvolle Reinigung, schnelle Wirkung <\/p>\n<p><span style=\"color: #008000;\"><strong><strong>Ref.: 0999<\/strong><\/strong><\/span><\/p>\n","protected":false},"featured_media":27964,"template":"","meta":[],"product_brand":[],"product_cat":[578],"product_tag":[675],"class_list":{"0":"post-27957","1":"product","2":"type-product","3":"status-publish","4":"has-post-thumbnail","6":"product_cat-pflegeprodukte","7":"product_tag-dreumex","9":"first","10":"instock","11":"taxable","12":"shipping-taxable","13":"purchasable","14":"product-type-simple"},"acf":[],"_links":{"self":[{"href":"https:\/\/serviclean.be\/de\/wp-json\/wp\/v2\/product\/27957","targetHints":{"allow":["GET"]}}],"collection":[{"href":"https:\/\/serviclean.be\/de\/wp-json\/wp\/v2\/product"}],"about":[{"href":"https:\/\/serviclean.be\/de\/wp-json\/wp\/v2\/types\/product"}],"wp:featuredmedia":[{"embeddable":true,"href":"https:\/\/serviclean.be\/de\/wp-json\/wp\/v2\/media\/27964"}],"wp:attachment":[{"href":"https:\/\/serviclean.be\/de\/wp-json\/wp\/v2\/media?parent=27957"}],"wp:term":[{"taxonomy":"product_brand","embeddable":true,"href":"https:\/\/serviclean.be\/de\/wp-json\/wp\/v2\/product_brand?post=27957"},{"taxonomy":"product_cat","embeddable":true,"href":"https:\/\/serviclean.be\/de\/wp-json\/wp\/v2\/product_cat?post=27957"},{"taxonomy":"product_tag","embeddable":true,"href":"https:\/\/serviclean.be\/de\/wp-json\/wp\/v2\/product_tag?post=27957"}],"curies":[{"name":"wp","href":"https:\/\/api.w.org\/{rel}","templated":true}]}}