{"id":27945,"date":"2022-10-02T15:24:21","date_gmt":"2022-10-02T13:24:21","guid":{"rendered":"https:\/\/serviclean.be\/produit\/poltech-degreaser-2000-5l\/"},"modified":"2022-10-02T15:24:21","modified_gmt":"2022-10-02T13:24:21","slug":"poltech-degreaser-2000-5l","status":"publish","type":"product","link":"https:\/\/serviclean.be\/de\/produit\/poltech-degreaser-2000-5l\/","title":{"rendered":"POLTECH DEGREASER 2000 &#8211; 5L"},"content":{"rendered":"<p>POLTECH DEGREASER 2000 ist ein leistungsstarker industrieller Ent\u00f6ler und Entfetter, der speziell f\u00fcr die effiziente Entfernung von Fetten, Mineral\u00f6len und Kohlenwasserstoffen auf allen Oberfl\u00e4chen entwickelt wurde. Er eignet sich sowohl f\u00fcr maschinelle Anwendungen (Scheuersaugmaschinen mit B\u00fcrsten oder Pads, Hoch- und Niederdrucksysteme) als auch f\u00fcr die manuelle Reinigung und garantiert eine Tiefenwirkung. Formuliert ohne allergene Substanzen und ohne verbindliche AGW (Arbeitsplatzgrenzwerte &#8211; EU, BE, FR), ist er sicher f\u00fcr Anwender und das berufliche Umfeld. Dank der Zulassung f\u00fcr den Lebensmittelkontakt ist dieses Produkt ideal f\u00fcr Industrie, Lebensmittelsektor, Werkst\u00e4tten und Profik\u00fcchen.   <\/p>\n","protected":false},"excerpt":{"rendered":"<p>POLTECH DEGREASER 2000, leistungsstarker Industrie-Entfetter, entfernt Fette, Mineral\u00f6le und Kohlenwasserstoffe. Nicht allergen, ohne AGW, lebensmittelrechtlich zugelassen. <\/p>\n<p><span style=\"color: #008000;\"><strong>Art.-Nr.: 0001<\/strong><\/span><\/p>\n","protected":false},"featured_media":27955,"template":"","meta":[],"product_brand":[],"product_cat":[578,605],"product_tag":[674],"class_list":{"0":"post-27945","1":"product","2":"type-product","3":"status-publish","4":"has-post-thumbnail","6":"product_cat-pflegeprodukte","7":"product_cat-entfettungsprodukte","8":"product_tag-pollet","10":"first","11":"instock","12":"taxable","13":"shipping-taxable","14":"purchasable","15":"product-type-simple"},"acf":[],"_links":{"self":[{"href":"https:\/\/serviclean.be\/de\/wp-json\/wp\/v2\/product\/27945","targetHints":{"allow":["GET"]}}],"collection":[{"href":"https:\/\/serviclean.be\/de\/wp-json\/wp\/v2\/product"}],"about":[{"href":"https:\/\/serviclean.be\/de\/wp-json\/wp\/v2\/types\/product"}],"wp:featuredmedia":[{"embeddable":true,"href":"https:\/\/serviclean.be\/de\/wp-json\/wp\/v2\/media\/27955"}],"wp:attachment":[{"href":"https:\/\/serviclean.be\/de\/wp-json\/wp\/v2\/media?parent=27945"}],"wp:term":[{"taxonomy":"product_brand","embeddable":true,"href":"https:\/\/serviclean.be\/de\/wp-json\/wp\/v2\/product_brand?post=27945"},{"taxonomy":"product_cat","embeddable":true,"href":"https:\/\/serviclean.be\/de\/wp-json\/wp\/v2\/product_cat?post=27945"},{"taxonomy":"product_tag","embeddable":true,"href":"https:\/\/serviclean.be\/de\/wp-json\/wp\/v2\/product_tag?post=27945"}],"curies":[{"name":"wp","href":"https:\/\/api.w.org\/{rel}","templated":true}]}}