{"id":27944,"date":"2022-03-14T14:59:55","date_gmt":"2022-03-14T13:59:55","guid":{"rendered":"https:\/\/serviclean.be\/produit\/fahreimer-15-l-25-l-rot-blau\/"},"modified":"2022-03-14T14:59:55","modified_gmt":"2022-03-14T13:59:55","slug":"fahreimer-15-l-25-l-rot-blau","status":"publish","type":"product","link":"https:\/\/serviclean.be\/de\/produit\/fahreimer-15-l-25-l-rot-blau\/","title":{"rendered":"FAHREIMER 15 l \/ 25 l \u2013 ROT\/BLAU"},"content":{"rendered":"","protected":false},"excerpt":{"rendered":"<p>Der Fahreimer, erh\u00e4ltlich in 15 l und 25 l, zeichnet sich durch sein traditionelles Design und seinen praktischen Henkel aus, der Transport und Nutzung erleichtert. Aus hochwertigem Polypropylen gefertigt, ist er f\u00fcr die Anforderungen eines traditionellen Einsatzes konzipiert und bietet zugleich erh\u00f6hte Langlebigkeit. Dieser Fahreimer, erh\u00e4ltlich in Rot und Blau, ist das ideale Werkzeug f\u00fcr verschiedene Anwendungen im Haushalt und im professionellen Bereich. Seine robuste Konstruktion sorgt unter allen Bedingungen f\u00fcr optimale Leistung.   <\/p>\n<p><span style=\"color: #50b848;\"><strong>Ref.: 2502, 2503, 5649, 5650<\/strong><\/span><\/p>\n","protected":false},"featured_media":27948,"template":"","meta":[],"product_brand":[],"product_cat":[606,653],"product_tag":[],"class_list":{"0":"post-27944","1":"product","2":"type-product","3":"status-publish","4":"has-post-thumbnail","6":"product_cat-reinigungswagen-staubsauger","7":"product_cat-eimer","9":"first","10":"instock","11":"taxable","12":"shipping-taxable","13":"purchasable","14":"product-type-variable"},"acf":[],"_links":{"self":[{"href":"https:\/\/serviclean.be\/de\/wp-json\/wp\/v2\/product\/27944","targetHints":{"allow":["GET"]}}],"collection":[{"href":"https:\/\/serviclean.be\/de\/wp-json\/wp\/v2\/product"}],"about":[{"href":"https:\/\/serviclean.be\/de\/wp-json\/wp\/v2\/types\/product"}],"wp:featuredmedia":[{"embeddable":true,"href":"https:\/\/serviclean.be\/de\/wp-json\/wp\/v2\/media\/27948"}],"wp:attachment":[{"href":"https:\/\/serviclean.be\/de\/wp-json\/wp\/v2\/media?parent=27944"}],"wp:term":[{"taxonomy":"product_brand","embeddable":true,"href":"https:\/\/serviclean.be\/de\/wp-json\/wp\/v2\/product_brand?post=27944"},{"taxonomy":"product_cat","embeddable":true,"href":"https:\/\/serviclean.be\/de\/wp-json\/wp\/v2\/product_cat?post=27944"},{"taxonomy":"product_tag","embeddable":true,"href":"https:\/\/serviclean.be\/de\/wp-json\/wp\/v2\/product_tag?post=27944"}],"curies":[{"name":"wp","href":"https:\/\/api.w.org\/{rel}","templated":true}]}}