{"id":27906,"date":"2022-10-25T01:36:32","date_gmt":"2022-10-24T23:36:32","guid":{"rendered":"https:\/\/serviclean.be\/produit\/moerman-excelerator-2-0-abziehergriff\/"},"modified":"2022-10-25T01:36:32","modified_gmt":"2022-10-24T23:36:32","slug":"moerman-excelerator-2-0-abziehergriff","status":"publish","type":"product","link":"https:\/\/serviclean.be\/de\/produit\/moerman-excelerator-2-0-abziehergriff\/","title":{"rendered":"Moerman Excelerator 2.0 Abziehergriff"},"content":{"rendered":"<p>Entwickelt mit und f\u00fcr professionelle Fensterreiniger. Der Winkelw\u00e4hler erleichtert das Finden der perfekten Kante \u2013 ganz ohne Feinarbeit. Ob Sie mit einem starren oder schwenkbaren Abzieher reinigen: Der <strong>Excelerator 2.0<\/strong> hilft Ihnen, sich zu \u00fcbertreffen und schneller zu arbeiten.  <\/p>\n<div class=\"row mt-20 pl-8\">\n<div class=\"col-lg-6\">\n<div class=\"chars\">\n<ul>\n<li class=\"tab bullet-checkmark\">\n<p class=\"\" data-start=\"591\" data-end=\"625\"><strong data-start=\"591\" data-end=\"625\">Hauptmerkmale:<\/strong><\/p>\n<ul data-start=\"626\" data-end=\"1262\">\n<li class=\"\" data-start=\"626\" data-end=\"758\">\n<p class=\"\" data-start=\"628\" data-end=\"758\"><strong data-start=\"628\" data-end=\"670\">Verstellbarer Winkel (0\u00b0 \/ 10\u00b0 \/ 25\u00b0 \/ 40\u00b0)<\/strong>: erm\u00f6glicht eine pr\u00e4zise Kontrolle des Werkzeugs je nach Oberfl\u00e4che und Arbeitsbedingungen.<\/p>\n<\/li>\n<li class=\"\" data-start=\"759\" data-end=\"892\">\n<p class=\"\" data-start=\"761\" data-end=\"892\"><strong data-start=\"761\" data-end=\"786\">Schwenk- oder Fixmodus<\/strong>: Der Kopf kann f\u00fcr lineares Reinigen arretiert oder f\u00fcr den dynamischen Einsatz im S-Move freigegeben werden.<\/p>\n<\/li>\n<li class=\"\" data-start=\"893\" data-end=\"1032\">\n<p class=\"\" data-start=\"895\" data-end=\"1032\"><strong data-start=\"895\" data-end=\"929\">Schnellverriegelungssystem<\/strong>: einfacher und schneller Wechsel der Abzieher-Schienen (kompatibel mit Moerman Liquidator-Schienen).<\/p>\n<\/li>\n<li class=\"\" data-start=\"1033\" data-end=\"1136\">\n<p class=\"\" data-start=\"1035\" data-end=\"1136\"><strong data-start=\"1035\" data-end=\"1057\">Ergonomisches Design<\/strong>: rutschfester, komfortabler Griff \u2013 auch bei l\u00e4ngerer Nutzung.<\/p>\n<\/li>\n<li class=\"\" data-start=\"1137\" data-end=\"1262\">\n<p class=\"\" data-start=\"1139\" data-end=\"1262\"><strong data-start=\"1139\" data-end=\"1173\">Kompatibel mit Teleskopstange<\/strong>: passt sich leicht an konische Stiele an \u2013 f\u00fcr sicheres Arbeiten in der H\u00f6he.<\/p>\n<\/li>\n<\/ul>\n<\/li>\n<\/ul>\n<\/div>\n<\/div>\n<\/div>\n","protected":false},"excerpt":{"rendered":"<p>Der <strong data-start=\"281\" data-end=\"308\">Moerman Excelerator 2.0<\/strong> wurde f\u00fcr professionelle Fensterreiniger entwickelt und ist ein ergonomischer, innovativer Griff, der die Reinigung optimiert \u2013 selbst in schwer zug\u00e4nglichen Bereichen. Er ist Teil des <strong data-start=\"454\" data-end=\"462\">EASE<\/strong>-Systems von Moerman (Efficiency, Amazing results, Safe &amp; Ergonomic), das Leistung und Bedienkomfort verbessert.<br \/>\n<span style=\"color: #008000;\"><strong>Ref.: 5728<\/strong><\/span><\/p>\n","protected":false},"featured_media":27919,"template":"","meta":[],"product_brand":[],"product_cat":[576],"product_tag":[608],"class_list":{"0":"post-27906","1":"product","2":"type-product","3":"status-publish","4":"has-post-thumbnail","6":"product_cat-fensterreinigungszubehor","7":"product_tag-moerman","9":"first","10":"instock","11":"taxable","12":"shipping-taxable","13":"purchasable","14":"product-type-simple"},"acf":[],"_links":{"self":[{"href":"https:\/\/serviclean.be\/de\/wp-json\/wp\/v2\/product\/27906","targetHints":{"allow":["GET"]}}],"collection":[{"href":"https:\/\/serviclean.be\/de\/wp-json\/wp\/v2\/product"}],"about":[{"href":"https:\/\/serviclean.be\/de\/wp-json\/wp\/v2\/types\/product"}],"wp:featuredmedia":[{"embeddable":true,"href":"https:\/\/serviclean.be\/de\/wp-json\/wp\/v2\/media\/27919"}],"wp:attachment":[{"href":"https:\/\/serviclean.be\/de\/wp-json\/wp\/v2\/media?parent=27906"}],"wp:term":[{"taxonomy":"product_brand","embeddable":true,"href":"https:\/\/serviclean.be\/de\/wp-json\/wp\/v2\/product_brand?post=27906"},{"taxonomy":"product_cat","embeddable":true,"href":"https:\/\/serviclean.be\/de\/wp-json\/wp\/v2\/product_cat?post=27906"},{"taxonomy":"product_tag","embeddable":true,"href":"https:\/\/serviclean.be\/de\/wp-json\/wp\/v2\/product_tag?post=27906"}],"curies":[{"name":"wp","href":"https:\/\/api.w.org\/{rel}","templated":true}]}}