{"id":27878,"date":"2022-09-29T12:37:10","date_gmt":"2022-09-29T10:37:10","guid":{"rendered":"https:\/\/serviclean.be\/produit\/ergotec-ninja-fortgeschrittenes-4in1-kit\/"},"modified":"2022-09-29T12:37:10","modified_gmt":"2022-09-29T10:37:10","slug":"ergotec-ninja-fortgeschrittenes-4in1-kit","status":"publish","type":"product","link":"https:\/\/serviclean.be\/de\/produit\/ergotec-ninja-fortgeschrittenes-4in1-kit\/","title":{"rendered":"ErgoTec NINJA Fortgeschrittenes 4in1 Kit"},"content":{"rendered":"<h2 data-rm-block-id=\"block-1\">Was enth\u00e4lt das Kit?<\/h2>\n<ul>\n<li class=\"bullet-checkmark\" data-rm-block-id=\"block-2\"> Das ErgoTec NINJA Fortgeschrittenes 4in1 Kit von Unger ist eine ideale L\u00f6sung f\u00fcr Reinigungsfachkr\u00e4fte. Dieses Kit enth\u00e4lt hochwertige Werkzeuge, wie den 35 cm ErgoTec Ninja Fensterabzieher, der ein makelloses Ergebnis garantiert. Zusammen mit dem 35 cm ErgoTec Ninja Einwascher sorgt diese Kombination f\u00fcr eine effiziente und schnelle Reinigung von Glasfl\u00e4chen. Dar\u00fcber hinaus ist das 40 x 40 cm ErgoTec Ninja Microwipe perfekt, um die Reinigung zu perfektionieren, indem es Streifen und R\u00fcckst\u00e4nde entfernt. Mit dem ErgoTec Ninja Unger G\u00fcrteltasche profitieren professionelle Fensterreiniger von erh\u00f6hter Man\u00f6vrierf\u00e4higkeit, was ihre Eins\u00e4tze noch effizienter und komfortabler macht. Dieses Ninja-Kit erf\u00fcllt perfekt die Anforderungen professioneller Fensterreiniger in ihrem Streben nach Leistung und Qualit\u00e4t.     <\/li>\n<\/ul>\n","protected":false},"excerpt":{"rendered":"<p>Das ErgoTec Ninja Unger Premium Kit f\u00fcr die Glasreinigung ist ein leistungsstarkes Produkt f\u00fcr die professionelle Glasreinigung.<\/p>\n<p><span style=\"color: #008000;\"><strong>Art.-Nr.: 5662<\/strong><\/span><\/p>\n","protected":false},"featured_media":27902,"template":"","meta":[],"product_brand":[],"product_cat":[576],"product_tag":[577],"class_list":{"0":"post-27878","1":"product","2":"type-product","3":"status-publish","4":"has-post-thumbnail","6":"product_cat-fensterreinigungszubehor","7":"product_tag-unger","9":"first","10":"instock","11":"taxable","12":"shipping-taxable","13":"purchasable","14":"product-type-simple"},"acf":[],"_links":{"self":[{"href":"https:\/\/serviclean.be\/de\/wp-json\/wp\/v2\/product\/27878","targetHints":{"allow":["GET"]}}],"collection":[{"href":"https:\/\/serviclean.be\/de\/wp-json\/wp\/v2\/product"}],"about":[{"href":"https:\/\/serviclean.be\/de\/wp-json\/wp\/v2\/types\/product"}],"wp:featuredmedia":[{"embeddable":true,"href":"https:\/\/serviclean.be\/de\/wp-json\/wp\/v2\/media\/27902"}],"wp:attachment":[{"href":"https:\/\/serviclean.be\/de\/wp-json\/wp\/v2\/media?parent=27878"}],"wp:term":[{"taxonomy":"product_brand","embeddable":true,"href":"https:\/\/serviclean.be\/de\/wp-json\/wp\/v2\/product_brand?post=27878"},{"taxonomy":"product_cat","embeddable":true,"href":"https:\/\/serviclean.be\/de\/wp-json\/wp\/v2\/product_cat?post=27878"},{"taxonomy":"product_tag","embeddable":true,"href":"https:\/\/serviclean.be\/de\/wp-json\/wp\/v2\/product_tag?post=27878"}],"curies":[{"name":"wp","href":"https:\/\/api.w.org\/{rel}","templated":true}]}}