{"id":27872,"date":"2022-10-16T22:43:01","date_gmt":"2022-10-16T20:43:01","guid":{"rendered":"https:\/\/serviclean.be\/produit\/kaffeebecher-deckel-weiss-schwarz-dome-8oz-240ml-1000-stk\/"},"modified":"2022-10-16T22:43:01","modified_gmt":"2022-10-16T20:43:01","slug":"kaffeebecher-deckel-weiss-schwarz-dome-8oz-240ml-1000-stk","status":"publish","type":"product","link":"https:\/\/serviclean.be\/de\/produit\/kaffeebecher-deckel-weiss-schwarz-dome-8oz-240ml-1000-stk\/","title":{"rendered":"Kaffeebecher-Deckel Wei\u00df\/Schwarz Dome 8oz\/240ml 1000 Stk."},"content":{"rendered":"<p>Ideal f\u00fcr Tee, Kaffee, hei\u00dfe Schokolade und Suppe. Unsere Becherdeckel sind perfekt f\u00fcr alle Hei\u00dfgetr\u00e4nke. Dieser Deckel hat die passende Gr\u00f6\u00dfe und ist eine ausgezeichnete L\u00f6sung f\u00fcr die meisten Becher f\u00fcr Kaffeemaschinen.  <\/p>\n<p>Diese Deckel sind perfekt f\u00fcr Gastronomie, Events, Horeca und Food-Trucks<\/p>\n<p>Fassungsverm\u00f6gen: 240ml \/ 8oz<\/p>\n<p>Farbe: Wei\u00df<\/p>\n<p>Material: PS<\/p>\n<p>Karton: 10&#215;100 Stk.<\/p>\n","protected":false},"excerpt":{"rendered":"<p>Praktische Deckel f\u00fcr Hei\u00dfgetr\u00e4nke (Kaffee, Tee, Schokolade, Suppe), kompatibel mit den meisten Bechern. Perfekt f\u00fcr Horeca, Events und Food-Trucks. <\/p>\n<p><span style=\"color: #008000;\"><strong>Ref: 0647, 0635<\/strong><\/span><\/p>\n","protected":false},"featured_media":27865,"template":"","meta":[],"product_brand":[],"product_cat":[624,672,667],"product_tag":[],"class_list":{"0":"post-27872","1":"product","2":"type-product","3":"status-publish","4":"has-post-thumbnail","6":"product_cat-catering","7":"product_cat-kaffeebecher-deckel","8":"product_cat-pappbecher-aus-kraftpapier","10":"first","11":"instock","12":"taxable","13":"shipping-taxable","14":"purchasable","15":"product-type-variable"},"acf":[],"_links":{"self":[{"href":"https:\/\/serviclean.be\/de\/wp-json\/wp\/v2\/product\/27872","targetHints":{"allow":["GET"]}}],"collection":[{"href":"https:\/\/serviclean.be\/de\/wp-json\/wp\/v2\/product"}],"about":[{"href":"https:\/\/serviclean.be\/de\/wp-json\/wp\/v2\/types\/product"}],"wp:featuredmedia":[{"embeddable":true,"href":"https:\/\/serviclean.be\/de\/wp-json\/wp\/v2\/media\/27865"}],"wp:attachment":[{"href":"https:\/\/serviclean.be\/de\/wp-json\/wp\/v2\/media?parent=27872"}],"wp:term":[{"taxonomy":"product_brand","embeddable":true,"href":"https:\/\/serviclean.be\/de\/wp-json\/wp\/v2\/product_brand?post=27872"},{"taxonomy":"product_cat","embeddable":true,"href":"https:\/\/serviclean.be\/de\/wp-json\/wp\/v2\/product_cat?post=27872"},{"taxonomy":"product_tag","embeddable":true,"href":"https:\/\/serviclean.be\/de\/wp-json\/wp\/v2\/product_tag?post=27872"}],"curies":[{"name":"wp","href":"https:\/\/api.w.org\/{rel}","templated":true}]}}