{"id":27871,"date":"2023-09-22T17:31:34","date_gmt":"2023-09-22T15:31:34","guid":{"rendered":"https:\/\/serviclean.be\/produit\/bref-power-anti-kalk-schmutz\/"},"modified":"2023-09-22T17:31:34","modified_gmt":"2023-09-22T15:31:34","slug":"bref-power-anti-kalk-schmutz","status":"publish","type":"product","link":"https:\/\/serviclean.be\/de\/produit\/bref-power-anti-kalk-schmutz\/","title":{"rendered":"Bref Power \u2013 Anti-Kalk &amp; Schmutz"},"content":{"rendered":"<p>Bref Power Anti-Kalk &amp; Schmutz ist der ideale Reiniger, um Kalkablagerungen und hartn\u00e4ckigen Schmutz im Haushalt effektiv zu entfernen. Seine innovative Anti-Tropfen-Formel sorgt f\u00fcr eine gleichm\u00e4\u00dfige Anwendung und verz\u00f6gert die Kalkbildung, f\u00fcr eine dauerhafte und makellose Reinigung. <\/p>\n<p>Dank seiner 2-Phasen-Dufttechnologie verbindet er Leistung und Komfort:<\/p>\n<ul>\n<li>Eine kraftvolle Reinigung gegen Kalk und Schmutz,<\/li>\n<li>Eine angenehme Frische, die nach der Reinigung bleibt.<\/li>\n<\/ul>\n<p>Praktisch und vielseitig, kann er im Badezimmer, in der K\u00fcche und auf allen wasserbest\u00e4ndigen Oberfl\u00e4chen (Armaturen, Fliesen, Duschkabinen, Sp\u00fclbecken) verwendet werden.<\/p>\n<p><strong>Technische Daten:<\/strong><\/p>\n<ul>\n<li>Produktname: Bref Power \u2013 Anti-Kalk &amp; Schmutz<\/li>\n<li>Typ: Multi-Oberfl\u00e4chen-Anti-Kalk-Reiniger<\/li>\n<\/ul>\n<p><strong>Eigenschaften:<\/strong><\/p>\n<ul>\n<li>L\u00f6st Kalk und Schmutz<\/li>\n<li>Anti-Tropfen-Formel, die Ablagerungen verz\u00f6gert<\/li>\n<li>Kraftvolle und schnelle Reinigung<\/li>\n<li>2-Phasen-Dufttechnologie<\/li>\n<\/ul>\n<p><strong>Kompatible Untergr\u00fcnde:<\/strong><\/p>\n<ul>\n<li>Sp\u00fclbecken und Armaturen<\/li>\n<li>Duschen und Badewannen<\/li>\n<li>Fliesen und wasserbest\u00e4ndige Oberfl\u00e4chen<\/li>\n<\/ul>\n<p><strong>Anwendungsbereiche:<\/strong><\/p>\n<ul>\n<li>Badezimmer<\/li>\n<li>K\u00fcche<\/li>\n<li>Sanit\u00e4rbereiche<\/li>\n<\/ul>\n<p><strong>Gebrauchsanweisung:<\/strong><\/p>\n<ul>\n<li>Ohne Schaum (normaler Schmutz): Schaumd\u00fcse anheben.<\/li>\n<li>Mit Schaum (hartn\u00e4ckiger Schmutz): Schaumd\u00fcse herunterklappen.<\/li>\n<li>Produkt auf die Oberfl\u00e4che spr\u00fchen.<\/li>\n<li>Maximal 5 Minuten einwirken lassen.<\/li>\n<li>Gr\u00fcndlich mit klarem Wasser absp\u00fclen.<\/li>\n<li>Im Zweifelsfall an einer kleinen, verdeckten Stelle testen.<\/li>\n<\/ul>\n","protected":false},"excerpt":{"rendered":"<p>Bref Power Anti-Kalk &amp; Schmutz. Anti-Tropfen-Formel, entfernt Kalk und Schmutz. Doppelte Wirkung: kraftvolle Reinigung + duftende Frische.  <\/p>\n<p><strong><span style=\"color: #008000;\">Art.-Nr.: 0318<\/span><\/strong><\/p>\n","protected":false},"featured_media":27873,"template":"","meta":[],"product_brand":[],"product_cat":[614],"product_tag":[],"class_list":{"0":"post-27871","1":"product","2":"type-product","3":"status-publish","4":"has-post-thumbnail","6":"product_cat-sanitarprodukte","8":"first","9":"instock","10":"taxable","11":"shipping-taxable","12":"purchasable","13":"product-type-simple"},"acf":[],"_links":{"self":[{"href":"https:\/\/serviclean.be\/de\/wp-json\/wp\/v2\/product\/27871","targetHints":{"allow":["GET"]}}],"collection":[{"href":"https:\/\/serviclean.be\/de\/wp-json\/wp\/v2\/product"}],"about":[{"href":"https:\/\/serviclean.be\/de\/wp-json\/wp\/v2\/types\/product"}],"wp:featuredmedia":[{"embeddable":true,"href":"https:\/\/serviclean.be\/de\/wp-json\/wp\/v2\/media\/27873"}],"wp:attachment":[{"href":"https:\/\/serviclean.be\/de\/wp-json\/wp\/v2\/media?parent=27871"}],"wp:term":[{"taxonomy":"product_brand","embeddable":true,"href":"https:\/\/serviclean.be\/de\/wp-json\/wp\/v2\/product_brand?post=27871"},{"taxonomy":"product_cat","embeddable":true,"href":"https:\/\/serviclean.be\/de\/wp-json\/wp\/v2\/product_cat?post=27871"},{"taxonomy":"product_tag","embeddable":true,"href":"https:\/\/serviclean.be\/de\/wp-json\/wp\/v2\/product_tag?post=27871"}],"curies":[{"name":"wp","href":"https:\/\/api.w.org\/{rel}","templated":true}]}}