{"id":27859,"date":"2023-09-02T13:25:51","date_gmt":"2023-09-02T11:25:51","guid":{"rendered":"https:\/\/serviclean.be\/produit\/harpic-gel-bleichmittel-glanz-weisse-wc\/"},"modified":"2023-09-02T13:25:51","modified_gmt":"2023-09-02T11:25:51","slug":"harpic-gel-bleichmittel-glanz-weisse-wc","status":"publish","type":"product","link":"https:\/\/serviclean.be\/de\/produit\/harpic-gel-bleichmittel-glanz-weisse-wc\/","title":{"rendered":"Harpic Gel Bleichmittel \u2013 Glanz &amp; Wei\u00dfe WC"},"content":{"rendered":"<p>Harpic Gel Bleichmittel ist ein kraftvoller WC-Reiniger, der die Wirksamkeit von Bleichmittel und Natron kombiniert f\u00fcr strahlende und perfekt hygienische Toiletten. Seine Formel wirkt tiefenwirksam, um zu reinigen, zu desinfizieren und 99,99 % der Bakterien zu beseitigen, w\u00e4hrend sie dem Email Glanz und Wei\u00dfe zur\u00fcckgibt. <\/p>\n<p>Dank seiner gebogenen D\u00fcse gew\u00e4hrleistet er eine maximale Abdeckung der Sch\u00fcssel, auch unter den R\u00e4ndern, f\u00fcr eine vollst\u00e4ndige und gleichm\u00e4\u00dfige Reinigung. Regelm\u00e4\u00dfig angewendet, hinterl\u00e4sst er Ihre Toiletten desinfiziert, gl\u00e4nzend und von makelloser Wei\u00dfe. <\/p>\n<p>Ideal zur Aufrechterhaltung einer tadellosen Hygiene zu Hause wie in professionellen Umgebungen.<\/p>\n<p><strong>Technische Daten:<\/strong><\/p>\n<ul>\n<li>Produktname: Harpic Gel Bleichmittel \u2013 Glanz &amp; Wei\u00dfe<\/li>\n<li>Typ: WC-Reiniger mit Bleichmittel<\/li>\n<\/ul>\n<p><strong>Eigenschaften:<\/strong><\/p>\n<ul>\n<li>Reinigt und desinfiziert tiefenwirksam<\/li>\n<li>Beseitigt 99,99 % der Bakterien<\/li>\n<li>Gibt dem Email Glanz und Wei\u00dfe zur\u00fcck<\/li>\n<li>Dickfl\u00fcssiges Gel mit maximaler Abdeckung<\/li>\n<li>Formel angereichert mit Natron<\/li>\n<\/ul>\n<p><strong>Anwendungsbereiche:<\/strong><\/p>\n<ul>\n<li>Haushaltstoiletten<\/li>\n<li>Gemeinschafts- und Gewerbesanit\u00e4ranlagen<\/li>\n<\/ul>\n<p><strong>Gebrauchsanweisung:<\/strong><\/p>\n<ul>\n<li>Zum \u00d6ffnen die nicht geriffelten Teile des Verschlusses dr\u00fccken und aufschrauben. Zum Schlie\u00dfen bis zum Einrasten zuschrauben. <\/li>\n<li>Den Toilettensitz anheben. Die D\u00fcse unter den Rand platzieren und die Flasche dr\u00fccken, um das Gel aufzutragen. <\/li>\n<li>15 Minuten f\u00fcr eine desinfizierende Wirkung einwirken lassen, dann b\u00fcrsten und sp\u00fclen.<\/li>\n<li>F\u00fcr ein optimales Ergebnis \u00fcber Nacht einwirken lassen.<\/li>\n<\/ul>\n","protected":false},"excerpt":{"rendered":"<p>Harpic Gel Bleichmittel WC. Reinigt, desinfiziert und bleicht das Email. Beseitigt 99,99 % der Bakterien. Dickfl\u00fcssiges Gel angereichert mit Natron, tiefenwirksame und langanhaltende Wirkung.   <\/p>\n<p><strong><span style=\"color: #008000;\">Ref: 1468<\/span><\/strong><\/p>\n","protected":false},"featured_media":27861,"template":"","meta":[],"product_brand":[],"product_cat":[614],"product_tag":[],"class_list":{"0":"post-27859","1":"product","2":"type-product","3":"status-publish","4":"has-post-thumbnail","6":"product_cat-sanitarprodukte","8":"first","9":"instock","10":"taxable","11":"shipping-taxable","12":"purchasable","13":"product-type-simple"},"acf":[],"_links":{"self":[{"href":"https:\/\/serviclean.be\/de\/wp-json\/wp\/v2\/product\/27859","targetHints":{"allow":["GET"]}}],"collection":[{"href":"https:\/\/serviclean.be\/de\/wp-json\/wp\/v2\/product"}],"about":[{"href":"https:\/\/serviclean.be\/de\/wp-json\/wp\/v2\/types\/product"}],"wp:featuredmedia":[{"embeddable":true,"href":"https:\/\/serviclean.be\/de\/wp-json\/wp\/v2\/media\/27861"}],"wp:attachment":[{"href":"https:\/\/serviclean.be\/de\/wp-json\/wp\/v2\/media?parent=27859"}],"wp:term":[{"taxonomy":"product_brand","embeddable":true,"href":"https:\/\/serviclean.be\/de\/wp-json\/wp\/v2\/product_brand?post=27859"},{"taxonomy":"product_cat","embeddable":true,"href":"https:\/\/serviclean.be\/de\/wp-json\/wp\/v2\/product_cat?post=27859"},{"taxonomy":"product_tag","embeddable":true,"href":"https:\/\/serviclean.be\/de\/wp-json\/wp\/v2\/product_tag?post=27859"}],"curies":[{"name":"wp","href":"https:\/\/api.w.org\/{rel}","templated":true}]}}