{"id":27843,"date":"2023-09-15T15:31:12","date_gmt":"2023-09-15T13:31:12","guid":{"rendered":"https:\/\/serviclean.be\/produit\/reinigungswagen-green-460-ohne-presse\/"},"modified":"2023-09-15T15:31:12","modified_gmt":"2023-09-15T13:31:12","slug":"reinigungswagen-green-460-ohne-presse","status":"publish","type":"product","link":"https:\/\/serviclean.be\/de\/produit\/reinigungswagen-green-460-ohne-presse\/","title":{"rendered":"REINIGUNGSWAGEN GREEN 460 OHNE PRESSE"},"content":{"rendered":"<p>Was beinhaltet der REINIGUNGSWAGEN GREEN 460?<\/p>\n<p>1 Eimer mit Henkel am Rand, 6 L, blau<br \/>\n1 Eimer mit Henkel am Rand, 6 L, rot<br \/>\n1 Eimer mit Henkel am Rand, 6 L, gelb<br \/>\n1 Eimer mit Henkel am Rand, 6 L, gr\u00fcn<br \/>\n1 Stielhalter f\u00fcr Rohrpfosten \u00f8 22 mm, schraubenloser Verschluss, gr\u00fcn<br \/>\n1 Eimer 15 L, blau<br \/>\n1 Eimer 15 L, rot<br \/>\n2 Metallpfosten Rilsan, wei\u00df<br \/>\n1 Metall-Pressenhalter Rilsan, wei\u00df<br \/>\n2 Gro\u00dfe zentrale Kassette, 38&#215;49 cm, f\u00fcr 4 Eimer \u00e0 6 L<br \/>\n1 Set Klebeetiketten f\u00fcr Eimer<br \/>\n1 Klappbarer Sackhalter f\u00fcr Green Wagen, Fassungsverm\u00f6gen 120 L<br \/>\n1 Ablage f\u00fcr blauen Sackhalter<br \/>\n1 Gro\u00dfe Green Basis, 100x49cm, mit R\u00e4dern \u00f8 100 mm<\/p>\n","protected":false},"excerpt":{"rendered":"<p>Der REINIGUNGSWAGEN GREEN 460 OHNE PRESSE ist ein vielseitiger Wagen aus Polypropylen und Metall, der gro\u00dfe Flexibilit\u00e4t f\u00fcr alle Reinigungsarbeiten bietet. Er eignet sich besonders f\u00fcr mittlere bis gro\u00dfe Umgebungen, in denen ein Aussp\u00fclen des Mopps erforderlich ist. Ausgestattet mit spezifischem Zubeh\u00f6r passt sich dieser Wagen leicht an die verschiedenen Anforderungen der Reinigungsaufgaben an. Sein robustes und funktionales Design macht ihn zu einem unverzichtbaren Werkzeug f\u00fcr optimale Effizienz.   <\/p>\n<p><strong><span style=\"color: #008000;\">Art.-Nr. : 5848<\/span><\/strong><\/p>\n","protected":false},"featured_media":27852,"template":"","meta":[],"product_brand":[],"product_cat":[606],"product_tag":[],"class_list":{"0":"post-27843","1":"product","2":"type-product","3":"status-publish","4":"has-post-thumbnail","6":"product_cat-reinigungswagen-staubsauger","8":"first","9":"instock","10":"taxable","11":"shipping-taxable","12":"purchasable","13":"product-type-simple"},"acf":[],"_links":{"self":[{"href":"https:\/\/serviclean.be\/de\/wp-json\/wp\/v2\/product\/27843","targetHints":{"allow":["GET"]}}],"collection":[{"href":"https:\/\/serviclean.be\/de\/wp-json\/wp\/v2\/product"}],"about":[{"href":"https:\/\/serviclean.be\/de\/wp-json\/wp\/v2\/types\/product"}],"wp:featuredmedia":[{"embeddable":true,"href":"https:\/\/serviclean.be\/de\/wp-json\/wp\/v2\/media\/27852"}],"wp:attachment":[{"href":"https:\/\/serviclean.be\/de\/wp-json\/wp\/v2\/media?parent=27843"}],"wp:term":[{"taxonomy":"product_brand","embeddable":true,"href":"https:\/\/serviclean.be\/de\/wp-json\/wp\/v2\/product_brand?post=27843"},{"taxonomy":"product_cat","embeddable":true,"href":"https:\/\/serviclean.be\/de\/wp-json\/wp\/v2\/product_cat?post=27843"},{"taxonomy":"product_tag","embeddable":true,"href":"https:\/\/serviclean.be\/de\/wp-json\/wp\/v2\/product_tag?post=27843"}],"curies":[{"name":"wp","href":"https:\/\/api.w.org\/{rel}","templated":true}]}}