{"id":27839,"date":"2023-10-24T16:41:34","date_gmt":"2023-10-24T14:41:34","guid":{"rendered":"https:\/\/serviclean.be\/produit\/weicher-polyesterbesen-30-40-50-60-cm-gruen\/"},"modified":"2023-10-24T16:41:34","modified_gmt":"2023-10-24T14:41:34","slug":"weicher-polyesterbesen-30-40-50-60-cm-gruen","status":"publish","type":"product","link":"https:\/\/serviclean.be\/de\/produit\/weicher-polyesterbesen-30-40-50-60-cm-gruen\/","title":{"rendered":"Weicher Polyesterbesen 30\/40\/50\/60 cm GR\u00dcN"},"content":{"rendered":"<p>Der weiche gr\u00fcne Polyesterbesen ist f\u00fcr eine optimale Bodenreinigung im Lebensmittelbereich, in K\u00fcchen und Restaurants konzipiert. Er kombiniert harte Fasern vorne, um hartn\u00e4ckigen Staub und schwere Verschmutzungen effektiv zu entfernen, und weiche Fasern hinten, um feine Partikel zusammenzufegen. Erh\u00e4ltlich in den Gr\u00f6\u00dfen 30, 40, 50 und 60 cm, erm\u00f6glicht er eine schnelle und pr\u00e4zise Reinigung unter Einhaltung strenger Hygienestandards. Die ideale Wahl f\u00fcr makellose Sauberkeit in professionellen Umgebungen.   <\/p>\n","protected":false},"excerpt":{"rendered":"<p>Weicher gr\u00fcner Polyesterbesen, ideal f\u00fcr B\u00f6den im Lebensmittelbereich, mit harten Fasern f\u00fcr schwere Verschmutzungen und weichen f\u00fcr feine Partikel.<\/p>\n<p><span style=\"color: #008000;\"><strong>REF: 0226, 0229, 0227, 0231<\/strong><\/span><\/p>\n","protected":false},"featured_media":27848,"template":"","meta":[],"product_brand":[],"product_cat":[594],"product_tag":[],"class_list":{"0":"post-27839","1":"product","2":"type-product","3":"status-publish","4":"has-post-thumbnail","6":"product_cat-bursten-und-abzieher","8":"first","9":"instock","10":"taxable","11":"shipping-taxable","12":"purchasable","13":"product-type-variable"},"acf":[],"_links":{"self":[{"href":"https:\/\/serviclean.be\/de\/wp-json\/wp\/v2\/product\/27839","targetHints":{"allow":["GET"]}}],"collection":[{"href":"https:\/\/serviclean.be\/de\/wp-json\/wp\/v2\/product"}],"about":[{"href":"https:\/\/serviclean.be\/de\/wp-json\/wp\/v2\/types\/product"}],"wp:featuredmedia":[{"embeddable":true,"href":"https:\/\/serviclean.be\/de\/wp-json\/wp\/v2\/media\/27848"}],"wp:attachment":[{"href":"https:\/\/serviclean.be\/de\/wp-json\/wp\/v2\/media?parent=27839"}],"wp:term":[{"taxonomy":"product_brand","embeddable":true,"href":"https:\/\/serviclean.be\/de\/wp-json\/wp\/v2\/product_brand?post=27839"},{"taxonomy":"product_cat","embeddable":true,"href":"https:\/\/serviclean.be\/de\/wp-json\/wp\/v2\/product_cat?post=27839"},{"taxonomy":"product_tag","embeddable":true,"href":"https:\/\/serviclean.be\/de\/wp-json\/wp\/v2\/product_tag?post=27839"}],"curies":[{"name":"wp","href":"https:\/\/api.w.org\/{rel}","templated":true}]}}