{"id":27832,"date":"2023-09-15T12:07:21","date_gmt":"2023-09-15T10:07:21","guid":{"rendered":"https:\/\/serviclean.be\/produit\/staubwischhalter-bit-40-cm\/"},"modified":"2023-09-15T12:07:21","modified_gmt":"2023-09-15T10:07:21","slug":"staubwischhalter-bit-40-cm","status":"publish","type":"product","link":"https:\/\/serviclean.be\/de\/produit\/staubwischhalter-bit-40-cm\/","title":{"rendered":"STAUBWISCHHALTER BIT \u2013 40 CM"},"content":{"rendered":"<p>System mit neigbarem Staubwischrahmen. Ideal f\u00fcr die schnelle und pr\u00e4zise Reinigung von hohen, tiefen oder schr\u00e4gen, schwer zug\u00e4nglichen Oberfl\u00e4chen. <\/p>\n<p><strong>Vorteile<br \/>\n<\/strong><\/p>\n<ul>\n<li class=\"bullet-checkmark\">Universell: Dank der Befestigungspads mit geeigneten Fransen oder Einwegfransen aus Viskose oder antistatischen Fransen verwendbar.<\/li>\n<li class=\"bullet-checkmark\">Reduziert die Reinigungszeit: durch die gro\u00dfe Sammelfl\u00e4che im Vergleich zur manuellen Reinigung.<\/li>\n<li class=\"bullet-checkmark\">Effizient: Seine starre Struktur erm\u00f6glicht einen konstanten Druck \u00fcber die gesamte L\u00e4nge des Staubwischhalters.<\/li>\n<li class=\"bullet-checkmark\">Reduziert den Kraftaufwand: Schwer erreichbare Oberfl\u00e4chen werden leicht zug\u00e4nglich.<\/li>\n<\/ul>\n<p><strong>Material:<\/strong><br \/>\nAluminium, Polypropylen<\/p>\n<p>&nbsp;<\/p>\n","protected":false},"excerpt":{"rendered":"<p>Neigbarer Staubwischhalter bis zu 270\u00b0, Befestigungspads und Lampo-Systemgriff mit abnehmbarer Kappe.<\/p>\n<p><strong><span style=\"color: #008000;\">REF: 5772<\/span><\/strong><\/p>\n","protected":false},"featured_media":27837,"template":"","meta":[],"product_brand":[],"product_cat":[600],"product_tag":[],"class_list":{"0":"post-27832","1":"product","2":"type-product","3":"status-publish","4":"has-post-thumbnail","6":"product_cat-kehren-entstauben","8":"first","9":"instock","10":"taxable","11":"shipping-taxable","12":"purchasable","13":"product-type-simple"},"acf":[],"_links":{"self":[{"href":"https:\/\/serviclean.be\/de\/wp-json\/wp\/v2\/product\/27832","targetHints":{"allow":["GET"]}}],"collection":[{"href":"https:\/\/serviclean.be\/de\/wp-json\/wp\/v2\/product"}],"about":[{"href":"https:\/\/serviclean.be\/de\/wp-json\/wp\/v2\/types\/product"}],"wp:featuredmedia":[{"embeddable":true,"href":"https:\/\/serviclean.be\/de\/wp-json\/wp\/v2\/media\/27837"}],"wp:attachment":[{"href":"https:\/\/serviclean.be\/de\/wp-json\/wp\/v2\/media?parent=27832"}],"wp:term":[{"taxonomy":"product_brand","embeddable":true,"href":"https:\/\/serviclean.be\/de\/wp-json\/wp\/v2\/product_brand?post=27832"},{"taxonomy":"product_cat","embeddable":true,"href":"https:\/\/serviclean.be\/de\/wp-json\/wp\/v2\/product_cat?post=27832"},{"taxonomy":"product_tag","embeddable":true,"href":"https:\/\/serviclean.be\/de\/wp-json\/wp\/v2\/product_tag?post=27832"}],"curies":[{"name":"wp","href":"https:\/\/api.w.org\/{rel}","templated":true}]}}