{"id":27827,"date":"2023-10-29T19:15:29","date_gmt":"2023-10-29T18:15:29","guid":{"rendered":"https:\/\/serviclean.be\/produit\/miror-kupferreiniger-250-ml\/"},"modified":"2023-10-29T19:15:29","modified_gmt":"2023-10-29T18:15:29","slug":"miror-kupferreiniger-250-ml","status":"publish","type":"product","link":"https:\/\/serviclean.be\/de\/produit\/miror-kupferreiniger-250-ml\/","title":{"rendered":"Miror Kupferreiniger 250 ml"},"content":{"rendered":"<p>Kupfer gl\u00e4nzt m\u00fchelos und dauerhaft. Kupfer, Messing, Bronze, Aluminium, Stahl. Miror Cuivre reinigt gr\u00fcndlich und l\u00e4sst Rotkupfer, Gelbkupfer (Messing), Bronze, Aluminium, Stahl und Zink dauerhaft gl\u00e4nzen.<br \/>\nDank seiner antioxidativen Formel entfernt Miror Ablagerungen und verlangsamt die Reoxidation \u00fcber mehrere Monate.<br \/>\nDie Kupfer-Formel wird auch zur Reinigung von Auto- und Motorradfelgen, Fahrradspeichen, Gasherd-Brennern, Kaminb\u00f6cken, Hartplastik (Plexiglas) sowie lackierten oder emaillierten Oberfl\u00e4chen empfohlen.<br \/>\nFlasche mit 250 ml.  <\/p>\n","protected":false},"excerpt":{"rendered":"<p>Miror Reiniger f\u00fcr Kupfer, Aluminium und viele andere Metalle, der einen sch\u00f6nen Glanz hinterl\u00e4sst<\/p>\n<p><span style=\"color: #008000;\"><strong>Art.-Nr.: 5890<\/strong><\/span><\/p>\n","protected":false},"featured_media":27835,"template":"","meta":[],"product_brand":[],"product_cat":[668],"product_tag":[],"class_list":{"0":"post-27827","1":"product","2":"type-product","3":"status-publish","4":"has-post-thumbnail","6":"product_cat-pflege-fur-silber-kupfer","8":"first","9":"instock","10":"taxable","11":"shipping-taxable","12":"product-type-simple"},"acf":[],"_links":{"self":[{"href":"https:\/\/serviclean.be\/de\/wp-json\/wp\/v2\/product\/27827","targetHints":{"allow":["GET"]}}],"collection":[{"href":"https:\/\/serviclean.be\/de\/wp-json\/wp\/v2\/product"}],"about":[{"href":"https:\/\/serviclean.be\/de\/wp-json\/wp\/v2\/types\/product"}],"wp:featuredmedia":[{"embeddable":true,"href":"https:\/\/serviclean.be\/de\/wp-json\/wp\/v2\/media\/27835"}],"wp:attachment":[{"href":"https:\/\/serviclean.be\/de\/wp-json\/wp\/v2\/media?parent=27827"}],"wp:term":[{"taxonomy":"product_brand","embeddable":true,"href":"https:\/\/serviclean.be\/de\/wp-json\/wp\/v2\/product_brand?post=27827"},{"taxonomy":"product_cat","embeddable":true,"href":"https:\/\/serviclean.be\/de\/wp-json\/wp\/v2\/product_cat?post=27827"},{"taxonomy":"product_tag","embeddable":true,"href":"https:\/\/serviclean.be\/de\/wp-json\/wp\/v2\/product_tag?post=27827"}],"curies":[{"name":"wp","href":"https:\/\/api.w.org\/{rel}","templated":true}]}}