{"id":27822,"date":"2023-09-15T12:54:05","date_gmt":"2023-09-15T10:54:05","guid":{"rendered":"https:\/\/serviclean.be\/produit\/acryl-fransenmop-bendy-und-bit-40-cm\/"},"modified":"2023-09-15T12:54:05","modified_gmt":"2023-09-15T10:54:05","slug":"acryl-fransenmop-bendy-und-bit-40-cm","status":"publish","type":"product","link":"https:\/\/serviclean.be\/de\/produit\/acryl-fransenmop-bendy-und-bit-40-cm\/","title":{"rendered":"ACRYL-FRANSENMOP BENDY UND BIT &#8211; 40 CM"},"content":{"rendered":"<p data-rm-block-id=\"block-1\">Der ACRYL-FRANSENMOP BENDY UND BIT (40 cm) ist eine innovative L\u00f6sung f\u00fcr die Pflege hochgelegener Fl\u00e4chen. Dank seines flexiblen oder neigbaren Staubwedel-Systems erm\u00f6glicht er einen einfachen Zugang zu schwer erreichbaren Stellen. Dieses Ger\u00e4t eignet sich besonders f\u00fcr eine schnelle und pr\u00e4zise Reinigung und garantiert tadellose Ergebnisse. Sein Acryl-Design sorgt nicht nur f\u00fcr optimale Langlebigkeit, sondern auch f\u00fcr eine gesteigerte Effizienz bei der Entfernung von Staub und Schmutz. Mit dem ACRYL-FRANSENMOP BENDY UND BIT entscheiden Sie sich f\u00fcr ein professionelles Reinigungswerkzeug, das Leistung und Praktikabilit\u00e4t vereint.    <\/p>\n<p data-rm-block-id=\"block-3\">\n","protected":false},"excerpt":{"rendered":"<p>Die blaue Acryl-Franse f\u00fcr Bendy- und Bit-Halter (40 cm) ist eine innovative L\u00f6sung f\u00fcr die Pflege hochgelegener Fl\u00e4chen. Dank ihres flexiblen oder neigbaren Staubwedel-Systems erm\u00f6glicht sie einen einfachen Zugang zu schwer erreichbaren Stellen. <\/p>\n<p><span style=\"color: #00a859;\"><strong>Ref: 0002<\/strong><\/span><\/p>\n","protected":false},"featured_media":27828,"template":"","meta":[],"product_brand":[],"product_cat":[600],"product_tag":[],"class_list":{"0":"post-27822","1":"product","2":"type-product","3":"status-publish","4":"has-post-thumbnail","6":"product_cat-kehren-entstauben","8":"first","9":"instock","10":"taxable","11":"shipping-taxable","12":"purchasable","13":"product-type-simple"},"acf":[],"_links":{"self":[{"href":"https:\/\/serviclean.be\/de\/wp-json\/wp\/v2\/product\/27822","targetHints":{"allow":["GET"]}}],"collection":[{"href":"https:\/\/serviclean.be\/de\/wp-json\/wp\/v2\/product"}],"about":[{"href":"https:\/\/serviclean.be\/de\/wp-json\/wp\/v2\/types\/product"}],"wp:featuredmedia":[{"embeddable":true,"href":"https:\/\/serviclean.be\/de\/wp-json\/wp\/v2\/media\/27828"}],"wp:attachment":[{"href":"https:\/\/serviclean.be\/de\/wp-json\/wp\/v2\/media?parent=27822"}],"wp:term":[{"taxonomy":"product_brand","embeddable":true,"href":"https:\/\/serviclean.be\/de\/wp-json\/wp\/v2\/product_brand?post=27822"},{"taxonomy":"product_cat","embeddable":true,"href":"https:\/\/serviclean.be\/de\/wp-json\/wp\/v2\/product_cat?post=27822"},{"taxonomy":"product_tag","embeddable":true,"href":"https:\/\/serviclean.be\/de\/wp-json\/wp\/v2\/product_tag?post=27822"}],"curies":[{"name":"wp","href":"https:\/\/api.w.org\/{rel}","templated":true}]}}