{"id":27776,"date":"2021-05-04T21:56:35","date_gmt":"2021-05-04T19:56:35","guid":{"rendered":"https:\/\/serviclean.be\/produit\/havon-ultra-waschpulver-18-kg-profi-bleichpulver\/"},"modified":"2021-05-04T21:56:35","modified_gmt":"2021-05-04T19:56:35","slug":"havon-ultra-waschpulver-18-kg-profi-bleichpulver","status":"publish","type":"product","link":"https:\/\/serviclean.be\/de\/produit\/havon-ultra-waschpulver-18-kg-profi-bleichpulver\/","title":{"rendered":"Havon Ultra Waschpulver 18 kg \u2013 Profi-Bleichpulver"},"content":{"rendered":"<p>Havon Ultra ist ein Hochleistungs-Waschpulver, das f\u00fcr die effektive Entfernung hartn\u00e4ckiger Flecken entwickelt wurde, insbesondere bei stark verschmutzten Textilien wie K\u00fcchenw\u00e4sche oder Kochw\u00e4sche.<\/p>\n<p>Es ist f\u00fcr alle Temperaturen (30\u00b0C bis 95\u00b0C) formuliert und entfaltet seine Bleichkraft bereits ab 40\u00b0C, was strahlend saubere W\u00e4sche garantiert. Dieses Pulver ist sowohl f\u00fcr weiches als auch f\u00fcr hartes Wasser geeignet und ideal f\u00fcr professionelle W\u00e4schereien, Gro\u00dfverbraucher oder anspruchsvolle Umgebungen. <\/p>\n<p>Verpackt in einem 18 kg Plastiksack, kombiniert es Effizienz, Ergiebigkeit und Praktikabilit\u00e4t.<\/p>\n<p><strong>Technische Daten:<\/strong><\/p>\n<ul>\n<li>Produktname: Havon Ultra<\/li>\n<li>Typ: Waschpulver<\/li>\n<li>Inhalt: 18 kg<\/li>\n<li>Empfohlene Anwendung: Wei\u00dfe Textilien, K\u00fcchenw\u00e4sche, stark verschmutzte W\u00e4sche<\/li>\n<li>Bleichen: Aktiv ab 40\u00b0C<\/li>\n<li>Anwendungstemperaturen: 30\u00b0C bis 95\u00b0C<\/li>\n<li>Wasserkompatibilit\u00e4t: Weiches und hartes Wasser<\/li>\n<li>Fleckentfernung: Sehr hohe Leistung<\/li>\n<li>Verpackung: Robuster 18 kg Plastiksack<\/li>\n<li>Zielgruppe: Fachleute, Gro\u00dfverbraucher, Gastronomie, Krankenh\u00e4user usw.<\/li>\n<\/ul>\n<p><strong>Gebrauchsanweisung:<\/strong><\/p>\n<ul>\n<li><strong>W\u00e4sche sortieren:<\/strong> Wei\u00dfe oder stark verschmutzte W\u00e4sche von anderen Textilien trennen.<\/li>\n<li><strong>Dosierung:<\/strong> Die Dosis anpassen je nach: Verschmutzungsgrad, W\u00e4schemenge, Wasserh\u00e4rte.<\/li>\n<\/ul>\n<p><strong>Temperatur: <\/strong><\/p>\n<ul>\n<li>Effektive W\u00e4sche ab 30\u00b0C<\/li>\n<li>Optimale Bleichwirkung ab 40\u00b0C<\/li>\n<li>Kompatibel bis 95\u00b0C f\u00fcr kochfeste Textilien.<\/li>\n<li>Zus\u00e4tzliche Hinweise<\/li>\n<li>Nicht auf empfindlichen Textilien oder Farben verwenden.<\/li>\n<\/ul>\n<p>Den Sack an einem trockenen und verschlossenen Ort lagern.<\/p>\n","protected":false},"excerpt":{"rendered":"<p>Havon Ultra 18 kg: Leistungsstarkes Waschpulver f\u00fcr Wei\u00df- und K\u00fcchenw\u00e4sche. Bleicht ab 40\u00b0C. Ideal f\u00fcr den professionellen Einsatz. Anwendbar von 30\u00b0C bis 95\u00b0C.   <\/p>\n<p><span style=\"color: #008000;\"><strong>Art.-Nr.: 1472<\/strong><\/span><\/p>\n","protected":false},"featured_media":27781,"template":"","meta":[],"product_brand":[],"product_cat":[602],"product_tag":[],"class_list":{"0":"post-27776","1":"product","2":"type-product","3":"status-publish","4":"has-post-thumbnail","6":"product_cat-waschmittel-und-weichspuler","8":"first","9":"instock","10":"taxable","11":"shipping-taxable","12":"purchasable","13":"product-type-simple"},"acf":[],"_links":{"self":[{"href":"https:\/\/serviclean.be\/de\/wp-json\/wp\/v2\/product\/27776","targetHints":{"allow":["GET"]}}],"collection":[{"href":"https:\/\/serviclean.be\/de\/wp-json\/wp\/v2\/product"}],"about":[{"href":"https:\/\/serviclean.be\/de\/wp-json\/wp\/v2\/types\/product"}],"wp:featuredmedia":[{"embeddable":true,"href":"https:\/\/serviclean.be\/de\/wp-json\/wp\/v2\/media\/27781"}],"wp:attachment":[{"href":"https:\/\/serviclean.be\/de\/wp-json\/wp\/v2\/media?parent=27776"}],"wp:term":[{"taxonomy":"product_brand","embeddable":true,"href":"https:\/\/serviclean.be\/de\/wp-json\/wp\/v2\/product_brand?post=27776"},{"taxonomy":"product_cat","embeddable":true,"href":"https:\/\/serviclean.be\/de\/wp-json\/wp\/v2\/product_cat?post=27776"},{"taxonomy":"product_tag","embeddable":true,"href":"https:\/\/serviclean.be\/de\/wp-json\/wp\/v2\/product_tag?post=27776"}],"curies":[{"name":"wp","href":"https:\/\/api.w.org\/{rel}","templated":true}]}}