{"id":27775,"date":"2022-03-08T13:54:10","date_gmt":"2022-03-08T12:54:10","guid":{"rendered":"https:\/\/serviclean.be\/produit\/einfacher-reinigungswagen-nick-o-key-mit-schiebebuegel-25-l\/"},"modified":"2022-03-08T13:54:10","modified_gmt":"2022-03-08T12:54:10","slug":"einfacher-reinigungswagen-nick-o-key-mit-schiebebuegel-25-l","status":"publish","type":"product","link":"https:\/\/serviclean.be\/de\/produit\/einfacher-reinigungswagen-nick-o-key-mit-schiebebuegel-25-l\/","title":{"rendered":"Einfacher Reinigungswagen Nick O-Key mit Schiebeb\u00fcgel 25 l"},"content":{"rendered":"<p><strong>Vorteile:<\/strong><br \/>\nRobust: einteiliger, vollst\u00e4ndig aus Kunststoff gefertigter Rahmen \u2013 garantiert Leichtigkeit und Widerstandsf\u00e4higkeit<br \/>\nReduziert die Reinigungszeiten: Das bodenlose Auswringen erm\u00f6glicht Sp\u00fclen und Auswringen in einer einzigen, einfachen Bewegung in der Presse \u2013 spart Zeit und Kraft<br \/>\nGer\u00e4umig: ausgestattet mit einer in den Rahmen integrierten Ablagekassette<br \/>\nEinfach zu montieren: dank vollst\u00e4ndigem Verzicht auf Schrauben<br \/>\nM\u00f6glichkeit, eine Ablagekassette hinzuzuf\u00fcgen<\/p>\n<p><strong>Kompatibilit\u00e4t:<\/strong><br \/>\nKompatibel mit Laschen-, Taschen- und Faubert-Systemen<\/p>\n<p><strong>Material:<\/strong><br \/>\nPolypropylen<\/p>\n<p><strong>Eigenschaften:<\/strong><br \/>\nKomplette Presse mit spritzgesch\u00fctzter Frontwand<br \/>\nPresse mit Stielhalterung zur Fixierung des Stiels w\u00e4hrend des Transports<br \/>\nR\u00e4der \u00d8 80 mm mit Sto\u00dfschutz (bereits am Rahmen montiert)<\/p>\n","protected":false},"excerpt":{"rendered":"<p>Wagen mit \u201eU\u201c-Schiebeb\u00fcgel, farbigem Rahmen und O-Key-Presse, Eimer und R\u00e4dern \u00d8 80 mm mit Sto\u00dfschutz.<br \/>\nEinfacher Waschwagen mit professioneller Flachpresse.<br \/>\nIdeal f\u00fcr die Reinigung mittlerer und gro\u00dfer Bereiche, in denen der Wischbezug gesp\u00fclt werden muss.<\/p>\n<p><span style=\"color: #008000;\"><strong>Ref.: 0480<\/strong><\/span><\/p>\n","protected":false},"featured_media":27778,"template":"","meta":[],"product_brand":[],"product_cat":[606],"product_tag":[],"class_list":{"0":"post-27775","1":"product","2":"type-product","3":"status-publish","4":"has-post-thumbnail","6":"product_cat-reinigungswagen-staubsauger","8":"first","9":"onbackorder","10":"taxable","11":"shipping-taxable","12":"purchasable","13":"product-type-simple"},"acf":[],"_links":{"self":[{"href":"https:\/\/serviclean.be\/de\/wp-json\/wp\/v2\/product\/27775","targetHints":{"allow":["GET"]}}],"collection":[{"href":"https:\/\/serviclean.be\/de\/wp-json\/wp\/v2\/product"}],"about":[{"href":"https:\/\/serviclean.be\/de\/wp-json\/wp\/v2\/types\/product"}],"wp:featuredmedia":[{"embeddable":true,"href":"https:\/\/serviclean.be\/de\/wp-json\/wp\/v2\/media\/27778"}],"wp:attachment":[{"href":"https:\/\/serviclean.be\/de\/wp-json\/wp\/v2\/media?parent=27775"}],"wp:term":[{"taxonomy":"product_brand","embeddable":true,"href":"https:\/\/serviclean.be\/de\/wp-json\/wp\/v2\/product_brand?post=27775"},{"taxonomy":"product_cat","embeddable":true,"href":"https:\/\/serviclean.be\/de\/wp-json\/wp\/v2\/product_cat?post=27775"},{"taxonomy":"product_tag","embeddable":true,"href":"https:\/\/serviclean.be\/de\/wp-json\/wp\/v2\/product_tag?post=27775"}],"curies":[{"name":"wp","href":"https:\/\/api.w.org\/{rel}","templated":true}]}}