{"id":27771,"date":"2022-03-17T12:01:36","date_gmt":"2022-03-17T11:01:36","guid":{"rendered":"https:\/\/serviclean.be\/produit\/plastifizierter-sack-120-l-fuer-die-green-line-reinigungswagen\/"},"modified":"2022-03-17T12:01:36","modified_gmt":"2022-03-17T11:01:36","slug":"plastifizierter-sack-120-l-fuer-die-green-line-reinigungswagen","status":"publish","type":"product","link":"https:\/\/serviclean.be\/de\/produit\/plastifizierter-sack-120-l-fuer-die-green-line-reinigungswagen\/","title":{"rendered":"Plastifizierter Sack 120 l \u2013 F\u00dcR DIE GREEN LINE REINIGUNGSWAGEN"},"content":{"rendered":"<p><strong>Material<\/strong><br \/>\n90 % Polyamid, 10 % Acryl<\/p>\n","protected":false},"excerpt":{"rendered":"<p>Plastifizierter Sack 120 l mit Kordelzug, zur Erg\u00e4nzung f\u00fcr Green Line Reinigungswagen (Green 0, Green 150 &#8230;)<br \/>\nAbfallsack.<br \/>\nIdeal zur Verwendung \u00fcber herk\u00f6mmlichen Nylons\u00e4cken f\u00fcr mehr Diskretion, leicht mit einem feuchten Tuch zu reinigen.<\/p>\n","protected":false},"featured_media":27774,"template":"","meta":[],"product_brand":[],"product_cat":[606],"product_tag":[],"class_list":{"0":"post-27771","1":"product","2":"type-product","3":"status-publish","4":"has-post-thumbnail","6":"product_cat-reinigungswagen-staubsauger","8":"first","9":"instock","10":"taxable","11":"shipping-taxable","12":"purchasable","13":"product-type-simple"},"acf":[],"_links":{"self":[{"href":"https:\/\/serviclean.be\/de\/wp-json\/wp\/v2\/product\/27771","targetHints":{"allow":["GET"]}}],"collection":[{"href":"https:\/\/serviclean.be\/de\/wp-json\/wp\/v2\/product"}],"about":[{"href":"https:\/\/serviclean.be\/de\/wp-json\/wp\/v2\/types\/product"}],"wp:featuredmedia":[{"embeddable":true,"href":"https:\/\/serviclean.be\/de\/wp-json\/wp\/v2\/media\/27774"}],"wp:attachment":[{"href":"https:\/\/serviclean.be\/de\/wp-json\/wp\/v2\/media?parent=27771"}],"wp:term":[{"taxonomy":"product_brand","embeddable":true,"href":"https:\/\/serviclean.be\/de\/wp-json\/wp\/v2\/product_brand?post=27771"},{"taxonomy":"product_cat","embeddable":true,"href":"https:\/\/serviclean.be\/de\/wp-json\/wp\/v2\/product_cat?post=27771"},{"taxonomy":"product_tag","embeddable":true,"href":"https:\/\/serviclean.be\/de\/wp-json\/wp\/v2\/product_tag?post=27771"}],"curies":[{"name":"wp","href":"https:\/\/api.w.org\/{rel}","templated":true}]}}