{"id":27759,"date":"2021-05-01T20:07:29","date_gmt":"2021-05-01T18:07:29","guid":{"rendered":"https:\/\/serviclean.be\/produit\/unger-einwascher-komplett-45-cm-monsoon-strip-pac\/"},"modified":"2021-05-01T20:07:29","modified_gmt":"2021-05-01T18:07:29","slug":"unger-einwascher-komplett-45-cm-monsoon-strip-pac","status":"publish","type":"product","link":"https:\/\/serviclean.be\/de\/produit\/unger-einwascher-komplett-45-cm-monsoon-strip-pac\/","title":{"rendered":"Unger Einwascher komplett &#8211; 45 cm &#8211; Monsoon Strip Pac"},"content":{"rendered":"<ul>\n<li>Hohe Wasseraufnahme.<\/li>\n<li>Bew\u00e4ltigt gro\u00dfe Fl\u00e4chen m\u00fchelos.<\/li>\n<li>Leichter Kunststofftr\u00e4ger mit Wasserkammern.<\/li>\n<\/ul>\n","protected":false},"excerpt":{"rendered":"<p>Unger Einwascher komplett 45 cm mit Bezug aus extra langen Fasern (Mischgewebe).<\/p>\n<p><span style=\"color: #008000;\"><strong>Ref.: 2775<\/strong><\/span><\/p>\n","protected":false},"featured_media":27760,"template":"","meta":[],"product_brand":[],"product_cat":[576],"product_tag":[],"class_list":{"0":"post-27759","1":"product","2":"type-product","3":"status-publish","4":"has-post-thumbnail","6":"product_cat-fensterreinigungszubehor","8":"first","9":"instock","10":"taxable","11":"shipping-taxable","12":"purchasable","13":"product-type-simple"},"acf":[],"_links":{"self":[{"href":"https:\/\/serviclean.be\/de\/wp-json\/wp\/v2\/product\/27759","targetHints":{"allow":["GET"]}}],"collection":[{"href":"https:\/\/serviclean.be\/de\/wp-json\/wp\/v2\/product"}],"about":[{"href":"https:\/\/serviclean.be\/de\/wp-json\/wp\/v2\/types\/product"}],"wp:featuredmedia":[{"embeddable":true,"href":"https:\/\/serviclean.be\/de\/wp-json\/wp\/v2\/media\/27760"}],"wp:attachment":[{"href":"https:\/\/serviclean.be\/de\/wp-json\/wp\/v2\/media?parent=27759"}],"wp:term":[{"taxonomy":"product_brand","embeddable":true,"href":"https:\/\/serviclean.be\/de\/wp-json\/wp\/v2\/product_brand?post=27759"},{"taxonomy":"product_cat","embeddable":true,"href":"https:\/\/serviclean.be\/de\/wp-json\/wp\/v2\/product_cat?post=27759"},{"taxonomy":"product_tag","embeddable":true,"href":"https:\/\/serviclean.be\/de\/wp-json\/wp\/v2\/product_tag?post=27759"}],"curies":[{"name":"wp","href":"https:\/\/api.w.org\/{rel}","templated":true}]}}