{"id":27754,"date":"2021-05-22T16:59:09","date_gmt":"2021-05-22T14:59:09","guid":{"rendered":"https:\/\/serviclean.be\/produit\/spezielle-handbuerste-fuer-schweisser-widerstandsfaehige-stahlborsten\/"},"modified":"2021-05-22T16:59:09","modified_gmt":"2021-05-22T14:59:09","slug":"spezielle-handbuerste-fuer-schweisser-widerstandsfaehige-stahlborsten","status":"publish","type":"product","link":"https:\/\/serviclean.be\/de\/produit\/spezielle-handbuerste-fuer-schweisser-widerstandsfaehige-stahlborsten\/","title":{"rendered":"Spezielle Handb\u00fcrste f\u00fcr Schwei\u00dfer \u2013 Widerstandsf\u00e4hige Stahlborsten"},"content":{"rendered":"<p>Die Handb\u00fcrste f\u00fcr Schwei\u00dfer ist ein unverzichtbares Werkzeug f\u00fcr alle Schwei\u00dfarbeiten, die eine pr\u00e4zise, schnelle und effektive Reinigung erfordern.<br \/>\nSie wurde entwickelt, um Schwei\u00dfr\u00fcckst\u00e4nde, Spritzer von geschmolzenem Metall und andere Verunreinigungen zu entfernen und garantiert eine saubere Verarbeitung der Metallteile nach dem Eingriff.<\/p>\n<p>Ihr ergonomischer Griff sorgt f\u00fcr optimalen Komfort, selbst bei l\u00e4ngerem Gebrauch.<br \/>\nErh\u00e4ltlich mit steifen Stahlborsten f\u00fcr eine Tiefenreinigung, ist diese B\u00fcrste perfekt f\u00fcr anspruchsvolle industrielle Umgebungen geeignet.<\/p>\n<p>Robust, langlebig und leistungsstark ist sie ein unverzichtbares Hilfsmittel f\u00fcr jeden Fachmann in der Metallverarbeitung, im Kesselbau oder in der Industriewartung.<\/p>\n<p><strong>Technische Daten:<\/strong><\/p>\n<ul>\n<li>Produktname: Handb\u00fcrste f\u00fcr Schwei\u00dfer<\/li>\n<li>Borsten: Stahl<\/li>\n<li>Verwendung: Reinigung von Schwei\u00dfr\u00fcckst\u00e4nden, Spritzern, Verunreinigungen<\/li>\n<li>Griff: Ergonomisch f\u00fcr Komfort und Kontrolle<\/li>\n<li>Abmessungen: Ca. 25 cm (L\u00e4nge)<\/li>\n<li>Widerstandsf\u00e4higkeit: Hoch \u2013 f\u00fcr industrielle Umgebungen geeignet<\/li>\n<li>Anwendungen: Metallverarbeitung, Schwei\u00dfen, Wartung von Metallteilen<\/li>\n<li>Zielgruppe: Professionelle Schwei\u00dfer, Werkst\u00e4tten, Wartung<\/li>\n<\/ul>\n<p><strong>Gebrauchsanweisung:<\/strong><\/p>\n<ul>\n<li>Das geschwei\u00dfte Teil abb\u00fcrsten, um Schlacke, Spritzer und R\u00fcckst\u00e4nde zu entfernen.<\/li>\n<li>Die B\u00fcrste nach Gebrauch reinigen, um ihre Langlebigkeit zu erhalten.<\/li>\n<li>An einem trockenen Ort aufbewahren.<\/li>\n<\/ul>\n","protected":false},"excerpt":{"rendered":"<p>Robuste Handb\u00fcrste f\u00fcr Schwei\u00dfer. Stahlborsten zur effektiven Reinigung von Metallteilen nach dem Schwei\u00dfen. Ergonomischer Griff.  <\/p>\n<p><strong><span style=\"color: #008000;\">Ref: 0355, 0356<\/span><\/strong><\/p>\n","protected":false},"featured_media":27756,"template":"","meta":[],"product_brand":[],"product_cat":[594],"product_tag":[],"class_list":{"0":"post-27754","1":"product","2":"type-product","3":"status-publish","4":"has-post-thumbnail","6":"product_cat-bursten-und-abzieher","8":"first","9":"instock","10":"taxable","11":"shipping-taxable","12":"purchasable","13":"product-type-variable"},"acf":[],"_links":{"self":[{"href":"https:\/\/serviclean.be\/de\/wp-json\/wp\/v2\/product\/27754","targetHints":{"allow":["GET"]}}],"collection":[{"href":"https:\/\/serviclean.be\/de\/wp-json\/wp\/v2\/product"}],"about":[{"href":"https:\/\/serviclean.be\/de\/wp-json\/wp\/v2\/types\/product"}],"wp:featuredmedia":[{"embeddable":true,"href":"https:\/\/serviclean.be\/de\/wp-json\/wp\/v2\/media\/27756"}],"wp:attachment":[{"href":"https:\/\/serviclean.be\/de\/wp-json\/wp\/v2\/media?parent=27754"}],"wp:term":[{"taxonomy":"product_brand","embeddable":true,"href":"https:\/\/serviclean.be\/de\/wp-json\/wp\/v2\/product_brand?post=27754"},{"taxonomy":"product_cat","embeddable":true,"href":"https:\/\/serviclean.be\/de\/wp-json\/wp\/v2\/product_cat?post=27754"},{"taxonomy":"product_tag","embeddable":true,"href":"https:\/\/serviclean.be\/de\/wp-json\/wp\/v2\/product_tag?post=27754"}],"curies":[{"name":"wp","href":"https:\/\/api.w.org\/{rel}","templated":true}]}}