{"id":27747,"date":"2021-05-01T22:06:43","date_gmt":"2021-05-01T20:06:43","guid":{"rendered":"https:\/\/serviclean.be\/produit\/unger-ergotec-ninja-microwipe-mikrofasertuch-40-x-40-cm\/"},"modified":"2021-05-01T22:06:43","modified_gmt":"2021-05-01T20:06:43","slug":"unger-ergotec-ninja-microwipe-mikrofasertuch-40-x-40-cm","status":"publish","type":"product","link":"https:\/\/serviclean.be\/de\/produit\/unger-ergotec-ninja-microwipe-mikrofasertuch-40-x-40-cm\/","title":{"rendered":"Unger ErgoTec Ninja Microwipe Mikrofasertuch 40 x 40 cm"},"content":{"rendered":"<p>Das Unger ErgoTec Ninja Microwipe Mikrofasertuch 40 x 40 cm wurde f\u00fcr maximale Saugf\u00e4higkeit und au\u00dfergew\u00f6hnliche Langlebigkeit entwickelt. Mit einer Grammatur von 400 g\/m\u00b2 nimmt es gro\u00dfe Mengen Wasser auf und sorgt f\u00fcr ein streifenfreies Wischergebnis. <\/p>\n<p>Dank der verst\u00e4rkten Ecken und speziellen Taschen l\u00e4sst es sich problemlos mit einer Teleskopstange verwenden, was das Arbeiten in der H\u00f6he erleichtert. Die verst\u00e4rkten Kanten halten intensiver Nutzung stand und verl\u00e4ngern die Lebensdauer des Tuchs (bis zu 500 W\u00e4schen). <\/p>\n<p>Vielseitig und robust \u2013 ideal f\u00fcr professionelle Fensterreiniger, die Wert auf Effizienz, Schnelligkeit und Zuverl\u00e4ssigkeit legen.<\/p>\n<p><strong>Technische Daten:<\/strong><\/p>\n<ul>\n<li>Produkt: ErgoTec Ninja Microwipe<\/li>\n<li>Marke: Unger<\/li>\n<li>Ma\u00dfe: 40 x 40 cm<\/li>\n<li>Materialst\u00e4rke: 400 g\/m\u00b2<\/li>\n<li>Material: Hochleistungs-Mikrofaser<\/li>\n<\/ul>\n<p><strong>Eigenschaften:<\/strong><\/p>\n<ul>\n<li>Sehr hohe Wasseraufnahme<\/li>\n<li>Verst\u00e4rkte Ecken f\u00fcr hartn\u00e4ckigen Schmutz<\/li>\n<li>Ecktaschen f\u00fcr Teleskopstangen<\/li>\n<li>Dicke Kantenverst\u00e4rkung<\/li>\n<li>Bis zu 500-mal waschbar<\/li>\n<li>Anwendung: Fenster, Spiegel, Edelstahl, gl\u00e4nzende Oberfl\u00e4chen<\/li>\n<\/ul>\n<p><strong>Gebrauchsanweisung:<\/strong><\/p>\n<ul>\n<li>Trocken verwenden zum Entstauben und Polieren von Glasfl\u00e4chen.<\/li>\n<li>Leicht anfeuchten, um Schmutz oder Streifen zu entfernen.<\/li>\n<li>\u00dcber die Ecktaschen an einer Stange befestigen, um in der H\u00f6he zu arbeiten.<\/li>\n<li>Regelm\u00e4\u00dfig waschen (bis zu 500-mal), um die Leistungsf\u00e4higkeit zu erhalten.<\/li>\n<\/ul>\n<p>&nbsp;<\/p>\n","protected":false},"excerpt":{"rendered":"<p>Unger ErgoTec Ninja Microwipe Mikrofasertuch 40 x 40 cm. 400 g\/m\u00b2, ultra-absorbierend, verst\u00e4rkte Ecken, Stangentaschen. 500-mal waschbar.  <\/p>\n<p><span style=\"color: #008000;\"><strong>Art.-Nr.: 5280<\/strong><\/span><\/p>\n","protected":false},"featured_media":27749,"template":"","meta":[],"product_brand":[],"product_cat":[576],"product_tag":[],"class_list":{"0":"post-27747","1":"product","2":"type-product","3":"status-publish","4":"has-post-thumbnail","6":"product_cat-fensterreinigungszubehor","8":"first","9":"instock","10":"taxable","11":"shipping-taxable","12":"purchasable","13":"product-type-simple"},"acf":[],"_links":{"self":[{"href":"https:\/\/serviclean.be\/de\/wp-json\/wp\/v2\/product\/27747","targetHints":{"allow":["GET"]}}],"collection":[{"href":"https:\/\/serviclean.be\/de\/wp-json\/wp\/v2\/product"}],"about":[{"href":"https:\/\/serviclean.be\/de\/wp-json\/wp\/v2\/types\/product"}],"wp:featuredmedia":[{"embeddable":true,"href":"https:\/\/serviclean.be\/de\/wp-json\/wp\/v2\/media\/27749"}],"wp:attachment":[{"href":"https:\/\/serviclean.be\/de\/wp-json\/wp\/v2\/media?parent=27747"}],"wp:term":[{"taxonomy":"product_brand","embeddable":true,"href":"https:\/\/serviclean.be\/de\/wp-json\/wp\/v2\/product_brand?post=27747"},{"taxonomy":"product_cat","embeddable":true,"href":"https:\/\/serviclean.be\/de\/wp-json\/wp\/v2\/product_cat?post=27747"},{"taxonomy":"product_tag","embeddable":true,"href":"https:\/\/serviclean.be\/de\/wp-json\/wp\/v2\/product_tag?post=27747"}],"curies":[{"name":"wp","href":"https:\/\/api.w.org\/{rel}","templated":true}]}}