{"id":27730,"date":"2021-05-01T00:15:43","date_gmt":"2021-04-30T22:15:43","guid":{"rendered":"https:\/\/serviclean.be\/produit\/vikan-rohrbuerste-gelb-500-mm-fuer-praezise-reinigung\/"},"modified":"2021-05-01T00:15:43","modified_gmt":"2021-04-30T22:15:43","slug":"vikan-rohrbuerste-gelb-500-mm-fuer-praezise-reinigung","status":"publish","type":"product","link":"https:\/\/serviclean.be\/de\/produit\/vikan-rohrbuerste-gelb-500-mm-fuer-praezise-reinigung\/","title":{"rendered":"VIKAN Rohrb\u00fcrste Gelb \u2013 500 mm f\u00fcr pr\u00e4zise Reinigung"},"content":{"rendered":"<p>Die gelbe VIKAN Rohrb\u00fcrste wurde entwickelt, um eine gr\u00fcndliche und hygienische Reinigung in anspruchsvollsten Umgebungen zu gew\u00e4hrleisten. Mit einer L\u00e4nge von 500 mm und einem Durchmesser von 20 mm erreicht sie m\u00fchelos schmale oder schwer zug\u00e4ngliche Bereiche und sorgt f\u00fcr ein pr\u00e4zises Schrubben. <\/p>\n<p>Hergestellt aus robusten und langlebigen Materialien, ist diese B\u00fcrste ideal f\u00fcr den Einsatz in der Lebensmittelindustrie, die Wartung von Industrieanlagen oder jede andere Umgebung, die ein hohes Ma\u00df an Sauberkeit erfordert.<br \/>\nDie leuchtend gelbe Farbe erleichtert die Identifizierung im Rahmen des HACCP-Konzepts oder der Farbcodierung.<\/p>\n<p>Die widerstandsf\u00e4higen Borsten gew\u00e4hrleisten eine hervorragende Langlebigkeit auch bei intensivem Gebrauch, ohne Kompromisse bei der Effizienz.<\/p>\n<p><strong>Technische Daten:<\/strong><\/p>\n<ul>\n<li>Produktname: VIKAN Rohrb\u00fcrste<\/li>\n<li>Farbreferenz: Gelb<\/li>\n<\/ul>\n<p><strong>Abmessungen:<\/strong> Gesamtl\u00e4nge: 500 mm, B\u00fcrstendurchmesser: 20 mm, Kopfl\u00e4nge: 115 mm<\/p>\n<ul>\n<li>Materialien: Polypropylen (Griff), Polyester (Fasern)<\/li>\n<li>Borsten: Widerstandsf\u00e4hig, geeignet f\u00fcr intensive Reinigung<\/li>\n<li>Verwendung: Reinigung von Rohren, Ger\u00e4ten, schmalen Bereichen<\/li>\n<li>Konformit\u00e4t: Entspricht den HACCP-Normen<\/li>\n<li>Sektoren: Lebensmittelindustrie, Industrie, Wartung, Hygiene<\/li>\n<\/ul>\n<p><strong>Gebrauchsanweisung:<\/strong><\/p>\n<ul>\n<li>F\u00fchren Sie die B\u00fcrste in den zu reinigenden Bereich oder die Leitung ein.<\/li>\n<li>F\u00fchren Sie Hin- und Herbewegungen aus, um Verunreinigungen gr\u00fcndlich zu l\u00f6sen.<\/li>\n<li>Nach Gebrauch absp\u00fclen.<\/li>\n<li>Regelm\u00e4\u00dfig reinigen und desinfizieren, um die Hygiene aufrechtzuerhalten.<\/li>\n<li>An der Luft trocknen lassen.<\/li>\n<\/ul>\n","protected":false},"excerpt":{"rendered":"<p>VIKAN Rohrb\u00fcrste gelb 500 mm. Perfekt f\u00fcr die pr\u00e4zise Reinigung von Ger\u00e4ten und schwer zug\u00e4nglichen Bereichen. HACCP-konform, extrem widerstandsf\u00e4hig.  <\/p>\n","protected":false},"featured_media":27732,"template":"","meta":[],"product_brand":[],"product_cat":[594],"product_tag":[],"class_list":{"0":"post-27730","1":"product","2":"type-product","3":"status-publish","4":"has-post-thumbnail","6":"product_cat-bursten-und-abzieher","8":"first","9":"instock","10":"taxable","11":"shipping-taxable","12":"purchasable","13":"product-type-simple"},"acf":[],"_links":{"self":[{"href":"https:\/\/serviclean.be\/de\/wp-json\/wp\/v2\/product\/27730","targetHints":{"allow":["GET"]}}],"collection":[{"href":"https:\/\/serviclean.be\/de\/wp-json\/wp\/v2\/product"}],"about":[{"href":"https:\/\/serviclean.be\/de\/wp-json\/wp\/v2\/types\/product"}],"wp:featuredmedia":[{"embeddable":true,"href":"https:\/\/serviclean.be\/de\/wp-json\/wp\/v2\/media\/27732"}],"wp:attachment":[{"href":"https:\/\/serviclean.be\/de\/wp-json\/wp\/v2\/media?parent=27730"}],"wp:term":[{"taxonomy":"product_brand","embeddable":true,"href":"https:\/\/serviclean.be\/de\/wp-json\/wp\/v2\/product_brand?post=27730"},{"taxonomy":"product_cat","embeddable":true,"href":"https:\/\/serviclean.be\/de\/wp-json\/wp\/v2\/product_cat?post=27730"},{"taxonomy":"product_tag","embeddable":true,"href":"https:\/\/serviclean.be\/de\/wp-json\/wp\/v2\/product_tag?post=27730"}],"curies":[{"name":"wp","href":"https:\/\/api.w.org\/{rel}","templated":true}]}}