{"id":27717,"date":"2018-09-03T15:44:00","date_gmt":"2018-09-03T13:44:00","guid":{"rendered":"https:\/\/serviclean.be\/produit\/tork-mini-jumbo-toilettenpapierspender\/"},"modified":"2018-09-03T15:44:00","modified_gmt":"2018-09-03T13:44:00","slug":"tork-mini-jumbo-toilettenpapierspender","status":"publish","type":"product","link":"https:\/\/serviclean.be\/de\/produit\/tork-mini-jumbo-toilettenpapierspender\/","title":{"rendered":"Tork Mini-Jumbo-Toilettenpapierspender"},"content":{"rendered":"<p>Der Tork Mini-Jumbo-Toilettenpapierspender aus der Elevation Linie ist ideal f\u00fcr Waschr\u00e4ume mit mittlerer bis hoher Frequenz, in denen Effizienz und Kostensenkung Priorit\u00e4t haben.<\/p>\n","protected":false},"excerpt":{"rendered":"<p>Toilettenpapierspender <strong>Mini Jumbo,<\/strong> ideal f\u00fcr Waschr\u00e4ume mit mittlerer bis hoher Frequenz<strong><br \/>\n<\/strong><\/p>\n","protected":false},"featured_media":27718,"template":"","meta":[],"product_brand":[],"product_cat":[598],"product_tag":[584],"class_list":{"0":"post-27717","1":"product","2":"type-product","3":"status-publish","4":"has-post-thumbnail","6":"product_cat-hygiene-reinigung","7":"product_tag-tork","9":"first","10":"instock","11":"taxable","12":"shipping-taxable","13":"purchasable","14":"product-type-simple"},"acf":[],"_links":{"self":[{"href":"https:\/\/serviclean.be\/de\/wp-json\/wp\/v2\/product\/27717","targetHints":{"allow":["GET"]}}],"collection":[{"href":"https:\/\/serviclean.be\/de\/wp-json\/wp\/v2\/product"}],"about":[{"href":"https:\/\/serviclean.be\/de\/wp-json\/wp\/v2\/types\/product"}],"wp:featuredmedia":[{"embeddable":true,"href":"https:\/\/serviclean.be\/de\/wp-json\/wp\/v2\/media\/27718"}],"wp:attachment":[{"href":"https:\/\/serviclean.be\/de\/wp-json\/wp\/v2\/media?parent=27717"}],"wp:term":[{"taxonomy":"product_brand","embeddable":true,"href":"https:\/\/serviclean.be\/de\/wp-json\/wp\/v2\/product_brand?post=27717"},{"taxonomy":"product_cat","embeddable":true,"href":"https:\/\/serviclean.be\/de\/wp-json\/wp\/v2\/product_cat?post=27717"},{"taxonomy":"product_tag","embeddable":true,"href":"https:\/\/serviclean.be\/de\/wp-json\/wp\/v2\/product_tag?post=27717"}],"curies":[{"name":"wp","href":"https:\/\/api.w.org\/{rel}","templated":true}]}}