{"id":27695,"date":"2018-09-04T23:55:43","date_gmt":"2018-09-04T21:55:43","guid":{"rendered":"https:\/\/serviclean.be\/produit\/alklanet-spray-1-l\/"},"modified":"2018-09-04T23:55:43","modified_gmt":"2018-09-04T21:55:43","slug":"alklanet-spray-1-l","status":"publish","type":"product","link":"https:\/\/serviclean.be\/de\/produit\/alklanet-spray-1-l\/","title":{"rendered":"Alklanet Spray 1 L"},"content":{"rendered":"","protected":false},"excerpt":{"rendered":"<p>Alklanet Spray ist ein <strong>Glasreiniger<\/strong> und moderner Oberfl\u00e4chenreiniger. Entfernt m\u00fchelos Fette und hinterl\u00e4sst keine Spuren. Schnelltrocknend. Sichert perfekten Glanz.   <\/p>\n<p><span style=\"color: #008000;\"><strong>Art.-Nr.: 0060<\/strong><\/span><\/p>\n","protected":false},"featured_media":27705,"template":"","meta":[],"product_brand":[],"product_cat":[593],"product_tag":[],"class_list":{"0":"post-27695","1":"product","2":"type-product","3":"status-publish","4":"has-post-thumbnail","6":"product_cat-produkte-fur-glas-und-oberflachen","8":"first","9":"instock","10":"taxable","11":"shipping-taxable","12":"purchasable","13":"product-type-simple"},"acf":[],"_links":{"self":[{"href":"https:\/\/serviclean.be\/de\/wp-json\/wp\/v2\/product\/27695","targetHints":{"allow":["GET"]}}],"collection":[{"href":"https:\/\/serviclean.be\/de\/wp-json\/wp\/v2\/product"}],"about":[{"href":"https:\/\/serviclean.be\/de\/wp-json\/wp\/v2\/types\/product"}],"wp:featuredmedia":[{"embeddable":true,"href":"https:\/\/serviclean.be\/de\/wp-json\/wp\/v2\/media\/27705"}],"wp:attachment":[{"href":"https:\/\/serviclean.be\/de\/wp-json\/wp\/v2\/media?parent=27695"}],"wp:term":[{"taxonomy":"product_brand","embeddable":true,"href":"https:\/\/serviclean.be\/de\/wp-json\/wp\/v2\/product_brand?post=27695"},{"taxonomy":"product_cat","embeddable":true,"href":"https:\/\/serviclean.be\/de\/wp-json\/wp\/v2\/product_cat?post=27695"},{"taxonomy":"product_tag","embeddable":true,"href":"https:\/\/serviclean.be\/de\/wp-json\/wp\/v2\/product_tag?post=27695"}],"curies":[{"name":"wp","href":"https:\/\/api.w.org\/{rel}","templated":true}]}}