{"id":27677,"date":"2018-09-04T23:55:50","date_gmt":"2018-09-04T21:55:50","guid":{"rendered":"https:\/\/serviclean.be\/produit\/hand-clean-5l-professionelle-handseife\/"},"modified":"2018-09-04T23:55:50","modified_gmt":"2018-09-04T21:55:50","slug":"hand-clean-5l-professionelle-handseife","status":"publish","type":"product","link":"https:\/\/serviclean.be\/de\/produit\/hand-clean-5l-professionelle-handseife\/","title":{"rendered":"Hand Clean 5L Professionelle Handseife"},"content":{"rendered":"<p data-start=\"134\" data-end=\"182\">Die Fl\u00fcssigseife f\u00fcr die H\u00e4nde Hand Clean 5L ist f\u00fcr eine wirksame und zugleich sanfte Reinigung formuliert. Perfekt f\u00fcr h\u00e4ufigen Gebrauch, entfernt sie Verunreinigungen und respektiert dabei das nat\u00fcrliche Gleichgewicht der Haut. Ihre flie\u00dfende und angenehme Textur hinterl\u00e4sst die H\u00e4nde sauber, weich und leicht parf\u00fcmiert. Im wirtschaftlichen 5-Liter-Kanister erh\u00e4ltlich, ist sie ideal zum Nachf\u00fcllen automatischer oder manueller Spender in Unternehmen, Gemeinschaftseinrichtungen, Gesundheitseinrichtungen, Schulen, Restaurants und mehr.   <\/p>\n<h3 data-start=\"698\" data-end=\"720\">Eigenschaften:<\/h3>\n<ul data-start=\"721\" data-end=\"977\">\n<li data-start=\"721\" data-end=\"763\">\n<p data-start=\"723\" data-end=\"763\">Sanfte Fl\u00fcssigseife f\u00fcr h\u00e4ufigen Gebrauch<\/p>\n<\/li>\n<li data-start=\"764\" data-end=\"814\">\n<p data-start=\"766\" data-end=\"814\">Wirtschaftliches 5L-Format, ideal f\u00fcr Spender<\/p>\n<\/li>\n<li data-start=\"815\" data-end=\"866\">\n<p data-start=\"817\" data-end=\"866\">Kompatibel mit den meisten Seifenspendern<\/p>\n<\/li>\n<li data-start=\"867\" data-end=\"912\">\n<p data-start=\"869\" data-end=\"912\">Schont die Haut und die t\u00e4gliche Hygiene<\/p>\n<\/li>\n<li data-start=\"913\" data-end=\"941\">\n<p data-start=\"915\" data-end=\"941\">Angenehmer und leichter Duft<\/p>\n<\/li>\n<li data-start=\"942\" data-end=\"977\">\n<p data-start=\"944\" data-end=\"977\">Professioneller oder privater Gebrauch<\/p>\n<\/li>\n<\/ul>\n<p><strong><span style=\"color: #008000;\">Art.-Nr.: 1464<\/span><\/strong><\/p>\n","protected":false},"excerpt":{"rendered":"<p>Die <strong>Hand Clean<\/strong> 5L ist eine sanfte <strong>professionelle Handseife<\/strong>, konzipiert f\u00fcr h\u00e4ufigen Gebrauch. Ihr wirtschaftliches Format macht sie zur idealen L\u00f6sung f\u00fcr Spender, sowohl im professionellen als auch im privaten Bereich. <\/p>\n<p><span style=\"color: #008000;\"><strong>Art.-Nr.: 1464<\/strong><\/span><\/p>\n","protected":false},"featured_media":27685,"template":"","meta":[],"product_brand":[],"product_cat":[571],"product_tag":[582],"class_list":{"0":"post-27677","1":"product","2":"type-product","3":"status-publish","4":"has-post-thumbnail","6":"product_cat-handhygiene","7":"product_tag-servi-clean","9":"first","10":"instock","11":"taxable","12":"shipping-taxable","13":"purchasable","14":"product-type-simple"},"acf":[],"_links":{"self":[{"href":"https:\/\/serviclean.be\/de\/wp-json\/wp\/v2\/product\/27677","targetHints":{"allow":["GET"]}}],"collection":[{"href":"https:\/\/serviclean.be\/de\/wp-json\/wp\/v2\/product"}],"about":[{"href":"https:\/\/serviclean.be\/de\/wp-json\/wp\/v2\/types\/product"}],"wp:featuredmedia":[{"embeddable":true,"href":"https:\/\/serviclean.be\/de\/wp-json\/wp\/v2\/media\/27685"}],"wp:attachment":[{"href":"https:\/\/serviclean.be\/de\/wp-json\/wp\/v2\/media?parent=27677"}],"wp:term":[{"taxonomy":"product_brand","embeddable":true,"href":"https:\/\/serviclean.be\/de\/wp-json\/wp\/v2\/product_brand?post=27677"},{"taxonomy":"product_cat","embeddable":true,"href":"https:\/\/serviclean.be\/de\/wp-json\/wp\/v2\/product_cat?post=27677"},{"taxonomy":"product_tag","embeddable":true,"href":"https:\/\/serviclean.be\/de\/wp-json\/wp\/v2\/product_tag?post=27677"}],"curies":[{"name":"wp","href":"https:\/\/api.w.org\/{rel}","templated":true}]}}