{"id":27663,"date":"2018-09-04T23:55:51","date_gmt":"2018-09-04T21:55:51","guid":{"rendered":"https:\/\/serviclean.be\/produit\/sun-professional-salz-4-kg\/"},"modified":"2018-09-04T23:55:51","modified_gmt":"2018-09-04T21:55:51","slug":"sun-professional-salz-4-kg","status":"publish","type":"product","link":"https:\/\/serviclean.be\/de\/produit\/sun-professional-salz-4-kg\/","title":{"rendered":"Sun Professional Salz 4 kg"},"content":{"rendered":"","protected":false},"excerpt":{"rendered":"<p>Die Zusammensetzung aus reinem Salz gew\u00e4hrleistet die einwandfreie Funktion des Enth\u00e4rters der Sp\u00fclmaschine<\/p>\n<p><strong><span style=\"color: #008000;\">Ref: 2760<\/span><\/strong><\/p>\n","protected":false},"featured_media":27665,"template":"","meta":[],"product_brand":[],"product_cat":[642],"product_tag":[],"class_list":{"0":"post-27663","1":"product","2":"type-product","3":"status-publish","4":"has-post-thumbnail","6":"product_cat-geschirrspulmaschinen-professionell","8":"first","9":"instock","10":"taxable","11":"shipping-taxable","12":"purchasable","13":"product-type-simple"},"acf":[],"_links":{"self":[{"href":"https:\/\/serviclean.be\/de\/wp-json\/wp\/v2\/product\/27663","targetHints":{"allow":["GET"]}}],"collection":[{"href":"https:\/\/serviclean.be\/de\/wp-json\/wp\/v2\/product"}],"about":[{"href":"https:\/\/serviclean.be\/de\/wp-json\/wp\/v2\/types\/product"}],"wp:featuredmedia":[{"embeddable":true,"href":"https:\/\/serviclean.be\/de\/wp-json\/wp\/v2\/media\/27665"}],"wp:attachment":[{"href":"https:\/\/serviclean.be\/de\/wp-json\/wp\/v2\/media?parent=27663"}],"wp:term":[{"taxonomy":"product_brand","embeddable":true,"href":"https:\/\/serviclean.be\/de\/wp-json\/wp\/v2\/product_brand?post=27663"},{"taxonomy":"product_cat","embeddable":true,"href":"https:\/\/serviclean.be\/de\/wp-json\/wp\/v2\/product_cat?post=27663"},{"taxonomy":"product_tag","embeddable":true,"href":"https:\/\/serviclean.be\/de\/wp-json\/wp\/v2\/product_tag?post=27663"}],"curies":[{"name":"wp","href":"https:\/\/api.w.org\/{rel}","templated":true}]}}