{"id":27661,"date":"2025-04-26T18:22:36","date_gmt":"2025-04-26T16:22:36","guid":{"rendered":"https:\/\/serviclean.be\/produit\/vanish-oxi-action-multi-textil\/"},"modified":"2025-04-26T18:22:36","modified_gmt":"2025-04-26T16:22:36","slug":"vanish-oxi-action-multi-textil","status":"publish","type":"product","link":"https:\/\/serviclean.be\/de\/produit\/vanish-oxi-action-multi-textil\/","title":{"rendered":"Vanish Oxi Action Multi-Textil"},"content":{"rendered":"<p>Vanish Oxi Action Multi-Textil ist ein leistungsstarker Fleckenentferner, speziell entwickelt f\u00fcr Textilien, die nicht in der Maschine gewaschen werden k\u00f6nnen, wie Teppiche, Teppichb\u00f6den, Sofas, Vorh\u00e4nge oder andere Polsterstoffe. Seine schnell wirkende Formel ist bereits nach 30 Sekunden wirksam, um die hartn\u00e4ckigsten Flecken zu entfernen und schlechte Ger\u00fcche zu neutralisieren. <\/p>\n<p>Ideal gegen Flecken von Rotwein, Kaffee, Tee, Urin, Erde und vieles mehr \u2013 dieses Multifunktionsspray garantiert Ihnen eine Tiefenreinigung ohne Besch\u00e4digung der Fasern.<\/p>\n<p><strong>Hauptmerkmale<\/strong><\/p>\n<ul>\n<li>Textil-Fleckenentferner ohne Aussp\u00fclen<\/li>\n<li>F\u00fcr Teppiche, Teppichb\u00f6den, Sofas, Vorh\u00e4nge, Polsterstoffe<\/li>\n<li>Wirksam in nur 30 Sekunden*<\/li>\n<li>Entfernt hartn\u00e4ckige Flecken: Wein, Kaffee, Tee, Urin, Erde<\/li>\n<li>Neutralisiert schlechte Ger\u00fcche<\/li>\n<li>Einfach anzuwenden als Spray<\/li>\n<li>Inhalt: in der Regel 500 ml (je nach Verpackung zu best\u00e4tigen)<\/li>\n<\/ul>\n","protected":false},"excerpt":{"rendered":"<p>Vanish Oxi Action Multi-Textil: schnelles und wirksames Fleckenentferner-Spray f\u00fcr Teppiche, Teppichb\u00f6den, Sofas. Entfernt Flecken und Ger\u00fcche in 30 Sekunden. <\/p>\n<p><strong><span style=\"color: #008000;\">Art.-Nr.: 2936<\/span><\/strong><\/p>\n","protected":false},"featured_media":26521,"template":"","meta":[],"product_brand":[],"product_cat":[649],"product_tag":[],"class_list":{"0":"post-27661","1":"product","2":"type-product","3":"status-publish","4":"has-post-thumbnail","6":"product_cat-teppiche-auslegewaren","8":"first","9":"instock","10":"taxable","11":"shipping-taxable","12":"purchasable","13":"product-type-simple"},"acf":[],"_links":{"self":[{"href":"https:\/\/serviclean.be\/de\/wp-json\/wp\/v2\/product\/27661","targetHints":{"allow":["GET"]}}],"collection":[{"href":"https:\/\/serviclean.be\/de\/wp-json\/wp\/v2\/product"}],"about":[{"href":"https:\/\/serviclean.be\/de\/wp-json\/wp\/v2\/types\/product"}],"wp:featuredmedia":[{"embeddable":true,"href":"https:\/\/serviclean.be\/de\/wp-json\/wp\/v2\/media\/26521"}],"wp:attachment":[{"href":"https:\/\/serviclean.be\/de\/wp-json\/wp\/v2\/media?parent=27661"}],"wp:term":[{"taxonomy":"product_brand","embeddable":true,"href":"https:\/\/serviclean.be\/de\/wp-json\/wp\/v2\/product_brand?post=27661"},{"taxonomy":"product_cat","embeddable":true,"href":"https:\/\/serviclean.be\/de\/wp-json\/wp\/v2\/product_cat?post=27661"},{"taxonomy":"product_tag","embeddable":true,"href":"https:\/\/serviclean.be\/de\/wp-json\/wp\/v2\/product_tag?post=27661"}],"curies":[{"name":"wp","href":"https:\/\/api.w.org\/{rel}","templated":true}]}}