{"id":27657,"date":"2025-05-01T15:59:16","date_gmt":"2025-05-01T13:59:16","guid":{"rendered":"https:\/\/serviclean.be\/produit\/u-fresh-toiletten-clip\/"},"modified":"2025-05-01T15:59:16","modified_gmt":"2025-05-01T13:59:16","slug":"u-fresh-toiletten-clip","status":"publish","type":"product","link":"https:\/\/serviclean.be\/de\/produit\/u-fresh-toiletten-clip\/","title":{"rendered":"U-Fresh Toiletten-Clip"},"content":{"rendered":"<p>Der U-Fresh Toiletten-Clip ist ein praktischer Lufterfrischer zum Einh\u00e4ngen am Rand der Toilettensch\u00fcssel. Er verstr\u00f6mt bei jeder Sp\u00fclung einen angenehmen Duft und hilft gleichzeitig, die Toilette sauber zu halten. Einfach zu installieren, sorgt er f\u00fcr anhaltende Frische und ein Sauberkeitsgef\u00fchl zwischen zwei Reinigungen.  <\/p>\n","protected":false},"excerpt":{"rendered":"<p>U-Fresh Toiletten-Clip, aufsteckbarer WC-Lufterfrischer f\u00fcr langanhaltende Frische und einen angenehmen Duft bei jeder Sp\u00fclung.<\/p>\n<p><strong><span style=\"color: #008000;\">Ref.: 2933<\/span><\/strong><\/p>\n","protected":false},"featured_media":26517,"template":"","meta":[],"product_brand":[],"product_cat":[657,614],"product_tag":[],"class_list":{"0":"post-27657","1":"product","2":"type-product","3":"status-publish","4":"has-post-thumbnail","6":"product_cat-sanitar-wc-zubehor","7":"product_cat-sanitarprodukte","9":"first","10":"instock","11":"taxable","12":"shipping-taxable","13":"purchasable","14":"product-type-variable"},"acf":[],"_links":{"self":[{"href":"https:\/\/serviclean.be\/de\/wp-json\/wp\/v2\/product\/27657","targetHints":{"allow":["GET"]}}],"collection":[{"href":"https:\/\/serviclean.be\/de\/wp-json\/wp\/v2\/product"}],"about":[{"href":"https:\/\/serviclean.be\/de\/wp-json\/wp\/v2\/types\/product"}],"wp:featuredmedia":[{"embeddable":true,"href":"https:\/\/serviclean.be\/de\/wp-json\/wp\/v2\/media\/26517"}],"wp:attachment":[{"href":"https:\/\/serviclean.be\/de\/wp-json\/wp\/v2\/media?parent=27657"}],"wp:term":[{"taxonomy":"product_brand","embeddable":true,"href":"https:\/\/serviclean.be\/de\/wp-json\/wp\/v2\/product_brand?post=27657"},{"taxonomy":"product_cat","embeddable":true,"href":"https:\/\/serviclean.be\/de\/wp-json\/wp\/v2\/product_cat?post=27657"},{"taxonomy":"product_tag","embeddable":true,"href":"https:\/\/serviclean.be\/de\/wp-json\/wp\/v2\/product_tag?post=27657"}],"curies":[{"name":"wp","href":"https:\/\/api.w.org\/{rel}","templated":true}]}}