{"id":27653,"date":"2025-05-01T16:11:34","date_gmt":"2025-05-01T14:11:34","guid":{"rendered":"https:\/\/serviclean.be\/produit\/bref-wc-block-42-g-gel\/"},"modified":"2025-05-01T16:11:34","modified_gmt":"2025-05-01T14:11:34","slug":"bref-wc-block-42-g-gel","status":"publish","type":"product","link":"https:\/\/serviclean.be\/de\/produit\/bref-wc-block-42-g-gel\/","title":{"rendered":"BREF WC-Block 42 g Gel"},"content":{"rendered":"<p>BREF WC-Block 42 g Gel ist ein WC-Block, der bei jeder Sp\u00fclung reinigt, desinfiziert und parf\u00fcmiert. Seine aktive Gel-Formel wirkt langanhaltend, um Kalkablagerungen vorzubeugen, schlechte Ger\u00fcche zu beseitigen und eine konstante Frische in der Toilettensch\u00fcssel zu gew\u00e4hrleisten. <\/p>\n","protected":false},"excerpt":{"rendered":"<p>Bref WC-Block Gel 42 g, reinigt, desinfiziert und parf\u00fcmiert die Toilettensch\u00fcssel bei jeder Sp\u00fclung.<\/p>\n<p><strong><span style=\"color: #008000;\">Art.-Nr.: 6041<\/span><\/strong><\/p>\n","protected":false},"featured_media":20498,"template":"","meta":[],"product_brand":[],"product_cat":[614,654],"product_tag":[],"class_list":{"0":"post-27653","1":"product","2":"type-product","3":"status-publish","4":"has-post-thumbnail","6":"product_cat-sanitarprodukte","7":"product_cat-sanitar-wc-zubehor","9":"first","10":"instock","11":"taxable","12":"shipping-taxable","13":"purchasable","14":"product-type-variable"},"acf":[],"_links":{"self":[{"href":"https:\/\/serviclean.be\/de\/wp-json\/wp\/v2\/product\/27653","targetHints":{"allow":["GET"]}}],"collection":[{"href":"https:\/\/serviclean.be\/de\/wp-json\/wp\/v2\/product"}],"about":[{"href":"https:\/\/serviclean.be\/de\/wp-json\/wp\/v2\/types\/product"}],"wp:featuredmedia":[{"embeddable":true,"href":"https:\/\/serviclean.be\/de\/wp-json\/wp\/v2\/media\/20498"}],"wp:attachment":[{"href":"https:\/\/serviclean.be\/de\/wp-json\/wp\/v2\/media?parent=27653"}],"wp:term":[{"taxonomy":"product_brand","embeddable":true,"href":"https:\/\/serviclean.be\/de\/wp-json\/wp\/v2\/product_brand?post=27653"},{"taxonomy":"product_cat","embeddable":true,"href":"https:\/\/serviclean.be\/de\/wp-json\/wp\/v2\/product_cat?post=27653"},{"taxonomy":"product_tag","embeddable":true,"href":"https:\/\/serviclean.be\/de\/wp-json\/wp\/v2\/product_tag?post=27653"}],"curies":[{"name":"wp","href":"https:\/\/api.w.org\/{rel}","templated":true}]}}