{"id":27647,"date":"2025-05-01T16:55:46","date_gmt":"2025-05-01T14:55:46","guid":{"rendered":"https:\/\/serviclean.be\/produit\/ariel-pods-allin-1-20st-444g\/"},"modified":"2025-05-01T16:55:46","modified_gmt":"2025-05-01T14:55:46","slug":"ariel-pods-allin-1-20st-444g","status":"publish","type":"product","link":"https:\/\/serviclean.be\/de\/produit\/ariel-pods-allin-1-20st-444g\/","title":{"rendered":"ARIEL PODS ALLIN 1-20ST\/444G"},"content":{"rendered":"<p>ARIEL PODS All-in-1 \u2013 20 Kapseln (444 g) ist ein hochleistungsf\u00e4higes Waschmittel in Dosierform, entwickelt f\u00fcr eine vollst\u00e4ndige Reinigung selbst bei niedrigen Temperaturen. Dank der exklusiven Multi-Kammer-Technologie setzt jede Kapsel ihre Reinigungsmittel zum optimalen Zeitpunkt des Waschgangs frei, um: <\/p>\n<ul>\n<li>Hartn\u00e4ckige Flecken zu l\u00f6sen<\/li>\n<li>Farben aufzufrischen<\/li>\n<li>Die Fasern der W\u00e4sche zu schonen<\/li>\n<li>Langanhaltende Frische zu hinterlassen<\/li>\n<\/ul>\n<p>Einfach anzuwenden und vordosiert zur Vermeidung von Verschwendung \u2013 diese Kapseln sind ideal f\u00fcr den t\u00e4glichen Gebrauch. Wirksam ab 30 \u00b0C, geeignet f\u00fcr wei\u00dfe und bunte W\u00e4sche. <\/p>\n","protected":false},"excerpt":{"rendered":"<p>20 Ariel All-in-1 Kapseln. Vordosierte Kapseln f\u00fcr saubere, strahlende und duftende W\u00e4sche. Optimale Wirksamkeit ab 30 \u00b0C.  <\/p>\n<p><strong><span style=\"color: #008000;\">Art.-Nr.: 0073<\/span><\/strong><\/p>\n","protected":false},"featured_media":20510,"template":"","meta":[],"product_brand":[],"product_cat":[602],"product_tag":[],"class_list":{"0":"post-27647","1":"product","2":"type-product","3":"status-publish","4":"has-post-thumbnail","6":"product_cat-waschmittel-und-weichspuler","8":"first","9":"instock","10":"taxable","11":"shipping-taxable","12":"purchasable","13":"product-type-simple"},"acf":[],"_links":{"self":[{"href":"https:\/\/serviclean.be\/de\/wp-json\/wp\/v2\/product\/27647","targetHints":{"allow":["GET"]}}],"collection":[{"href":"https:\/\/serviclean.be\/de\/wp-json\/wp\/v2\/product"}],"about":[{"href":"https:\/\/serviclean.be\/de\/wp-json\/wp\/v2\/types\/product"}],"wp:featuredmedia":[{"embeddable":true,"href":"https:\/\/serviclean.be\/de\/wp-json\/wp\/v2\/media\/20510"}],"wp:attachment":[{"href":"https:\/\/serviclean.be\/de\/wp-json\/wp\/v2\/media?parent=27647"}],"wp:term":[{"taxonomy":"product_brand","embeddable":true,"href":"https:\/\/serviclean.be\/de\/wp-json\/wp\/v2\/product_brand?post=27647"},{"taxonomy":"product_cat","embeddable":true,"href":"https:\/\/serviclean.be\/de\/wp-json\/wp\/v2\/product_cat?post=27647"},{"taxonomy":"product_tag","embeddable":true,"href":"https:\/\/serviclean.be\/de\/wp-json\/wp\/v2\/product_tag?post=27647"}],"curies":[{"name":"wp","href":"https:\/\/api.w.org\/{rel}","templated":true}]}}