{"id":27645,"date":"2025-05-01T16:21:04","date_gmt":"2025-05-01T14:21:04","guid":{"rendered":"https:\/\/serviclean.be\/produit\/zerox-one-shot-200-ml-edialux\/"},"modified":"2025-05-01T16:21:04","modified_gmt":"2025-05-01T14:21:04","slug":"zerox-one-shot-200-ml-edialux","status":"publish","type":"product","link":"https:\/\/serviclean.be\/de\/produit\/zerox-one-shot-200-ml-edialux\/","title":{"rendered":"ZEROX ONE SHOT 200 ml &#8211; EDIALUX"},"content":{"rendered":"<p>Gegen Fliegen, M\u00fccken, Wespen, Motten, Fl\u00f6he, Schaben, K\u00e4fer usw.<\/p>\n<p>Aerosol 200 ml, nicht 250 ml<\/p>\n<p><strong>Gebrauchsanweisung:<\/strong><br \/>\nDosis: 1 Aerosol \u00e0 200 ml ist ausreichend f\u00fcr einen Raum von 600 m\u00b3 gegen Fliegen, M\u00fccken, Motten und Wespen, f\u00fcr einen Raum von 300 m\u00b3 gegen Fl\u00f6he, K\u00e4fer und Silberfischchen und f\u00fcr einen Raum von 100 m\u00b3 gegen Schaben.<br \/>\nAnwendung: T\u00fcren und Fenster schlie\u00dfen. Das Aerosol in die Mitte des Raumes stellen und niemals in direkten Kontakt mit der Unterlage bringen (vorzugsweise auf ein 40 x 40 cm gro\u00dfes St\u00fcck Karton). Den Schutzring entfernen. Das Ventil vollst\u00e4ndig nach unten drehen, bis ein starker Nebel austritt. Den Raum verlassen und mindestens 4 Stunden lang gut verschlossen halten. Den Raum vor der Wiederbenutzung mindestens 1 Stunde lang sorgf\u00e4ltig l\u00fcften. Die Behandlung, das \u00d6ffnen und die Bel\u00fcftung des Raumes m\u00fcssen von ein und derselben Person durchgef\u00fchrt werden. Zerox\u00ae One Shot hat keine Langzeitwirkung. Bei Bedarf die Anwendung wiederholen.<br \/>\nHinweise: Bei der Behandlung kleinerer Volumina kann die Entleerung durch Drehen des Ventils nach oben gestoppt werden (fraktionierte Behandlung). Die vollst\u00e4ndige Entleerung eines 200-ml-Aerosols dauert etwa 2 Minuten; d.h. pro 30 Sek. k\u00f6nnen 150 m\u00b3 gegen fliegende Insekten, 75 m\u00b3 gegen Fl\u00f6he und 25 m\u00b3 gegen Schaben behandelt werden. Enth\u00e4lt Aceton. Vermeiden Sie, dass der Nebel mit synthetischen Materialien wie z.B. Computerbildschirmen, Plexiglas, CDs usw. in Kontakt kommt.<br \/>\nBiozide und Pflanzenschutzmittel vorsichtig verwenden. Vor Gebrauch stets Etikett und Produktinformationen lesen, auch die entsprechenden Gefahrenhinweise und -symbole.         <\/p>\n<p><strong>Aerosol<\/strong><br \/>\n<strong>Zusammensetzung<\/strong><br \/>\n0,3 % Pyrethrine, weitere gef\u00e4hrliche Stoffe: PBO<br \/>\n<strong>Dosis<\/strong><br \/>\n200 ml \/ 100 &#8211; 600 m\u00b3<\/p>\n<p><strong>Zulassungsnummer<\/strong><br \/>\nBelgien: BE-REG-00202<\/p>\n<p>&nbsp;<\/p>\n","protected":false},"excerpt":{"rendered":"<p>Zerox\u00ae One Shot ist ein Aerosol mit einem \u201eOne Shot\u201c-Ventil zur Bek\u00e4mpfung von fliegenden und kriechenden Insekten in Wohnungen, Arbeits- und Aufenthaltsr\u00e4umen, die w\u00e4hrend der Behandlung unbesetzt sind. <strong><span style=\"color: #008000;\">Art.-Nr.: 3063<\/span><\/strong><\/p>\n","protected":false},"featured_media":26693,"template":"","meta":[],"product_brand":[],"product_cat":[648],"product_tag":[],"class_list":{"0":"post-27645","1":"product","2":"type-product","3":"status-publish","4":"has-post-thumbnail","6":"product_cat-insektizide","8":"first","9":"instock","10":"taxable","11":"shipping-taxable","12":"purchasable","13":"product-type-simple"},"acf":[],"_links":{"self":[{"href":"https:\/\/serviclean.be\/de\/wp-json\/wp\/v2\/product\/27645","targetHints":{"allow":["GET"]}}],"collection":[{"href":"https:\/\/serviclean.be\/de\/wp-json\/wp\/v2\/product"}],"about":[{"href":"https:\/\/serviclean.be\/de\/wp-json\/wp\/v2\/types\/product"}],"wp:featuredmedia":[{"embeddable":true,"href":"https:\/\/serviclean.be\/de\/wp-json\/wp\/v2\/media\/26693"}],"wp:attachment":[{"href":"https:\/\/serviclean.be\/de\/wp-json\/wp\/v2\/media?parent=27645"}],"wp:term":[{"taxonomy":"product_brand","embeddable":true,"href":"https:\/\/serviclean.be\/de\/wp-json\/wp\/v2\/product_brand?post=27645"},{"taxonomy":"product_cat","embeddable":true,"href":"https:\/\/serviclean.be\/de\/wp-json\/wp\/v2\/product_cat?post=27645"},{"taxonomy":"product_tag","embeddable":true,"href":"https:\/\/serviclean.be\/de\/wp-json\/wp\/v2\/product_tag?post=27645"}],"curies":[{"name":"wp","href":"https:\/\/api.w.org\/{rel}","templated":true}]}}