{"id":27643,"date":"2025-05-01T17:23:15","date_gmt":"2025-05-01T15:23:15","guid":{"rendered":"https:\/\/serviclean.be\/produit\/ariel-pods-original-33-stk\/"},"modified":"2025-05-01T17:23:15","modified_gmt":"2025-05-01T15:23:15","slug":"ariel-pods-original-33-stk","status":"publish","type":"product","link":"https:\/\/serviclean.be\/de\/produit\/ariel-pods-original-33-stk\/","title":{"rendered":"ARIEL PODS ORIGINAL 33 Stk."},"content":{"rendered":"<p>ARIEL PODS Original \u2013 33 Kapseln ist ein All-in-1 Waschmittel in Pods, das f\u00fcr eine Tiefenreinigung selbst bei niedrigen Temperaturen entwickelt wurde. Dank seiner einzigartigen Mehrkammer-Technologie setzt jede Kapsel ihre Reinigungswirkstoffe zum richtigen Zeitpunkt w\u00e4hrend des Waschgangs frei, um hartn\u00e4ckige Flecken zu entfernen, die Leuchtkraft der W\u00e4sche wiederherzustellen und langanhaltende Frische zu bieten. <\/p>\n<p>Praktisch und vordosiert, vermeiden Ariel Pods jegliche Verschwendung und sorgen m\u00fchelos f\u00fcr ein makelloses Ergebnis. Geeignet f\u00fcr Wei\u00df- und Buntw\u00e4sche. <\/p>\n","protected":false},"excerpt":{"rendered":"<p>33 All-in-1 Waschmittel-Pods Ariel Original. Entfernt Flecken, belebt Farben und hinterl\u00e4sst langanhaltende Frische. <\/p>\n<p><strong><span style=\"color: #008000;\">Art.-Nr.: 0081<\/span><\/strong><\/p>\n","protected":false},"featured_media":20514,"template":"","meta":[],"product_brand":[],"product_cat":[602],"product_tag":[],"class_list":{"0":"post-27643","1":"product","2":"type-product","3":"status-publish","4":"has-post-thumbnail","6":"product_cat-waschmittel-und-weichspuler","8":"first","9":"instock","10":"taxable","11":"shipping-taxable","12":"purchasable","13":"product-type-simple"},"acf":[],"_links":{"self":[{"href":"https:\/\/serviclean.be\/de\/wp-json\/wp\/v2\/product\/27643","targetHints":{"allow":["GET"]}}],"collection":[{"href":"https:\/\/serviclean.be\/de\/wp-json\/wp\/v2\/product"}],"about":[{"href":"https:\/\/serviclean.be\/de\/wp-json\/wp\/v2\/types\/product"}],"wp:featuredmedia":[{"embeddable":true,"href":"https:\/\/serviclean.be\/de\/wp-json\/wp\/v2\/media\/20514"}],"wp:attachment":[{"href":"https:\/\/serviclean.be\/de\/wp-json\/wp\/v2\/media?parent=27643"}],"wp:term":[{"taxonomy":"product_brand","embeddable":true,"href":"https:\/\/serviclean.be\/de\/wp-json\/wp\/v2\/product_brand?post=27643"},{"taxonomy":"product_cat","embeddable":true,"href":"https:\/\/serviclean.be\/de\/wp-json\/wp\/v2\/product_cat?post=27643"},{"taxonomy":"product_tag","embeddable":true,"href":"https:\/\/serviclean.be\/de\/wp-json\/wp\/v2\/product_tag?post=27643"}],"curies":[{"name":"wp","href":"https:\/\/api.w.org\/{rel}","templated":true}]}}