{"id":27640,"date":"2025-05-01T16:29:25","date_gmt":"2025-05-01T14:29:25","guid":{"rendered":"https:\/\/serviclean.be\/produit\/lenor-waescheduftperlen-235-g\/"},"modified":"2025-05-01T16:29:25","modified_gmt":"2025-05-01T14:29:25","slug":"lenor-waescheduftperlen-235-g","status":"publish","type":"product","link":"https:\/\/serviclean.be\/de\/produit\/lenor-waescheduftperlen-235-g\/","title":{"rendered":"LENOR W\u00c4SCHEDUFTPERLEN 235 g"},"content":{"rendered":"<p>Lenor W\u00e4scheduftperlen \u2013 235 g ist ein intensiver W\u00e4scheduft, der vor dem Waschen direkt in die Trommel der Maschine gegeben wird. Dank seiner Technologie zur langanhaltenden Duftabgabe bietet er eine au\u00dfergew\u00f6hnliche Frische, die bis zu 12 Wochen anhalten kann (bei gelagerter Kleidung). <\/p>\n<p>Perfekt f\u00fcr alle Textilien, selbst die empfindlichsten: Lenor Duftperlen parf\u00fcmieren Ihre W\u00e4sche ohne zu weichzusp\u00fclen und sind damit mit allen Waschmitteln und allen Wascharten kompatibel \u2013 auch bei niedrigen Temperaturen.<\/p>\n<p>Hauptmerkmale:<\/p>\n<ul>\n<li>Intensiver, langanhaltender Duft bis zu 12 Wochen<\/li>\n<li>Direkt in die Trommel geben<\/li>\n<li>Kompatibel mit allen Textilien und Waschprogrammen<\/li>\n<li>Als Erg\u00e4nzung zu jedem Waschmittel oder Weichsp\u00fcler verwendbar<\/li>\n<\/ul>\n","protected":false},"excerpt":{"rendered":"<p>Lenor W\u00e4scheduftperlen 235 g. Langanhaltende Frische bis zu 12 Wochen. In die Trommel geben \u2013 f\u00fcr intensiv duftende W\u00e4sche.  <\/p>\n<p><strong><span style=\"color: #008000;\">Ref.: 0074<\/span><\/strong><\/p>\n","protected":false},"featured_media":20502,"template":"","meta":[],"product_brand":[],"product_cat":[602],"product_tag":[],"class_list":{"0":"post-27640","1":"product","2":"type-product","3":"status-publish","4":"has-post-thumbnail","6":"product_cat-waschmittel-und-weichspuler","8":"first","9":"instock","10":"taxable","11":"shipping-taxable","12":"purchasable","13":"product-type-simple"},"acf":[],"_links":{"self":[{"href":"https:\/\/serviclean.be\/de\/wp-json\/wp\/v2\/product\/27640","targetHints":{"allow":["GET"]}}],"collection":[{"href":"https:\/\/serviclean.be\/de\/wp-json\/wp\/v2\/product"}],"about":[{"href":"https:\/\/serviclean.be\/de\/wp-json\/wp\/v2\/types\/product"}],"wp:featuredmedia":[{"embeddable":true,"href":"https:\/\/serviclean.be\/de\/wp-json\/wp\/v2\/media\/20502"}],"wp:attachment":[{"href":"https:\/\/serviclean.be\/de\/wp-json\/wp\/v2\/media?parent=27640"}],"wp:term":[{"taxonomy":"product_brand","embeddable":true,"href":"https:\/\/serviclean.be\/de\/wp-json\/wp\/v2\/product_brand?post=27640"},{"taxonomy":"product_cat","embeddable":true,"href":"https:\/\/serviclean.be\/de\/wp-json\/wp\/v2\/product_cat?post=27640"},{"taxonomy":"product_tag","embeddable":true,"href":"https:\/\/serviclean.be\/de\/wp-json\/wp\/v2\/product_tag?post=27640"}],"curies":[{"name":"wp","href":"https:\/\/api.w.org\/{rel}","templated":true}]}}