{"id":27636,"date":"2025-05-01T16:39:56","date_gmt":"2025-05-01T14:39:56","guid":{"rendered":"https:\/\/serviclean.be\/produit\/dreft-pulver-15-waeschen\/"},"modified":"2025-05-01T16:39:56","modified_gmt":"2025-05-01T14:39:56","slug":"dreft-pulver-15-waeschen","status":"publish","type":"product","link":"https:\/\/serviclean.be\/de\/produit\/dreft-pulver-15-waeschen\/","title":{"rendered":"Dreft Pulver 15 W\u00e4schen"},"content":{"rendered":"<p>Dreft Pulver \u2013 15 W\u00e4schen ist ein Waschpulver, das speziell f\u00fcr eine tiefenreine und zugleich sanfte Reinigung entwickelt wurde, selbst bei niedrigen Temperaturen. Ideal f\u00fcr empfindliche Textilien, schont es Fasern und Farben und entfernt gleichzeitig effektiv allt\u00e4gliche Flecken. <\/p>\n<p>Dank der dermatologisch getesteten Formel ist Dreft ideal f\u00fcr empfindliche Haut geeignet, auch f\u00fcr Babyhaut. Es hinterl\u00e4sst die W\u00e4sche sauber, weich und angenehm duftend. <\/p>\n","protected":false},"excerpt":{"rendered":"<p>Dreft Waschpulver \u2013 15 W\u00e4schen. Sanft zu Fasern und empfindlicher Haut. Saubere, frische und gesch\u00fctzte W\u00e4sche bei jedem Waschgang.  <\/p>\n<p><strong><span style=\"color: #008000;\">Art.-Nr.: 0061<\/span><\/strong><\/p>\n","protected":false},"featured_media":20506,"template":"","meta":[],"product_brand":[],"product_cat":[602],"product_tag":[],"class_list":{"0":"post-27636","1":"product","2":"type-product","3":"status-publish","4":"has-post-thumbnail","6":"product_cat-waschmittel-und-weichspuler","8":"first","9":"instock","10":"taxable","11":"shipping-taxable","12":"purchasable","13":"product-type-simple"},"acf":[],"_links":{"self":[{"href":"https:\/\/serviclean.be\/de\/wp-json\/wp\/v2\/product\/27636","targetHints":{"allow":["GET"]}}],"collection":[{"href":"https:\/\/serviclean.be\/de\/wp-json\/wp\/v2\/product"}],"about":[{"href":"https:\/\/serviclean.be\/de\/wp-json\/wp\/v2\/types\/product"}],"wp:featuredmedia":[{"embeddable":true,"href":"https:\/\/serviclean.be\/de\/wp-json\/wp\/v2\/media\/20506"}],"wp:attachment":[{"href":"https:\/\/serviclean.be\/de\/wp-json\/wp\/v2\/media?parent=27636"}],"wp:term":[{"taxonomy":"product_brand","embeddable":true,"href":"https:\/\/serviclean.be\/de\/wp-json\/wp\/v2\/product_brand?post=27636"},{"taxonomy":"product_cat","embeddable":true,"href":"https:\/\/serviclean.be\/de\/wp-json\/wp\/v2\/product_cat?post=27636"},{"taxonomy":"product_tag","embeddable":true,"href":"https:\/\/serviclean.be\/de\/wp-json\/wp\/v2\/product_tag?post=27636"}],"curies":[{"name":"wp","href":"https:\/\/api.w.org\/{rel}","templated":true}]}}