{"id":27634,"date":"2025-05-01T17:44:39","date_gmt":"2025-05-01T15:44:39","guid":{"rendered":"https:\/\/serviclean.be\/produit\/eau-ecarlate-s-o-s-50-ml\/"},"modified":"2025-05-01T17:44:39","modified_gmt":"2025-05-01T15:44:39","slug":"eau-ecarlate-s-o-s-50-ml","status":"publish","type":"product","link":"https:\/\/serviclean.be\/de\/produit\/eau-ecarlate-s-o-s-50-ml\/","title":{"rendered":"EAU ECARLATE S.O.S 50 ML"},"content":{"rendered":"<p>Eau \u00c9carlate S.O.S \u2013 50 ml ist ein ultra-effektiver Express-Fleckentferner, der entwickelt wurde, um versehentliche Flecken auf allen Textilarten, selbst auf empfindlichsten, schnell zu entfernen. Dank seiner kraftvollen Formel wirkt er sofort ohne Vorw\u00e4sche und beseitigt die g\u00e4ngigsten Flecken: Fett, Make-up, Wein, Sauce, Tinte, Gras usw. <\/p>\n<p>Sein kompaktes und praktisches Format erm\u00f6glicht es, ihn \u00fcberallhin mitzunehmen, um Flecken sofort zu behandeln, ob zu Hause oder unterwegs. Schont Farben und Fasern. <\/p>\n","protected":false},"excerpt":{"rendered":"<p>Eau \u00c9carlate S.O.S 50 ml: Express-Fleckentferner f\u00fcr alle Textilien. Entfernt Flecken schnell ohne Vorw\u00e4sche. <\/p>\n<p><strong><span style=\"color: #008000;\">Art.-Nr.: 0072<\/span><\/strong><\/p>\n","protected":false},"featured_media":20521,"template":"","meta":[],"product_brand":[],"product_cat":[602,650],"product_tag":[],"class_list":{"0":"post-27634","1":"product","2":"type-product","3":"status-publish","4":"has-post-thumbnail","6":"product_cat-waschmittel-und-weichspuler","7":"product_cat-fleckenentferner","9":"first","10":"instock","11":"taxable","12":"shipping-taxable","13":"purchasable","14":"product-type-simple"},"acf":[],"_links":{"self":[{"href":"https:\/\/serviclean.be\/de\/wp-json\/wp\/v2\/product\/27634","targetHints":{"allow":["GET"]}}],"collection":[{"href":"https:\/\/serviclean.be\/de\/wp-json\/wp\/v2\/product"}],"about":[{"href":"https:\/\/serviclean.be\/de\/wp-json\/wp\/v2\/types\/product"}],"wp:featuredmedia":[{"embeddable":true,"href":"https:\/\/serviclean.be\/de\/wp-json\/wp\/v2\/media\/20521"}],"wp:attachment":[{"href":"https:\/\/serviclean.be\/de\/wp-json\/wp\/v2\/media?parent=27634"}],"wp:term":[{"taxonomy":"product_brand","embeddable":true,"href":"https:\/\/serviclean.be\/de\/wp-json\/wp\/v2\/product_brand?post=27634"},{"taxonomy":"product_cat","embeddable":true,"href":"https:\/\/serviclean.be\/de\/wp-json\/wp\/v2\/product_cat?post=27634"},{"taxonomy":"product_tag","embeddable":true,"href":"https:\/\/serviclean.be\/de\/wp-json\/wp\/v2\/product_tag?post=27634"}],"curies":[{"name":"wp","href":"https:\/\/api.w.org\/{rel}","templated":true}]}}