{"id":27632,"date":"2025-05-01T16:44:42","date_gmt":"2025-05-01T14:44:42","guid":{"rendered":"https:\/\/serviclean.be\/produit\/ariel-pods-color-lenor-26-stk\/"},"modified":"2025-05-01T16:44:42","modified_gmt":"2025-05-01T14:44:42","slug":"ariel-pods-color-lenor-26-stk","status":"publish","type":"product","link":"https:\/\/serviclean.be\/de\/produit\/ariel-pods-color-lenor-26-stk\/","title":{"rendered":"ARIEL PODS COLOR + LENOR 26 STK"},"content":{"rendered":"<p>ARIEL PODS Color + Lenor \u2013 26 Kapseln ist ein All-in-1-Waschmittel, das speziell entwickelt wurde, um die Farbbrillanz zu erhalten und dank Lenor eine au\u00dfergew\u00f6hnliche Frische zu bieten. Jede Kapsel enth\u00e4lt mehrere Kammern, die ihre Wirkstoffe zum richtigen Zeitpunkt des Waschzyklus freisetzen, f\u00fcr ein optimales Ergebnis. <\/p>\n<ul>\n<li>Entfernt hartn\u00e4ckige Flecken<\/li>\n<li>Sch\u00fctzt die Farben<\/li>\n<li>Langanhaltender Duft von Lenor<\/li>\n<li>Wirksam ab 30\u00b0C<\/li>\n<li>Vordosierte Kapseln, keine Verschwendung<\/li>\n<\/ul>\n<p>Ideal f\u00fcr Buntw\u00e4sche. Diese Pods garantieren bei jeder W\u00e4sche perfekt saubere, strahlende, weiche und angenehm duftende W\u00e4sche.<\/p>\n","protected":false},"excerpt":{"rendered":"<p>26 Ariel Pods Color + Lenor Kapseln. Effektive Reinigung, Farbschutz und langanhaltender Duft. Perfekt f\u00fcr Buntw\u00e4sche.  <\/p>\n<p><strong><span style=\"color: #008000;\">Art.-Nr.: 0067<\/span><\/strong><\/p>\n","protected":false},"featured_media":20508,"template":"","meta":[],"product_brand":[],"product_cat":[602],"product_tag":[],"class_list":{"0":"post-27632","1":"product","2":"type-product","3":"status-publish","4":"has-post-thumbnail","6":"product_cat-waschmittel-und-weichspuler","8":"first","9":"instock","10":"taxable","11":"shipping-taxable","12":"purchasable","13":"product-type-simple"},"acf":[],"_links":{"self":[{"href":"https:\/\/serviclean.be\/de\/wp-json\/wp\/v2\/product\/27632","targetHints":{"allow":["GET"]}}],"collection":[{"href":"https:\/\/serviclean.be\/de\/wp-json\/wp\/v2\/product"}],"about":[{"href":"https:\/\/serviclean.be\/de\/wp-json\/wp\/v2\/types\/product"}],"wp:featuredmedia":[{"embeddable":true,"href":"https:\/\/serviclean.be\/de\/wp-json\/wp\/v2\/media\/20508"}],"wp:attachment":[{"href":"https:\/\/serviclean.be\/de\/wp-json\/wp\/v2\/media?parent=27632"}],"wp:term":[{"taxonomy":"product_brand","embeddable":true,"href":"https:\/\/serviclean.be\/de\/wp-json\/wp\/v2\/product_brand?post=27632"},{"taxonomy":"product_cat","embeddable":true,"href":"https:\/\/serviclean.be\/de\/wp-json\/wp\/v2\/product_cat?post=27632"},{"taxonomy":"product_tag","embeddable":true,"href":"https:\/\/serviclean.be\/de\/wp-json\/wp\/v2\/product_tag?post=27632"}],"curies":[{"name":"wp","href":"https:\/\/api.w.org\/{rel}","templated":true}]}}