{"id":27611,"date":"2021-05-10T19:50:44","date_gmt":"2021-05-10T17:50:44","guid":{"rendered":"https:\/\/serviclean.be\/produit\/reinigungswagen-green-150-ohne-presse-ohne-deckel\/"},"modified":"2021-05-10T19:50:44","modified_gmt":"2021-05-10T17:50:44","slug":"reinigungswagen-green-150-ohne-presse-ohne-deckel","status":"publish","type":"product","link":"https:\/\/serviclean.be\/de\/produit\/reinigungswagen-green-150-ohne-presse-ohne-deckel\/","title":{"rendered":"Reinigungswagen GREEN 150 &#8211; OHNE PRESSE OHNE DECKEL"},"content":{"rendered":"<p>Der Reinigungswagen GREEN 150 ist f\u00fcr eine optimale Nutzung konzipiert, dank seiner 100 mm R\u00e4der, die eine einfache Handhabung garantieren. Dieses Modell zeichnet sich durch das Fehlen von Sack, Deckel und Presse aus, was es besonders f\u00fcr Umgebungen geeignet macht, die eine einfache Bedienung erfordern. Seine robuste und funktionale Struktur macht ihn zur idealen Wahl f\u00fcr alle, die eine zuverl\u00e4ssige und effiziente Ausr\u00fcstung suchen. Der Reinigungswagen GREEN 150 erf\u00fcllt die Anforderungen von Profis und bietet gleichzeitig eine hohe Nutzungsflexibilit\u00e4t.   <\/p>\n","protected":false},"excerpt":{"rendered":"<p>Der Reinigungswagen Green 150 ist ein modularer und rostfreier Multifunktionswagen mit ansprechendem Design und Farben, empfohlen f\u00fcr die Reinigung mittelgro\u00dfer oder gro\u00dfer Bereiche. Er ist mit zwei 12-Liter-Eimern in verschiedenen Farben ausgestattet. Die beiden Kunststoffbecken werden direkt auf die Rahmen gesetzt.  <\/p>\n<p><span style=\"color: #008000;\"><strong>REF: 5478<\/strong><\/span><\/p>\n","protected":false},"featured_media":27615,"template":"","meta":[],"product_brand":[],"product_cat":[606],"product_tag":[],"class_list":{"0":"post-27611","1":"product","2":"type-product","3":"status-publish","4":"has-post-thumbnail","6":"product_cat-reinigungswagen-staubsauger","8":"first","9":"instock","10":"taxable","11":"shipping-taxable","12":"purchasable","13":"product-type-simple"},"acf":[],"_links":{"self":[{"href":"https:\/\/serviclean.be\/de\/wp-json\/wp\/v2\/product\/27611","targetHints":{"allow":["GET"]}}],"collection":[{"href":"https:\/\/serviclean.be\/de\/wp-json\/wp\/v2\/product"}],"about":[{"href":"https:\/\/serviclean.be\/de\/wp-json\/wp\/v2\/types\/product"}],"wp:featuredmedia":[{"embeddable":true,"href":"https:\/\/serviclean.be\/de\/wp-json\/wp\/v2\/media\/27615"}],"wp:attachment":[{"href":"https:\/\/serviclean.be\/de\/wp-json\/wp\/v2\/media?parent=27611"}],"wp:term":[{"taxonomy":"product_brand","embeddable":true,"href":"https:\/\/serviclean.be\/de\/wp-json\/wp\/v2\/product_brand?post=27611"},{"taxonomy":"product_cat","embeddable":true,"href":"https:\/\/serviclean.be\/de\/wp-json\/wp\/v2\/product_cat?post=27611"},{"taxonomy":"product_tag","embeddable":true,"href":"https:\/\/serviclean.be\/de\/wp-json\/wp\/v2\/product_tag?post=27611"}],"curies":[{"name":"wp","href":"https:\/\/api.w.org\/{rel}","templated":true}]}}