{"id":27610,"date":"2018-09-04T23:55:37","date_gmt":"2018-09-04T21:55:37","guid":{"rendered":"https:\/\/serviclean.be\/produit\/eimer-12-l-schwarz-professionell\/"},"modified":"2018-09-04T23:55:37","modified_gmt":"2018-09-04T21:55:37","slug":"eimer-12-l-schwarz-professionell","status":"publish","type":"product","link":"https:\/\/serviclean.be\/de\/produit\/eimer-12-l-schwarz-professionell\/","title":{"rendered":"Eimer 12 L Schwarz \u2013 Professionell"},"content":{"rendered":"<p>Runder Baueimer aus Kunststoff (12 L) mit Metallhenkel. Robust und funktional, ideal f\u00fcr professionelle Umgebungen geeignet. Seine neutrale Farbe ist ideal f\u00fcr vielseitigen Einsatz oder f\u00fcr spezifische Bereiche gem\u00e4\u00df Farbcode. Komfortabler Griff und praktischer Ausgie\u00dfer.   <\/p>\n","protected":false},"excerpt":{"rendered":"<p>Runder Baueimer aus Kunststoff (12 L) mit Metallhenkel. Robust und funktional, ideal f\u00fcr professionelle Umgebungen geeignet. Seine neutrale Farbe ist ideal f\u00fcr vielseitigen Einsatz oder f\u00fcr spezifische Bereiche gem\u00e4\u00df Farbcode. Komfortabler Griff und praktischer Ausgie\u00dfer.   <\/p>\n<p><span style=\"color: #008000;\"><strong>Art.-Nr.: 5741<\/strong><\/span><\/p>\n","protected":false},"featured_media":27612,"template":"","meta":[],"product_brand":[],"product_cat":[591,653],"product_tag":[],"class_list":{"0":"post-27610","1":"product","2":"type-product","3":"status-publish","4":"has-post-thumbnail","6":"product_cat-material-zubehor","7":"product_cat-eimer","9":"first","10":"instock","11":"taxable","12":"shipping-taxable","13":"purchasable","14":"product-type-simple"},"acf":[],"_links":{"self":[{"href":"https:\/\/serviclean.be\/de\/wp-json\/wp\/v2\/product\/27610","targetHints":{"allow":["GET"]}}],"collection":[{"href":"https:\/\/serviclean.be\/de\/wp-json\/wp\/v2\/product"}],"about":[{"href":"https:\/\/serviclean.be\/de\/wp-json\/wp\/v2\/types\/product"}],"wp:featuredmedia":[{"embeddable":true,"href":"https:\/\/serviclean.be\/de\/wp-json\/wp\/v2\/media\/27612"}],"wp:attachment":[{"href":"https:\/\/serviclean.be\/de\/wp-json\/wp\/v2\/media?parent=27610"}],"wp:term":[{"taxonomy":"product_brand","embeddable":true,"href":"https:\/\/serviclean.be\/de\/wp-json\/wp\/v2\/product_brand?post=27610"},{"taxonomy":"product_cat","embeddable":true,"href":"https:\/\/serviclean.be\/de\/wp-json\/wp\/v2\/product_cat?post=27610"},{"taxonomy":"product_tag","embeddable":true,"href":"https:\/\/serviclean.be\/de\/wp-json\/wp\/v2\/product_tag?post=27610"}],"curies":[{"name":"wp","href":"https:\/\/api.w.org\/{rel}","templated":true}]}}