{"id":27588,"date":"2021-05-19T21:04:20","date_gmt":"2021-05-19T19:04:20","guid":{"rendered":"https:\/\/serviclean.be\/produit\/linpol-green-natuerliche-oekologische-bodenseife-5-l-10-l\/"},"modified":"2021-05-19T21:04:20","modified_gmt":"2021-05-19T19:04:20","slug":"linpol-green-natuerliche-oekologische-bodenseife-5-l-10-l","status":"publish","type":"product","link":"https:\/\/serviclean.be\/de\/produit\/linpol-green-natuerliche-oekologische-bodenseife-5-l-10-l\/","title":{"rendered":"Linpol Green \u2013 Nat\u00fcrliche \u00f6kologische Bodenseife 5 L &amp; 10 L"},"content":{"rendered":"<p>Linpol Green ist eine \u00f6kologische und nat\u00fcrliche Schutzseife, die f\u00fcr die t\u00e4gliche Reinigung und Pflege Ihrer B\u00f6den entwickelt wurde. Die umweltfreundliche Formel sorgt f\u00fcr eine effiziente Pflege und hinterl\u00e4sst gleichzeitig eine feine Schutzschicht, die die Oberfl\u00e4chen pflegt, zum Gl\u00e4nzen bringt und deren Lebensdauer verl\u00e4ngert. <\/p>\n<p>Ideal f\u00fcr den professionellen Einsatz in Schulen, B\u00fcros, Gesch\u00e4ften, \u00f6ffentlichen Einrichtungen oder R\u00e4umen mit Publikumsverkehr kombiniert Linpol Green Leistung, Sicherheit und Umweltschutz.<br \/>\nErh\u00e4ltlich in 5-L- und 10-L-Kanistern, passt es sich perfekt den Bed\u00fcrfnissen von Einrichtungen an, die ein wirtschaftliches, nachhaltiges und \u00f6kologisches Produkt f\u00fcr die regelm\u00e4\u00dfige Bodenpflege suchen.<\/p>\n<p><strong>Technische Daten:<\/strong><\/p>\n<ul>\n<li>Produktname: Linpol Green \u2013 Nat\u00fcrliche Schutzseife<\/li>\n<li>Verf\u00fcgbare Formate: 5 L und 10 L<\/li>\n<li>Typ: Professionelle Bodenseife<\/li>\n<\/ul>\n<p><strong>Eigenschaften:<\/strong><\/p>\n<ul>\n<li>Reinigt B\u00f6den effektiv<\/li>\n<li>Hinterl\u00e4sst eine Schutzschicht<\/li>\n<li>Pflegt und bewahrt die Oberfl\u00e4che<\/li>\n<li>Verleiht neuen Glanz und Brillanz<\/li>\n<li>Verl\u00e4ngert die Lebensdauer der B\u00f6den<\/li>\n<li>Einsatzbereiche: Schulen und \u00f6ffentliche Einrichtungen, B\u00fcros und \u00f6ffentliche R\u00e4ume, Gesch\u00e4fte und hochfrequentierte Orte<\/li>\n<\/ul>\n<p><strong>Vorteile:<\/strong><\/p>\n<ul>\n<li>Umweltfreundliche Formel<\/li>\n<li>Wirtschaftliche und nachhaltige Anwendung<\/li>\n<li>Geeignet f\u00fcr die regelm\u00e4\u00dfige Pflege<\/li>\n<\/ul>\n<p><strong>Gebrauchsanweisung:<\/strong><\/p>\n<ul>\n<li>Verd\u00fcnnen Sie Linpol Green je nach Verschmutzungsgrad in lauwarmem Wasser (empfohlene Dosierung: 50 bis 100 ml auf 5 L Wasser).<\/li>\n<li>Tragen Sie die L\u00f6sung mit einem Mopp, Besen oder einer Scheuersaugmaschine auf.<\/li>\n<li>Reinigen Sie die B\u00f6den regelm\u00e4\u00dfig, um ihren Glanz zu erhalten.<\/li>\n<li>Nicht absp\u00fclen, damit die Schutzschicht einwirken kann.<\/li>\n<\/ul>\n","protected":false},"excerpt":{"rendered":"<p>\u00d6kologische Bodenseife 5 L &amp; 10 L. Reinigt, sch\u00fctzt und pflegt, w\u00e4hrend sie die Lebensdauer der Oberfl\u00e4chen verl\u00e4ngert. Ideal f\u00fcr Schulen, B\u00fcros und Gesch\u00e4fte. Nat\u00fcrliche \u00f6kologische Seife.   <\/p>\n<p><span style=\"color: #008000;\"><strong>Ref: 10 L &#8211; 11718, 5 L &#8211; 1663<\/strong><\/span><\/p>\n","protected":false},"featured_media":27595,"template":"","meta":[],"product_brand":[],"product_cat":[578,579,644],"product_tag":[],"class_list":{"0":"post-27588","1":"product","2":"type-product","3":"status-publish","4":"has-post-thumbnail","6":"product_cat-pflegeprodukte","7":"product_cat-bodenreinigung","8":"product_cat-umweltzeichen-produkte","10":"first","11":"instock","12":"taxable","13":"shipping-taxable","14":"purchasable","15":"product-type-variable"},"acf":[],"_links":{"self":[{"href":"https:\/\/serviclean.be\/de\/wp-json\/wp\/v2\/product\/27588","targetHints":{"allow":["GET"]}}],"collection":[{"href":"https:\/\/serviclean.be\/de\/wp-json\/wp\/v2\/product"}],"about":[{"href":"https:\/\/serviclean.be\/de\/wp-json\/wp\/v2\/types\/product"}],"wp:featuredmedia":[{"embeddable":true,"href":"https:\/\/serviclean.be\/de\/wp-json\/wp\/v2\/media\/27595"}],"wp:attachment":[{"href":"https:\/\/serviclean.be\/de\/wp-json\/wp\/v2\/media?parent=27588"}],"wp:term":[{"taxonomy":"product_brand","embeddable":true,"href":"https:\/\/serviclean.be\/de\/wp-json\/wp\/v2\/product_brand?post=27588"},{"taxonomy":"product_cat","embeddable":true,"href":"https:\/\/serviclean.be\/de\/wp-json\/wp\/v2\/product_cat?post=27588"},{"taxonomy":"product_tag","embeddable":true,"href":"https:\/\/serviclean.be\/de\/wp-json\/wp\/v2\/product_tag?post=27588"}],"curies":[{"name":"wp","href":"https:\/\/api.w.org\/{rel}","templated":true}]}}